{"id":13351,"date":"2020-03-18T13:08:23","date_gmt":"2020-03-18T11:08:23","guid":{"rendered":"https:\/\/www.andbank.com\/andorra\/informacion-covid-19\/"},"modified":"2021-02-02T16:44:01","modified_gmt":"2021-02-02T14:44:01","slug":"informacio-covid-19","status":"publish","type":"page","link":"https:\/\/www.andbank.com\/andorra\/ca\/informacio-covid-19\/","title":{"rendered":"Informaci\u00f3 sobre la Covid-19"},"content":{"rendered":"<h2>Informaci\u00f3 sobre la Covid-19<\/h2>\n<p>&nbsp;<\/p>\n<p><strong>Seguim les recomanacions del Govern d\u2019Andorra com a prevenci\u00f3 per evitar la propagaci\u00f3 del COVID-19. En aquest apartat adjuntem informaci\u00f3 b\u00e0sica sobre les mesures adoptades per Andbank i per l\u2019associaci\u00f3 de bancs del Principat, aix\u00ed com informaci\u00f3 del desenvolupament del virus i recomanacions diverses<\/strong><\/p>\n<ul>\n<li><a href=\"https:\/\/www.salut.ad\/temes-de-salut\/coronavirus\" target=\"_blank\" rel=\"noopener\">Informaci\u00f3 b\u00e0sica i mesures preventives<\/a><\/li>\n<li><a href=\"https:\/\/www.andbank.com\/andorra\/wp-content\/uploads\/sites\/10\/2020\/03\/Recomanacions-per-a-casa.pdf\" target=\"_blank\" rel=\"noopener\">Iniciatives i activitats per fer a casa<\/a><\/li>\n<li><a href=\"https:\/\/www.andbank.com\/ca\/reflection\/notes-marc-2020\/\" target=\"_blank\" rel=\"noopener\">Alex Fust\u00e9 &#8211; Flash Note COVID-19<\/a><\/li>\n<li>Preguntes freq\u00fcents sobre el COVID-19 <a href=\"https:\/\/www.govern.ad\/preguntes-coronavirus\" target=\"_blank\" rel=\"noopener\">https:\/\/www.govern.ad\/preguntes-coronavirus<\/a><\/li>\n<li><a href=\"https:\/\/www.andbank.com\/andorra\/wp-content\/uploads\/sites\/10\/2020\/03\/consellsciberseguretat.pdf\" target=\"_blank\" rel=\"noopener\">Consells de ciberseguretat<\/a><\/li>\n<li><a href=\"https:\/\/www.govern.ad\/mesures-economiques-laborals-i-socials\/empreses-i-autonoms-sol-licita-el-teu-credit-tou\">Empreses i aut\u00f2noms: sol\u00b7liciti el seu cr\u00e8dit tou<\/a><\/li>\n<li><a href=\"https:\/\/www.andbank.com\/andorra\/wp-content\/uploads\/sites\/10\/2020\/04\/DEU-MINUTS_Joaquim-Brustenga.pdf\" target=\"_blank\" rel=\"noopener\">Deu minuts de Joaquim Brustenga<\/a><\/li>\n<li><a href=\"https:\/\/www.andbank.com\/andorra\/wp-content\/uploads\/sites\/10\/2020\/04\/Escacs-de-mort_Marcel-Fite.pdf\" target=\"_blank\" rel=\"noopener\">Escacs de mort de Marcel Fit\u00e9<\/a><\/li>\n<\/ul>\n<p>&nbsp;<\/p>\n<p><strong>Tel\u00e8fons de contacte<\/strong><\/p>\n<div class=\"fund_type\">\n<div class=\"clearfix\"><\/div>\n<h3><\/h3>\n<div class=\"clearfix\"><\/div>\n<table class=\"funds_table\">\n<thead>\n<tr>\n<th style=\"vertical-align: middle;text-align: center\" rowspan=\"2\">SERVEI<\/th>\n<th style=\"vertical-align: middle;text-align: center\" rowspan=\"2\">TEL\u00c8FON<\/th>\n<th style=\"vertical-align: middle;text-align: center\" rowspan=\"2\">CORREU ELECTR\u00d2NIC<\/th>\n<\/tr>\n<\/thead>\n<tbody>\n<tr>\n<td class=\"text-center\">CITA PR\u00c8VIA PROVA COVID<\/td>\n<td class=\"text-center\">+376 821 955<\/td>\n<td class=\"text-center\">&#8211;<\/td>\n<\/tr>\n<tr>\n<td class=\"text-center\">CONSULTES M\u00c8DIQUES<\/td>\n<td class=\"text-center\">116<\/td>\n<td class=\"text-center\">&#8211;<\/td>\n<\/tr>\n<tr>\n<td class=\"text-center\">TR\u00c0MITS GOVERN<\/td>\n<td class=\"text-center\">150<\/td>\n<td class=\"text-center\"><a href=\"mailto:info@governandorra.ad\" target=\"_blank\" rel=\"noopener\">info@governandorra.ad<\/a><\/td>\n<\/tr>\n<tr>\n<td class=\"text-center\">V\u00cdCTIMES VIOL\u00c8NCIA DE G\u00c8NERE<\/td>\n<td class=\"text-center\">181<\/td>\n<td class=\"text-center\">+376 606 181 (WhatsApp)<\/td>\n<\/tr>\n<tr>\n<td class=\"text-center\">SMS DONACIONS (2 EUROS)<\/td>\n<td class=\"text-center\">828<\/td>\n<td class=\"text-center\">&#8211;<\/td>\n<\/tr>\n<tr>\n<td class=\"text-center\">PSICOLOGIA<\/td>\n<td class=\"text-center\">+376 809 031<\/td>\n<td class=\"text-center\"><a href=\"mailto:copsia@copsia.ad\">copsia@copsia.ad<\/a><\/td>\n<\/tr>\n<\/tbody>\n<\/table>\n<\/div>\n<p>&nbsp;<\/p>\n<p><strong>Compte per donacions:<\/strong><\/p>\n<p>El Govern ha acordat amb l\u2019associaci\u00f3 de bancs andorrans, Andorran Banking, posar a disposici\u00f3 de la ciutadania un n\u00famero de compte a cada entitat del pa\u00eds per rebre donacions destinades a pal\u00b7liar la situaci\u00f3 creada per la COVID-19 al Principat.<\/p>\n<p><strong>A Andbank s\u2019ha habilitat el seg\u00fcent:<\/strong><\/p>\n<ul>\n<li><em>AD22 0001 0000 4147 0480 0100<\/em><\/li>\n<\/ul>\n<p>Refer\u00e8ncia: \u201c<em>GOVERN D\u2019ANDORRA\u00ad_SARS-Cov-2<\/em>\u201d<\/p>\n","protected":false},"excerpt":{"rendered":"<p>Informaci\u00f3 sobre la Covid-19 &nbsp; Seguim les recomanacions del Govern d\u2019Andorra com a prevenci\u00f3 per evitar la propagaci\u00f3 del COVID-19. En aquest apartat adjuntem informaci\u00f3 b\u00e0sica sobre les mesures adoptades per Andbank i per l\u2019associaci\u00f3 de bancs del Principat, aix\u00ed com informaci\u00f3 del desenvolupament del virus i recomanacions diverses Informaci\u00f3 b\u00e0sica i mesures preventives Iniciatives [&hellip;]<\/p>\n","protected":false},"author":28,"featured_media":13316,"parent":0,"menu_order":0,"comment_status":"closed","ping_status":"closed","template":"","meta":{"_acf_changed":false,"footnotes":""},"yst_prominent_words":[6539,3431,107,6519,6436,408,1960,6435,6516,6514,737,6349,6518,6517,6437,143,2459,6434],"class_list":["post-13351","page","type-page","status-publish","has-post-thumbnail","hentry"],"acf":[],"_links":{"self":[{"href":"https:\/\/www.andbank.com\/andorra\/ca\/wp-json\/wp\/v2\/pages\/13351"}],"collection":[{"href":"https:\/\/www.andbank.com\/andorra\/ca\/wp-json\/wp\/v2\/pages"}],"about":[{"href":"https:\/\/www.andbank.com\/andorra\/ca\/wp-json\/wp\/v2\/types\/page"}],"author":[{"embeddable":true,"href":"https:\/\/www.andbank.com\/andorra\/ca\/wp-json\/wp\/v2\/users\/28"}],"replies":[{"embeddable":true,"href":"https:\/\/www.andbank.com\/andorra\/ca\/wp-json\/wp\/v2\/comments?post=13351"}],"version-history":[{"count":0,"href":"https:\/\/www.andbank.com\/andorra\/ca\/wp-json\/wp\/v2\/pages\/13351\/revisions"}],"wp:featuredmedia":[{"embeddable":true,"href":"https:\/\/www.andbank.com\/andorra\/ca\/wp-json\/wp\/v2\/media\/13316"}],"wp:attachment":[{"href":"https:\/\/www.andbank.com\/andorra\/ca\/wp-json\/wp\/v2\/media?parent=13351"}],"wp:term":[{"taxonomy":"yst_prominent_words","embeddable":true,"href":"https:\/\/www.andbank.com\/andorra\/ca\/wp-json\/wp\/v2\/yst_prominent_words?post=13351"}],"curies":[{"name":"wp","href":"https:\/\/api.w.org\/{rel}","templated":true}]}}