{"id":17004,"date":"2020-10-29T10:43:23","date_gmt":"2020-10-29T08:43:23","guid":{"rendered":"https:\/\/www.andbank.com\/andorra\/empreses\/cobraments-i-pagaments\/paygold\/"},"modified":"2020-10-29T11:03:28","modified_gmt":"2020-10-29T09:03:28","slug":"paygold","status":"publish","type":"page","link":"https:\/\/www.andbank.com\/andorra\/ca\/empreses\/cobraments-i-pagaments\/paygold\/","title":{"rendered":"PAYGOLD"},"content":{"rendered":"<h2>\u00c9s un comer\u00e7 o aut\u00f2nom i ha de vendre online?<\/h2>\n<p>&nbsp;<\/p>\n<p>Des d\u2019Andbank us volem facilitar la transacci\u00f3 amb el seus clients amb PayGold, un servei associat al TPV Virtual que us permetr\u00e0 iniciar el proc\u00e9s de compra enviant una sol\u00b7licitud de cobrament.<\/p>\n<p>Amb PayGold podreu cobrar f\u00e0cilment als seus clients amb la m\u00e0xima seguretat i rapidesa.<\/p>\n<p>&nbsp;<\/p>\n<h2>Quin \u00e9s el seu funcionament?<\/h2>\n<p>&nbsp;<\/p>\n<ul>\n<li>Els clients us fan la comanda per qualsevol via\u00a0(tel\u00e8fon, e-mail, p\u00e0gina web).<\/li>\n<li>Us informen del tel\u00e8fon m\u00f2bil o e-mail per fer el pagament.<\/li>\n<li>El seu comer\u00e7 envia un SMS o e-mail (personalitzable) amb un enlla\u00e7 que permet accedir i completar el pagament.<\/li>\n<li>Els seus clients realitzen el pagament a trav\u00e9s de l\u2019enlla\u00e7 introduint les dades de la seva targeta.<\/li>\n<li>Rebeu la confirmaci\u00f3 del pagament i ja pot servir la comanda.<\/li>\n<\/ul>\n<p>&nbsp;<\/p>\n<p>&nbsp;<\/p>\n<p>PayGold \u00e9s f\u00e0cil, segur, i amb tota la flexibilitat pels seus clients. Perqu\u00e8 a Andbank, li fem f\u00e0cil.<\/p>\n<p>Si encara no ho t\u00e9 activat, demana-ho al gestor.<\/p>\n","protected":false},"excerpt":{"rendered":"<p>\u00c9s un comer\u00e7 o aut\u00f2nom i ha de vendre online? &nbsp; Des d\u2019Andbank us volem facilitar la transacci\u00f3 amb el seus clients amb PayGold, un servei associat al TPV Virtual que us permetr\u00e0 iniciar el proc\u00e9s de compra enviant una sol\u00b7licitud de cobrament. Amb PayGold podreu cobrar f\u00e0cilment als seus clients amb la m\u00e0xima seguretat [&hellip;]<\/p>\n","protected":false},"author":28,"featured_media":1675,"parent":2000,"menu_order":0,"comment_status":"closed","ping_status":"closed","template":"template-detail.php","meta":{"_acf_changed":false,"footnotes":""},"yst_prominent_words":[148,7275,2922,7274,7280,7278,7277,157,144,7285,1955,7268,143,3033,7276,4515,7273,7283,389],"class_list":["post-17004","page","type-page","status-publish","has-post-thumbnail","hentry"],"acf":[],"_links":{"self":[{"href":"https:\/\/www.andbank.com\/andorra\/ca\/wp-json\/wp\/v2\/pages\/17004"}],"collection":[{"href":"https:\/\/www.andbank.com\/andorra\/ca\/wp-json\/wp\/v2\/pages"}],"about":[{"href":"https:\/\/www.andbank.com\/andorra\/ca\/wp-json\/wp\/v2\/types\/page"}],"author":[{"embeddable":true,"href":"https:\/\/www.andbank.com\/andorra\/ca\/wp-json\/wp\/v2\/users\/28"}],"replies":[{"embeddable":true,"href":"https:\/\/www.andbank.com\/andorra\/ca\/wp-json\/wp\/v2\/comments?post=17004"}],"version-history":[{"count":0,"href":"https:\/\/www.andbank.com\/andorra\/ca\/wp-json\/wp\/v2\/pages\/17004\/revisions"}],"up":[{"embeddable":true,"href":"https:\/\/www.andbank.com\/andorra\/ca\/wp-json\/wp\/v2\/pages\/2000"}],"wp:featuredmedia":[{"embeddable":true,"href":"https:\/\/www.andbank.com\/andorra\/ca\/wp-json\/wp\/v2\/media\/1675"}],"wp:attachment":[{"href":"https:\/\/www.andbank.com\/andorra\/ca\/wp-json\/wp\/v2\/media?parent=17004"}],"wp:term":[{"taxonomy":"yst_prominent_words","embeddable":true,"href":"https:\/\/www.andbank.com\/andorra\/ca\/wp-json\/wp\/v2\/yst_prominent_words?post=17004"}],"curies":[{"name":"wp","href":"https:\/\/api.w.org\/{rel}","templated":true}]}}