{"id":1985,"date":"2017-04-19T17:03:28","date_gmt":"2017-04-19T15:03:28","guid":{"rendered":"https:\/\/www.andbank.com\/andorra\/particulars\/comptes-i-targetes\/targetes\/targetes-de-credit\/"},"modified":"2019-09-26T16:56:16","modified_gmt":"2019-09-26T14:56:16","slug":"targetes-de-credit","status":"publish","type":"page","link":"https:\/\/www.andbank.com\/andorra\/ca\/particulars\/comptes-i-targetes\/targetes\/targetes-de-credit\/","title":{"rendered":"Targetes de cr\u00e8dit"},"content":{"rendered":"","protected":false},"excerpt":{"rendered":"<p>Amb les targetes d&#8217;Andbank obtindreu descomptes en les despeses habituals en viatges o estades fora d&#8217;Andorra, o en el pagament de compres i serveis. Tamb\u00e9 us permetr\u00e0 disposar d&#8217;efectiu de la manera m\u00e9s c\u00f2moda i segura.<\/p>\n","protected":false},"author":1,"featured_media":22110,"parent":1982,"menu_order":113,"comment_status":"closed","ping_status":"closed","template":"template-distributor.php","meta":{"_acf_changed":false,"footnotes":""},"yst_prominent_words":[],"class_list":["post-1985","page","type-page","status-publish","has-post-thumbnail","hentry"],"acf":[],"_links":{"self":[{"href":"https:\/\/www.andbank.com\/andorra\/ca\/wp-json\/wp\/v2\/pages\/1985"}],"collection":[{"href":"https:\/\/www.andbank.com\/andorra\/ca\/wp-json\/wp\/v2\/pages"}],"about":[{"href":"https:\/\/www.andbank.com\/andorra\/ca\/wp-json\/wp\/v2\/types\/page"}],"author":[{"embeddable":true,"href":"https:\/\/www.andbank.com\/andorra\/ca\/wp-json\/wp\/v2\/users\/1"}],"replies":[{"embeddable":true,"href":"https:\/\/www.andbank.com\/andorra\/ca\/wp-json\/wp\/v2\/comments?post=1985"}],"version-history":[{"count":0,"href":"https:\/\/www.andbank.com\/andorra\/ca\/wp-json\/wp\/v2\/pages\/1985\/revisions"}],"up":[{"embeddable":true,"href":"https:\/\/www.andbank.com\/andorra\/ca\/wp-json\/wp\/v2\/pages\/1982"}],"wp:featuredmedia":[{"embeddable":true,"href":"https:\/\/www.andbank.com\/andorra\/ca\/wp-json\/wp\/v2\/media\/22110"}],"wp:attachment":[{"href":"https:\/\/www.andbank.com\/andorra\/ca\/wp-json\/wp\/v2\/media?parent=1985"}],"wp:term":[{"taxonomy":"yst_prominent_words","embeddable":true,"href":"https:\/\/www.andbank.com\/andorra\/ca\/wp-json\/wp\/v2\/yst_prominent_words?post=1985"}],"curies":[{"name":"wp","href":"https:\/\/api.w.org\/{rel}","templated":true}]}}