{"id":1988,"date":"2017-04-19T17:13:01","date_gmt":"2017-04-19T15:13:01","guid":{"rendered":"https:\/\/www.andbank.com\/andorra\/particulars\/estalvi-i-inversio\/pla-destalvi\/"},"modified":"2023-06-21T19:54:19","modified_gmt":"2023-06-21T17:54:19","slug":"pla-destalvi","status":"publish","type":"page","link":"https:\/\/www.andbank.com\/andorra\/ca\/particulars\/estalvi-i-inversio\/pla-destalvi\/","title":{"rendered":"Pla d\u2019estalvi"},"content":{"rendered":"<ul>\n<li>El pla d\u2019estalvi est\u00e0 pensat especialment amb l\u2019objectiu de crear un complement a la pensi\u00f3 de jubilaci\u00f3 i\/o de recolzar-hi qualsevol altre projecte de previsi\u00f3 particular.<\/li>\n<li>El Pla Estalvi Garantit d\u2019Andbank s\u2019ha concebut com una de les f\u00f3rmules per complementar la pensi\u00f3 p\u00fablica per jubilaci\u00f3, o b\u00e9 com el mitj\u00e0 per donar suport a un projecte personal del vostre futur o el dels vostres fills.<\/li>\n<\/ul>\n<p><strong>En podeu decidir l\u2019import de les aportacions i la periodicitat.<\/strong><\/p>\n<p>&nbsp;<\/p>\n<p>Si voleu m\u00e9s informaci\u00f3 podeu consultar amb el vostre gestor o trucar al tel\u00e8fon <strong>+376 873 300<\/strong> i respondrem a totes les vostres preguntes.<\/p>\n","protected":false},"excerpt":{"rendered":"<p>Pla de Futur \u00e9s un pla d&#8217;estalvi flexible a l&#8217;abast de totes les butxaques.<\/p>\n","protected":false},"author":18,"featured_media":1657,"parent":1987,"menu_order":101,"comment_status":"closed","ping_status":"closed","template":"template-detail.php","meta":{"_acf_changed":false,"footnotes":""},"yst_prominent_words":[148,408,390,3239,143,407,3242,2335,388,3241],"class_list":["post-1988","page","type-page","status-publish","has-post-thumbnail","hentry"],"acf":[],"_links":{"self":[{"href":"https:\/\/www.andbank.com\/andorra\/ca\/wp-json\/wp\/v2\/pages\/1988"}],"collection":[{"href":"https:\/\/www.andbank.com\/andorra\/ca\/wp-json\/wp\/v2\/pages"}],"about":[{"href":"https:\/\/www.andbank.com\/andorra\/ca\/wp-json\/wp\/v2\/types\/page"}],"author":[{"embeddable":true,"href":"https:\/\/www.andbank.com\/andorra\/ca\/wp-json\/wp\/v2\/users\/18"}],"replies":[{"embeddable":true,"href":"https:\/\/www.andbank.com\/andorra\/ca\/wp-json\/wp\/v2\/comments?post=1988"}],"version-history":[{"count":1,"href":"https:\/\/www.andbank.com\/andorra\/ca\/wp-json\/wp\/v2\/pages\/1988\/revisions"}],"predecessor-version":[{"id":25122,"href":"https:\/\/www.andbank.com\/andorra\/ca\/wp-json\/wp\/v2\/pages\/1988\/revisions\/25122"}],"up":[{"embeddable":true,"href":"https:\/\/www.andbank.com\/andorra\/ca\/wp-json\/wp\/v2\/pages\/1987"}],"wp:featuredmedia":[{"embeddable":true,"href":"https:\/\/www.andbank.com\/andorra\/ca\/wp-json\/wp\/v2\/media\/1657"}],"wp:attachment":[{"href":"https:\/\/www.andbank.com\/andorra\/ca\/wp-json\/wp\/v2\/media?parent=1988"}],"wp:term":[{"taxonomy":"yst_prominent_words","embeddable":true,"href":"https:\/\/www.andbank.com\/andorra\/ca\/wp-json\/wp\/v2\/yst_prominent_words?post=1988"}],"curies":[{"name":"wp","href":"https:\/\/api.w.org\/{rel}","templated":true}]}}