{"id":1990,"date":"2017-04-19T17:13:13","date_gmt":"2017-04-19T15:13:13","guid":{"rendered":"https:\/\/www.andbank.com\/andorra\/particulars\/estalvi-i-inversio\/plans-de-pensions\/"},"modified":"2022-09-26T18:24:01","modified_gmt":"2022-09-26T16:24:01","slug":"pla-de-pensions","status":"publish","type":"page","link":"https:\/\/www.andbank.com\/andorra\/ca\/particulars\/estalvi-i-inversio\/pla-de-pensions\/","title":{"rendered":"Plans de pensions"},"content":{"rendered":"<h2>Amb el nostre Pla de Pensions, el pas del temps mai us ser\u00e0 tan rendible<\/h2>\n<p>Andbank presenta el Pla de Pensions\u00a0com la millor alternativa d\u2019estalvi a llarg termini, al servei del petit estalviador.<\/p>\n<p>Posem a la vostra disposici\u00f3 la m\u00e0xima qualitat de gesti\u00f3 amb una excel\u00b7lent rendibilitat.<\/p>\n<p>ANDBANK Moderate Allocation, amb un 0,36 % de rendibilitat anualitzada a 3 anys.<\/p>\n<p>ANDBANK Balanced, amb un 4,80 % de rendibilitat anualitzada a 3 anys.<\/p>\n<p>Rendibilitats netes anualitzades (per\u00edode 29\/03\/2016 a 29\/03\/2019). Font: Andbank Asset Management Luxembourg.<\/p>\n<p>Si vol consultar m\u00e9s informaci\u00f3, <a href=\"https:\/\/www.andbank.com\/andorra\/wp-content\/uploads\/sites\/10\/2022\/09\/DIPTIC-PLA-PENSIONS-2022.pdf\" target=\"_blank\" rel=\"noopener\">cliqui aqu\u00ed<\/a><\/p>\n<h6>L\u2019entitat banc\u00e0ria encarregada de la gesti\u00f3 no garanteix de cap manera que es produeixin les prediccions ni els fets que cont\u00e9 aquest document, i adverteix que els rendiments obtinguts en el passat no impliquen rendiments futurs. Aquest document no es pot considerar, de cap manera, una oferta o proposta de compravenda dels productes que s\u2019hi puguin esmentar. Tota la informaci\u00f3 que hi figura \u00e9s indicativa i no es pot considerar l\u2019\u00fanic factor rellevant de decisi\u00f3 per fer una inversi\u00f3 determinada.En conseq\u00fc\u00e8ncia, l\u2019inversor \u00e9s responsable de buscar i obtenir l\u2019assessorament financer oport\u00fa amb l\u2019objecte de valorar els riscs, els costos i altres caracter\u00edstiques de les inversions que desitgi fer. L\u2019entitat banc\u00e0ria declina expressament qualsevol responsabilitat sobre l\u2019exactitud o la conveni\u00e8ncia de les avaluacions o estimacions dels models usats en les valoracions que cont\u00e9 aquest document aix\u00ed com sobre els possibles errors o les omissions en qu\u00e8 es pugui inc\u00f3rrer en l\u2019elaboraci\u00f3 d\u2019aquest. L\u2019entitat banc\u00e0ria es reserva el dret de modificar, en qualsevol moment, totalment o parcialment el contingut d\u2019aquest document.<br \/>\nAndbank \u00e9s una marca registrada per Andorra Banc Agr\u00edcol Reig, SA.<\/h6>\n","protected":false},"excerpt":{"rendered":"<p>Els nostres bons resultats d\u2019avui, la vostra tranquil\u00b7litat de dem\u00e0.<\/p>\n","protected":false},"author":18,"featured_media":11263,"parent":1987,"menu_order":126,"comment_status":"closed","ping_status":"closed","template":"template-detail.php","meta":{"_acf_changed":false,"footnotes":""},"yst_prominent_words":[4579,148,107,4577,4576,406,398,376,401,396,403,157,405,397,399,402,4573,4578,4575,4574],"class_list":["post-1990","page","type-page","status-publish","has-post-thumbnail","hentry"],"acf":[],"_links":{"self":[{"href":"https:\/\/www.andbank.com\/andorra\/ca\/wp-json\/wp\/v2\/pages\/1990"}],"collection":[{"href":"https:\/\/www.andbank.com\/andorra\/ca\/wp-json\/wp\/v2\/pages"}],"about":[{"href":"https:\/\/www.andbank.com\/andorra\/ca\/wp-json\/wp\/v2\/types\/page"}],"author":[{"embeddable":true,"href":"https:\/\/www.andbank.com\/andorra\/ca\/wp-json\/wp\/v2\/users\/18"}],"replies":[{"embeddable":true,"href":"https:\/\/www.andbank.com\/andorra\/ca\/wp-json\/wp\/v2\/comments?post=1990"}],"version-history":[{"count":2,"href":"https:\/\/www.andbank.com\/andorra\/ca\/wp-json\/wp\/v2\/pages\/1990\/revisions"}],"predecessor-version":[{"id":24564,"href":"https:\/\/www.andbank.com\/andorra\/ca\/wp-json\/wp\/v2\/pages\/1990\/revisions\/24564"}],"up":[{"embeddable":true,"href":"https:\/\/www.andbank.com\/andorra\/ca\/wp-json\/wp\/v2\/pages\/1987"}],"wp:featuredmedia":[{"embeddable":true,"href":"https:\/\/www.andbank.com\/andorra\/ca\/wp-json\/wp\/v2\/media\/11263"}],"wp:attachment":[{"href":"https:\/\/www.andbank.com\/andorra\/ca\/wp-json\/wp\/v2\/media?parent=1990"}],"wp:term":[{"taxonomy":"yst_prominent_words","embeddable":true,"href":"https:\/\/www.andbank.com\/andorra\/ca\/wp-json\/wp\/v2\/yst_prominent_words?post=1990"}],"curies":[{"name":"wp","href":"https:\/\/api.w.org\/{rel}","templated":true}]}}