{"id":1993,"date":"2017-04-19T17:46:42","date_gmt":"2017-04-19T15:46:42","guid":{"rendered":"https:\/\/www.andbank.com\/andorra\/particulars\/financament\/prestecs\/"},"modified":"2019-10-23T10:31:43","modified_gmt":"2019-10-23T08:31:43","slug":"prestecs","status":"publish","type":"page","link":"https:\/\/www.andbank.com\/andorra\/ca\/particulars\/financament\/prestecs\/","title":{"rendered":"Pr\u00e9stecs"},"content":{"rendered":"<p>En Andbank us volem ajudar a realitzar aquells projectes que faran realitat els vostres somnis. Per aix\u00f2, us oferim els pr\u00e9stecs m\u00e9s personalitzats i flexibles.<\/p>\n<p><strong>Digueu-nos quant voleu pagar cada mes i nosaltres trobarem la f\u00f3rmula que millor s&#8217;adapti a les vostres necessitats.<\/strong><\/p>\n","protected":false},"excerpt":{"rendered":"<p>Un somni, un projecte, un cotxe? En Andbank trobareu el pr\u00e9stec que millor s&#8217;adapta a la vostra situaci\u00f3.<\/p>\n","protected":false},"author":1,"featured_media":1696,"parent":1992,"menu_order":93,"comment_status":"closed","ping_status":"closed","template":"template-detail.php","meta":{"_acf_changed":false,"footnotes":""},"yst_prominent_words":[157,389,3241],"class_list":["post-1993","page","type-page","status-publish","has-post-thumbnail","hentry"],"acf":[],"_links":{"self":[{"href":"https:\/\/www.andbank.com\/andorra\/ca\/wp-json\/wp\/v2\/pages\/1993"}],"collection":[{"href":"https:\/\/www.andbank.com\/andorra\/ca\/wp-json\/wp\/v2\/pages"}],"about":[{"href":"https:\/\/www.andbank.com\/andorra\/ca\/wp-json\/wp\/v2\/types\/page"}],"author":[{"embeddable":true,"href":"https:\/\/www.andbank.com\/andorra\/ca\/wp-json\/wp\/v2\/users\/1"}],"replies":[{"embeddable":true,"href":"https:\/\/www.andbank.com\/andorra\/ca\/wp-json\/wp\/v2\/comments?post=1993"}],"version-history":[{"count":0,"href":"https:\/\/www.andbank.com\/andorra\/ca\/wp-json\/wp\/v2\/pages\/1993\/revisions"}],"up":[{"embeddable":true,"href":"https:\/\/www.andbank.com\/andorra\/ca\/wp-json\/wp\/v2\/pages\/1992"}],"wp:featuredmedia":[{"embeddable":true,"href":"https:\/\/www.andbank.com\/andorra\/ca\/wp-json\/wp\/v2\/media\/1696"}],"wp:attachment":[{"href":"https:\/\/www.andbank.com\/andorra\/ca\/wp-json\/wp\/v2\/media?parent=1993"}],"wp:term":[{"taxonomy":"yst_prominent_words","embeddable":true,"href":"https:\/\/www.andbank.com\/andorra\/ca\/wp-json\/wp\/v2\/yst_prominent_words?post=1993"}],"curies":[{"name":"wp","href":"https:\/\/api.w.org\/{rel}","templated":true}]}}