{"id":1995,"date":"2017-04-19T17:46:48","date_gmt":"2017-04-19T15:46:48","guid":{"rendered":"https:\/\/www.andbank.com\/andorra\/particulars\/financament\/hipoteques\/"},"modified":"2023-01-24T19:21:28","modified_gmt":"2023-01-24T17:21:28","slug":"hipoteques","status":"publish","type":"page","link":"https:\/\/www.andbank.com\/andorra\/ca\/particulars\/financament\/hipoteques\/","title":{"rendered":"Hipoteques"},"content":{"rendered":"<h2>Hi ha una casa perfecta per a vost\u00e8.<br \/>\nI una hipoteca Andbank a la seva mida.<\/h2>\n<p>&nbsp;<br \/>\nPer a m\u00e9s informaci\u00f3 consulteu al vostre gestor o a qualsevol de les nostres oficines.<br \/>\nTota operaci\u00f3 de finan\u00e7ament est\u00e0 subjecta a estudi per part d\u2019Andbank.<\/p>\n","protected":false},"excerpt":{"rendered":"<p>Andbank us ofereix la soluci\u00f3 que necessiteu per comprar el vostre habitatge.<\/p>\n","protected":false},"author":18,"featured_media":13416,"parent":1992,"menu_order":105,"comment_status":"closed","ping_status":"closed","template":"template-detail.php","meta":{"_acf_changed":false,"footnotes":""},"yst_prominent_words":[143],"class_list":["post-1995","page","type-page","status-publish","has-post-thumbnail","hentry"],"acf":[],"_links":{"self":[{"href":"https:\/\/www.andbank.com\/andorra\/ca\/wp-json\/wp\/v2\/pages\/1995"}],"collection":[{"href":"https:\/\/www.andbank.com\/andorra\/ca\/wp-json\/wp\/v2\/pages"}],"about":[{"href":"https:\/\/www.andbank.com\/andorra\/ca\/wp-json\/wp\/v2\/types\/page"}],"author":[{"embeddable":true,"href":"https:\/\/www.andbank.com\/andorra\/ca\/wp-json\/wp\/v2\/users\/18"}],"replies":[{"embeddable":true,"href":"https:\/\/www.andbank.com\/andorra\/ca\/wp-json\/wp\/v2\/comments?post=1995"}],"version-history":[{"count":1,"href":"https:\/\/www.andbank.com\/andorra\/ca\/wp-json\/wp\/v2\/pages\/1995\/revisions"}],"predecessor-version":[{"id":24818,"href":"https:\/\/www.andbank.com\/andorra\/ca\/wp-json\/wp\/v2\/pages\/1995\/revisions\/24818"}],"up":[{"embeddable":true,"href":"https:\/\/www.andbank.com\/andorra\/ca\/wp-json\/wp\/v2\/pages\/1992"}],"wp:featuredmedia":[{"embeddable":true,"href":"https:\/\/www.andbank.com\/andorra\/ca\/wp-json\/wp\/v2\/media\/13416"}],"wp:attachment":[{"href":"https:\/\/www.andbank.com\/andorra\/ca\/wp-json\/wp\/v2\/media?parent=1995"}],"wp:term":[{"taxonomy":"yst_prominent_words","embeddable":true,"href":"https:\/\/www.andbank.com\/andorra\/ca\/wp-json\/wp\/v2\/yst_prominent_words?post=1995"}],"curies":[{"name":"wp","href":"https:\/\/api.w.org\/{rel}","templated":true}]}}