{"id":2003,"date":"2017-04-19T17:54:43","date_gmt":"2017-04-19T15:54:43","guid":{"rendered":"https:\/\/www.andbank.com\/andorra\/empreses\/cobraments-i-pagaments\/confirma\/"},"modified":"2019-10-23T15:28:15","modified_gmt":"2019-10-23T13:28:15","slug":"confirma","status":"publish","type":"page","link":"https:\/\/www.andbank.com\/andorra\/ca\/empreses\/cobraments-i-pagaments\/confirma\/","title":{"rendered":"Confirma"},"content":{"rendered":"<p>Us oferim els millors avantatges per ajudar-vos en les vostres gestions:<\/p>\n<h2>M\u00e9s comoditat<\/h2>\n<ul>\n<li>Elimineu les tasques de gesti\u00f3, que es traspassen a Andbank.<\/li>\n<li>Tindreu informaci\u00f3 detallada de la vostra cartera confirmada i la part anticipada pels prove\u00efdors.<\/li>\n<\/ul>\n<h2>M\u00e9s facilitat<\/h2>\n<ul>\n<li>Podeu escollir com voleu pagar als vostres prove\u00efdors.<\/li>\n<li>Podreu realitzar el pagament a prove\u00efdors en bloc i rebre un \u00fanic c\u00e0rrec per venciment.<\/li>\n<\/ul>\n<h2>M\u00e9s seguretat<\/h2>\n<ul>\n<li>Oferiu als vostres prove\u00efdors total garantia de cobrament dels seus cr\u00e8dits.<\/li>\n<li>S\u2019eliminen les possibles incid\u00e8ncies en les domiciliacions de rebuts.<\/li>\n<li>Gaudireu d\u2019un control efectiu dels pagaments a prove\u00efdors.<\/li>\n<\/ul>\n<p><strong>Andbank us ofereix un conjunt de productes i serveis adaptat a l&#8217;operativa de l&#8217;empresa per facilitar les gestions de pagament de la manera m\u00e9s c\u00f2moda i efica\u00e7.<\/strong><\/p>\n<p><strong>Pagueu arreu del m\u00f3n amb la solidesa d\u2019un dels bancs m\u00e9s solvents a escala internacional.<\/strong><\/p>\n<ol>\n<li>Servei de gesti\u00f3 de cr\u00e8dits documentaris per a les transaccions internacionals.<\/li>\n<li>Assegurances de canvi i de tipus si feu operacions en diverses monedes.<\/li>\n<li>Fiances i avals en cobertura de qualsevol pagament.<\/li>\n<li>Xecs, pagar\u00e9s i efectes per a operacions a curt termini, transfer\u00e8ncies.<\/li>\n<li>Confirma, la gesti\u00f3 integral de pagaments d\u2019Andbank.<\/li>\n<\/ol>\n","protected":false},"excerpt":{"rendered":"<p>Confirma \u00e9s un servei financer i administratiu que incorpora tots els aspectes relatius a la gesti\u00f3 de pagaments i cobraments entre clients i prove\u00efdors, de manera que atorga un valor real afegit per a ambd\u00f3s.<\/p>\n","protected":false},"author":1,"featured_media":1744,"parent":2000,"menu_order":85,"comment_status":"closed","ping_status":"closed","template":"template-detail.php","meta":{"_acf_changed":false,"footnotes":""},"yst_prominent_words":[1865,5217,5216,107,5224,5226,393,162,5222,331,5228,1955,4885,143,5219,389,3241,5218],"class_list":["post-2003","page","type-page","status-publish","has-post-thumbnail","hentry"],"acf":[],"_links":{"self":[{"href":"https:\/\/www.andbank.com\/andorra\/ca\/wp-json\/wp\/v2\/pages\/2003"}],"collection":[{"href":"https:\/\/www.andbank.com\/andorra\/ca\/wp-json\/wp\/v2\/pages"}],"about":[{"href":"https:\/\/www.andbank.com\/andorra\/ca\/wp-json\/wp\/v2\/types\/page"}],"author":[{"embeddable":true,"href":"https:\/\/www.andbank.com\/andorra\/ca\/wp-json\/wp\/v2\/users\/1"}],"replies":[{"embeddable":true,"href":"https:\/\/www.andbank.com\/andorra\/ca\/wp-json\/wp\/v2\/comments?post=2003"}],"version-history":[{"count":0,"href":"https:\/\/www.andbank.com\/andorra\/ca\/wp-json\/wp\/v2\/pages\/2003\/revisions"}],"up":[{"embeddable":true,"href":"https:\/\/www.andbank.com\/andorra\/ca\/wp-json\/wp\/v2\/pages\/2000"}],"wp:featuredmedia":[{"embeddable":true,"href":"https:\/\/www.andbank.com\/andorra\/ca\/wp-json\/wp\/v2\/media\/1744"}],"wp:attachment":[{"href":"https:\/\/www.andbank.com\/andorra\/ca\/wp-json\/wp\/v2\/media?parent=2003"}],"wp:term":[{"taxonomy":"yst_prominent_words","embeddable":true,"href":"https:\/\/www.andbank.com\/andorra\/ca\/wp-json\/wp\/v2\/yst_prominent_words?post=2003"}],"curies":[{"name":"wp","href":"https:\/\/api.w.org\/{rel}","templated":true}]}}