{"id":2015,"date":"2017-04-20T10:58:19","date_gmt":"2017-04-20T08:58:19","guid":{"rendered":"https:\/\/www.andbank.com\/andorra\/banca-a-distancia\/e-andbank-empreses\/"},"modified":"2023-06-21T20:13:05","modified_gmt":"2023-06-21T18:13:05","slug":"e-andbank-empreses","status":"publish","type":"page","link":"https:\/\/www.andbank.com\/andorra\/ca\/sobre-nosaltres-2\/banca-a-distancia\/e-andbank-empreses\/","title":{"rendered":"e-andbank empreses"},"content":{"rendered":"<h2>La gesti\u00f3 de la vostra empresa a domicili<\/h2>\n<ol>\n<li>Fer transfer\u00e8ncies nacionals i internacionals de forma immediata, aix\u00ed com pagar n\u00f2mines i generar remeses de cartera electr\u00f2nica i rebuts.<\/li>\n<li>Per als comer\u00e7os, descarregar di\u00e0riament les operacions de targetes fetes per mitj\u00e0 dels TPV f\u00edsics o virtuals.<\/li>\n<li>Descarregar di\u00e0riament fitxers d\u2019extracte de comptes per integrar-los en els processos de conciliaci\u00f3 comptable.<\/li>\n<li>Determinar quin apoderat de l&#8217;empresa signa electr\u00f2nicament, amb la funcionalitat de la signatura electr\u00f2nica, per tal que els fitxers arribin al banc.<\/li>\n<li>Podreu fer els pagaments de cotitzacions a la CASS.<\/li>\n<li>Integrar Andbank Empreses en la vostra companyia \u00e9s molt senzill i no t\u00e9 cap cost.<\/li>\n<\/ol>\n<p>Per a obtenir m\u00e9s informaci\u00f3 podeu contactar amb nosaltres en qualsevol de les oficines d&#8217;Andbank, en Dial-andbank, +376 873 300 o b\u00e9 a trav\u00e9s de l&#8217;adre\u00e7a electr\u00f2nica comunicacio@andbank.com.<\/p>\n","protected":false},"excerpt":{"rendered":"<p>Andbank Empreses us permet tractar massivament les operacions banc\u00e0ries m\u00e9s habituals, de manera r\u00e0pida i segura:<\/p>\n","protected":false},"author":18,"featured_media":1792,"parent":2013,"menu_order":41,"comment_status":"closed","ping_status":"closed","template":"template-detail.php","meta":{"_acf_changed":false,"footnotes":""},"yst_prominent_words":[148,5543,5541,5544,5537,157,5542,5545,143,1888],"class_list":["post-2015","page","type-page","status-publish","has-post-thumbnail","hentry"],"acf":[],"_links":{"self":[{"href":"https:\/\/www.andbank.com\/andorra\/ca\/wp-json\/wp\/v2\/pages\/2015"}],"collection":[{"href":"https:\/\/www.andbank.com\/andorra\/ca\/wp-json\/wp\/v2\/pages"}],"about":[{"href":"https:\/\/www.andbank.com\/andorra\/ca\/wp-json\/wp\/v2\/types\/page"}],"author":[{"embeddable":true,"href":"https:\/\/www.andbank.com\/andorra\/ca\/wp-json\/wp\/v2\/users\/18"}],"replies":[{"embeddable":true,"href":"https:\/\/www.andbank.com\/andorra\/ca\/wp-json\/wp\/v2\/comments?post=2015"}],"version-history":[{"count":1,"href":"https:\/\/www.andbank.com\/andorra\/ca\/wp-json\/wp\/v2\/pages\/2015\/revisions"}],"predecessor-version":[{"id":25131,"href":"https:\/\/www.andbank.com\/andorra\/ca\/wp-json\/wp\/v2\/pages\/2015\/revisions\/25131"}],"up":[{"embeddable":true,"href":"https:\/\/www.andbank.com\/andorra\/ca\/wp-json\/wp\/v2\/pages\/2013"}],"wp:featuredmedia":[{"embeddable":true,"href":"https:\/\/www.andbank.com\/andorra\/ca\/wp-json\/wp\/v2\/media\/1792"}],"wp:attachment":[{"href":"https:\/\/www.andbank.com\/andorra\/ca\/wp-json\/wp\/v2\/media?parent=2015"}],"wp:term":[{"taxonomy":"yst_prominent_words","embeddable":true,"href":"https:\/\/www.andbank.com\/andorra\/ca\/wp-json\/wp\/v2\/yst_prominent_words?post=2015"}],"curies":[{"name":"wp","href":"https:\/\/api.w.org\/{rel}","templated":true}]}}