{"id":2037,"date":"2017-04-05T12:14:05","date_gmt":"2017-04-05T10:14:05","guid":{"rendered":"https:\/\/www.andbank.com\/andorra\/banca-privada\/els-nostres-serveis\/assessorament-global\/"},"modified":"2019-09-26T15:00:31","modified_gmt":"2019-09-26T13:00:31","slug":"assessorament-global","status":"publish","type":"page","link":"https:\/\/www.andbank.com\/andorra\/ca\/banca-privada\/els-nostres-serveis\/assessorament-global\/","title":{"rendered":"Assessorament global"},"content":{"rendered":"<p>Tota aquesta capacitat d&#8217;an\u00e0lisi, la posem a disposici\u00f3 dels clients que desitgin participar activament en la gesti\u00f3 del seu patrimoni. D&#8217;aquesta manera, el client pot accedir lliurement a l&#8217;opini\u00f3 dels nostres equips d&#8217;an\u00e0lisi, aix\u00ed com als documents que es van generant, i obt\u00e9, aix\u00ed, informaci\u00f3 actualitzada sobre mercats, an\u00e0lisi d&#8217;accions o guies d&#8217;inversi\u00f3, entre d&#8217;altres.<\/p>\n<p>A Andbank generem els recursos necessaris per guiar els vostres projectes d&#8217;inversi\u00f3 en els diferents sectors de l&#8217;economia, i tamb\u00e9 en planificaci\u00f3 financera, filantropia o art.<\/p>\n<h2><span style=\"color: #ff0000\"><span style=\"color: #d42e00\">Assessorament en filantropia<\/span><br \/>\n<\/span><\/h2>\n<p>Aquest servei est\u00e0 dissenyat per a aquells clients amb un alt grau de responsabilitat social, que volen diversificar les inversions cap a projectes o accions solid\u00e0ries.<\/p>\n<p><strong>Un equip global i independent d&#8217;inversors especialitzats us assessora perqu\u00e8 pugueu optar pel projecte amb qu\u00e8 m\u00e9s us identifiqueu des d&#8217;un punt de vista personal:<\/strong><\/p>\n<ol>\n<li>Creaci\u00f3 i gesti\u00f3 estrat\u00e8gica de fundacions<\/li>\n<li>Planificaci\u00f3 de donacions<\/li>\n<li>Incentivar l&#8217;her\u00e8ncia d&#8217;una cultura filantr\u00f2pica entre els membres d&#8217;una mateixa fam\u00edlia<\/li>\n<li>Inversi\u00f3 dels beneficis en suport d&#8217;una causa concreta<\/li>\n<li>Optimitzar les vostres aportacions en mat\u00e8ria fiscal<\/li>\n<\/ol>\n","protected":false},"excerpt":{"rendered":"<p>A Andbank tenim un equip d&#8217;assessors financers amb visi\u00f3 global, amb pres\u00e8ncia a tres continents i amb \u00e0mplia traject\u00f2ria en el mercat.<\/p>\n","protected":false},"author":1,"featured_media":1780,"parent":2027,"menu_order":239,"comment_status":"closed","ping_status":"closed","template":"template-detail.php","meta":{"_acf_changed":false,"footnotes":""},"yst_prominent_words":[],"class_list":["post-2037","page","type-page","status-publish","has-post-thumbnail","hentry"],"acf":[],"_links":{"self":[{"href":"https:\/\/www.andbank.com\/andorra\/ca\/wp-json\/wp\/v2\/pages\/2037"}],"collection":[{"href":"https:\/\/www.andbank.com\/andorra\/ca\/wp-json\/wp\/v2\/pages"}],"about":[{"href":"https:\/\/www.andbank.com\/andorra\/ca\/wp-json\/wp\/v2\/types\/page"}],"author":[{"embeddable":true,"href":"https:\/\/www.andbank.com\/andorra\/ca\/wp-json\/wp\/v2\/users\/1"}],"replies":[{"embeddable":true,"href":"https:\/\/www.andbank.com\/andorra\/ca\/wp-json\/wp\/v2\/comments?post=2037"}],"version-history":[{"count":0,"href":"https:\/\/www.andbank.com\/andorra\/ca\/wp-json\/wp\/v2\/pages\/2037\/revisions"}],"up":[{"embeddable":true,"href":"https:\/\/www.andbank.com\/andorra\/ca\/wp-json\/wp\/v2\/pages\/2027"}],"wp:featuredmedia":[{"embeddable":true,"href":"https:\/\/www.andbank.com\/andorra\/ca\/wp-json\/wp\/v2\/media\/1780"}],"wp:attachment":[{"href":"https:\/\/www.andbank.com\/andorra\/ca\/wp-json\/wp\/v2\/media?parent=2037"}],"wp:term":[{"taxonomy":"yst_prominent_words","embeddable":true,"href":"https:\/\/www.andbank.com\/andorra\/ca\/wp-json\/wp\/v2\/yst_prominent_words?post=2037"}],"curies":[{"name":"wp","href":"https:\/\/api.w.org\/{rel}","templated":true}]}}