{"id":2046,"date":"2017-04-11T13:01:52","date_gmt":"2017-04-11T11:01:52","guid":{"rendered":"https:\/\/www.andbank.com\/andorra\/banca-privada\/els-nostres-serveis\/instruments-dinversio\/"},"modified":"2019-09-26T15:14:51","modified_gmt":"2019-09-26T13:14:51","slug":"instruments-dinversio","status":"publish","type":"page","link":"https:\/\/www.andbank.com\/andorra\/ca\/banca-privada\/els-nostres-serveis\/instruments-dinversio\/","title":{"rendered":"Instruments d&#8217;inversi\u00f3"},"content":{"rendered":"<p>A Andbank oferim als nostres clients instruments d&#8217;inversi\u00f3 que s&#8217;adapten a les necessitats, mitjan\u00e7ant un model d&#8217;arquitectura oberta. L&#8217;assessorament financer independent \u00e9s una pe\u00e7a fonamental del nostre servei. Ens adaptem a les necessitats, prefer\u00e8ncies i estructura patrimonial dels clients, i proposem les millors recomanacions sense conflicte d&#8217;inter\u00e8s. Tenim per objectiu oferir un servei integral, global i flexible al client.<\/p>\n<p>&nbsp;<\/p>\n<h2>Fons d&#8217;inversi\u00f3<\/h2>\n<p>Andbank disposa d&#8217;un equip especialitzat en inversi\u00f3, que s&#8217;encarrega de seleccionar els millors fons per a cada client a nivell global. Oferim una \u00e0mplia gamma de fons d&#8217;inversi\u00f3, tant propis \u2014per mitj\u00e0 de la gestora Andbank Asset Management\u2014 com de les gestores internacionals m\u00e9s importants.<\/p>\n<p><a href=\"https:\/\/www.andbank.com\/andorra\/ca\/banca-privada\/els-nostres-serveis\/instruments-dinversio\/els-nostres-fons\/\">Aqu\u00ed podeu con\u00e8ixer els nostres <strong>fons<\/strong><\/a>.<\/p>\n<p>&nbsp;<\/p>\n<h2>SICAV<\/h2>\n<p>Les SICAV s\u00f3n instruments que permeten invertir en actius financers mitjan\u00e7ant una societat d&#8217;inversi\u00f3 col\u00b7lectiva de capital variable. A Andbank gestionem m\u00e9s de 70 SICAV.<\/p>\n<p><a href=\"https:\/\/www.andbank.com\/andorra\/ca\/banca-privada\/els-nostres-serveis\/instruments-dinversio\/els-nostres-fons\/\">Aqu\u00ed podeu con\u00e8ixer les nostres <strong>SICAV<\/strong><\/a>.<\/p>\n<p>&nbsp;<\/p>\n<h2>Coinversi\u00f3 en operacions exclusives<\/h2>\n<p>Andbank ofereix als seus clients la possibilitat de coinvertir en operacions exclusives. Aquesta pr\u00e0ctica permet als inversors compartir riscos i unir recursos a l&#8217;hora d&#8217;adquirir societats de major grand\u00e0ria. Reunim inversors provinents de diversos entorns: particulars, professionals, negocis familiars o empreses de capital privat<\/p>\n","protected":false},"excerpt":{"rendered":"<p>Som un banc de fam\u00edlies, fet que no nom\u00e9s ens aporta un avantatge competitiu clau sin\u00f3 que tamb\u00e9 fa pal\u00e8s que compartim interessos amb els nostres clients.<\/p>\n","protected":false},"author":1,"featured_media":4878,"parent":2027,"menu_order":264,"comment_status":"closed","ping_status":"closed","template":"template-detail.php","meta":{"_acf_changed":false,"footnotes":""},"yst_prominent_words":[1865,107,391,2922,2919,157,2920,2916,2910,2924,2927,2926,2925,336,2923,2918,143,2917,1956,2921],"class_list":["post-2046","page","type-page","status-publish","has-post-thumbnail","hentry"],"acf":[],"_links":{"self":[{"href":"https:\/\/www.andbank.com\/andorra\/ca\/wp-json\/wp\/v2\/pages\/2046"}],"collection":[{"href":"https:\/\/www.andbank.com\/andorra\/ca\/wp-json\/wp\/v2\/pages"}],"about":[{"href":"https:\/\/www.andbank.com\/andorra\/ca\/wp-json\/wp\/v2\/types\/page"}],"author":[{"embeddable":true,"href":"https:\/\/www.andbank.com\/andorra\/ca\/wp-json\/wp\/v2\/users\/1"}],"replies":[{"embeddable":true,"href":"https:\/\/www.andbank.com\/andorra\/ca\/wp-json\/wp\/v2\/comments?post=2046"}],"version-history":[{"count":0,"href":"https:\/\/www.andbank.com\/andorra\/ca\/wp-json\/wp\/v2\/pages\/2046\/revisions"}],"up":[{"embeddable":true,"href":"https:\/\/www.andbank.com\/andorra\/ca\/wp-json\/wp\/v2\/pages\/2027"}],"wp:featuredmedia":[{"embeddable":true,"href":"https:\/\/www.andbank.com\/andorra\/ca\/wp-json\/wp\/v2\/media\/4878"}],"wp:attachment":[{"href":"https:\/\/www.andbank.com\/andorra\/ca\/wp-json\/wp\/v2\/media?parent=2046"}],"wp:term":[{"taxonomy":"yst_prominent_words","embeddable":true,"href":"https:\/\/www.andbank.com\/andorra\/ca\/wp-json\/wp\/v2\/yst_prominent_words?post=2046"}],"curies":[{"name":"wp","href":"https:\/\/api.w.org\/{rel}","templated":true}]}}