{"id":2052,"date":"2017-08-03T16:27:54","date_gmt":"2017-08-03T14:27:54","guid":{"rendered":"https:\/\/www.andbank.com\/andorra\/asset-management\/els-nostres-productes-i-serveis\/"},"modified":"2017-09-18T11:07:13","modified_gmt":"2017-09-18T09:07:13","slug":"els-nostres-productes-i-serveis","status":"publish","type":"page","link":"https:\/\/www.andbank.com\/andorra\/ca\/asset-management\/els-nostres-productes-i-serveis\/","title":{"rendered":"Els nostres productes i serveis"},"content":{"rendered":"<p>A m\u00e9s, oferim les solucions m\u00e9s adequades per a cada inversor, ja que disposem de les millors eines de supervisi\u00f3 i gesti\u00f3 \u00e0gil i personalitzada.<\/p>\n<p>La nostra pr\u00f2pia opini\u00f3 del mercat i la definici\u00f3 de criteris objectius ens permeten gestionar el vostre patrimoni financer amb rigor, per <strong>obtenir els millors resultats d\u2019acord amb els vostres objectius<\/strong>.<\/p>\n","protected":false},"excerpt":{"rendered":"<p>Andbank Asset Management posa a la vostra disposici\u00f3 un equip d\u2019experts inversors amb \u00e0mplia experi\u00e8ncia. Des dels nostres centres gestors de tot el m\u00f3n treballem per oferir-vos una gesti\u00f3 de patrimoni global basada en el coneixement local de cada mercat.<\/p>\n","protected":false},"author":1,"featured_media":1480,"parent":2039,"menu_order":220,"comment_status":"closed","ping_status":"closed","template":"template-detail.php","meta":{"_acf_changed":false,"footnotes":""},"yst_prominent_words":[],"class_list":["post-2052","page","type-page","status-publish","has-post-thumbnail","hentry"],"acf":[],"_links":{"self":[{"href":"https:\/\/www.andbank.com\/andorra\/ca\/wp-json\/wp\/v2\/pages\/2052"}],"collection":[{"href":"https:\/\/www.andbank.com\/andorra\/ca\/wp-json\/wp\/v2\/pages"}],"about":[{"href":"https:\/\/www.andbank.com\/andorra\/ca\/wp-json\/wp\/v2\/types\/page"}],"author":[{"embeddable":true,"href":"https:\/\/www.andbank.com\/andorra\/ca\/wp-json\/wp\/v2\/users\/1"}],"replies":[{"embeddable":true,"href":"https:\/\/www.andbank.com\/andorra\/ca\/wp-json\/wp\/v2\/comments?post=2052"}],"version-history":[{"count":0,"href":"https:\/\/www.andbank.com\/andorra\/ca\/wp-json\/wp\/v2\/pages\/2052\/revisions"}],"up":[{"embeddable":true,"href":"https:\/\/www.andbank.com\/andorra\/ca\/wp-json\/wp\/v2\/pages\/2039"}],"wp:featuredmedia":[{"embeddable":true,"href":"https:\/\/www.andbank.com\/andorra\/ca\/wp-json\/wp\/v2\/media\/1480"}],"wp:attachment":[{"href":"https:\/\/www.andbank.com\/andorra\/ca\/wp-json\/wp\/v2\/media?parent=2052"}],"wp:term":[{"taxonomy":"yst_prominent_words","embeddable":true,"href":"https:\/\/www.andbank.com\/andorra\/ca\/wp-json\/wp\/v2\/yst_prominent_words?post=2052"}],"curies":[{"name":"wp","href":"https:\/\/api.w.org\/{rel}","templated":true}]}}