{"id":2058,"date":"2017-04-18T18:42:59","date_gmt":"2017-04-18T16:42:59","guid":{"rendered":"https:\/\/www.andbank.com\/andorra\/sobre-nosaltres\/estructura-de-govern\/"},"modified":"2024-12-02T00:05:52","modified_gmt":"2024-12-01T22:05:52","slug":"estructura-de-govern","status":"publish","type":"page","link":"https:\/\/www.andbank.com\/andorra\/ca\/sobre-nosaltres-2\/estructura-de-govern\/","title":{"rendered":"Estructura de govern"},"content":{"rendered":"<h2>Presid\u00e8ncia<\/h2>\n<table style=\"max-width: 1000px; width: 95%; cellpadding:20px\">\n<tbody>\n<tr>\n<td>\n        <img loading=\"lazy\" decoding=\"async\"\n          class=\"wp-image-956 alignleft\"\n          src=\"https:\/\/www.andbank.com\/wp-content\/uploads\/2017\/04\/Manuel-Cerqueda-Donadeu.png\"\n          alt=\"\"\n          width=\"150\"\n          height=\"150\"\n        \/>\n      <\/td>\n<td><\/td>\n<td style=\"width: 30%\">\n        <strong>Manel Cerqueda Donadeu<\/strong><br \/>\n        President<br \/>\n        <a\n          href=\"https:\/\/www.andbank.com\/wp-content\/uploads\/sites\/10\/2017\/09\/CA-CV-MANEL-CERQUEDA-WEB.pdf\"\n          target=\"_blank\"\n          rel=\"noopener noreferrer\"\n          >Curriculum Vitae<\/a\n        >\n      <\/td>\n<td><\/td>\n<td>\n        <img loading=\"lazy\" decoding=\"async\"\n          class=\"wp-image-17324 alignleft\"\n          src=\"https:\/\/www.andbank.com\/wp-content\/uploads\/2024\/11\/s_pallerola.png\"\n          alt=\"Sergi Pallerola Gene\"\n          width=\"150\"\n          height=\"150\"\n        \/>\n      <\/td>\n<td><\/td>\n<td style=\"width: 30%\">\n        <strong>Sergi Pallerola Gene<\/strong><br \/>\n        Vicepresident<br \/>\n        <a\n          href=\"https:\/\/www.andbank.com\/wp-content\/uploads\/2017\/04\/Sergi-Pallerola-Gene_CATL.pdf\"\n          target=\"_blank\"\n          rel=\"noopener noreferrer\"\n          >Curriculum Vitae<\/a\n        >\n      <\/td>\n<\/tr>\n<\/tbody>\n<\/table>\n<p>&nbsp;<\/p>\n<h2>Consell d&#8217;Administraci\u00f3<\/h2>\n<table style=\"max-width: 1000px; width: 95%\">\n<tbody>\n<tr>\n<td>\n        <img loading=\"lazy\" decoding=\"async\"\n          class=\"wp-image-3206 alignleft\"\n          src=\"https:\/\/www.andbank.com\/wp-content\/uploads\/2019\/11\/carmen_arrequeta.png\"\n          alt=\"\"\n          width=\"153\"\n          height=\"153\"\n        \/>\n      <\/td>\n<td><\/td>\n<td style=\"width: 30%\">\n        <strong>Carmen Aquerreta Ferraz<\/strong><br \/>\n        Consellera<br \/>\n        <a\n          href=\"https:\/\/www.andbank.com\/andorra\/wp-content\/uploads\/sites\/10\/2020\/05\/CV-CARMEN-AQUERRETA-CAT.pdf\"\n          target=\"_blank\"\n          rel=\"noopener noreferrer\"\n          >Curriculum Vitae<\/a\n        >\n      <\/td>\n<td>\n        <img loading=\"lazy\" decoding=\"async\"\n          class=\"wp-image-955 alignleft\"\n          src=\"https:\/\/www.andbank.com\/wp-content\/uploads\/2017\/04\/Manuel-Cerqueda-Diez.png\"\n          alt=\"\"\n          width=\"150\"\n          height=\"150\"\n        \/>\n      <\/td>\n<td><\/td>\n<td style=\"width: 30%\">\n        <strong>Manel Cerqueda Diez<\/strong><br \/>\n        Conseller<br \/>\n        <a\n          href=\"https:\/\/www.andbank.com\/wp-content\/uploads\/2021\/01\/CV-MANEL-CERQUEDA-DIEZ-WEB-OK-CAT.pdf\"\n          target=\"_blank\"\n          rel=\"noopener noreferrer\"\n          >Curriculum Vitae<\/a\n        >\n      <\/td>\n<\/tr>\n<tr>\n<td>\n        <img loading=\"lazy\" decoding=\"async\"\n          class=\"wp-image-17324 alignleft\"\n          src=\"https:\/\/www.andbank.com\/wp-content\/uploads\/2023\/11\/MCRibas.png\"\n          alt=\"Maria Creus Ribas\"\n          width=\"150\"\n          height=\"150\"\n        \/>\n      <\/td>\n<td><\/td>\n<td style=\"width: 30%\">\n        <strong>Maria Creus Ribas<\/strong><br \/>\n        Consellera<br \/>\n        <a\n          href=\"https:\/\/www.andbank.com\/wp-content\/uploads\/2023\/11\/CV-MARIA-CREUS-RIBAS-WEB-CAT.pdf\"\n          target=\"_blank\"\n          rel=\"noopener noreferrer\"\n          >Curriculum Vitae<\/a\n        >\n      <\/td>\n<td>\n        <img loading=\"lazy\" decoding=\"async\"\n          class=\"wp-image-955 alignleft\"\n          src=\"https:\/\/www.andbank.com\/wp-content\/uploads\/2018\/10\/gomez_acebo.png\"\n          alt=\"\"\n          width=\"150\"\n          height=\"150\"\n        \/>\n      <\/td>\n<td><\/td>\n<td style=\"width: 30%\">\n        <strong>Javier G\u00f3mez Acebo Saenz De Heredia<\/strong><br \/>\n        Conseller<br \/>\n        <a\n          href=\"https:\/\/www.andbank.com\/wp-content\/uploads\/2018\/10\/CV_GOMEZ-ACEBO_CAT.pdf\"\n          target=\"_blank\"\n          rel=\"noopener noreferrer\"\n          >Curriculum Vitae<\/a\n        >\n      <\/td>\n<\/tr>\n<tr>\n<td>\n        <img loading=\"lazy\" decoding=\"async\"\n          class=\"wp-image-3196 alignleft\"\n          src=\"https:\/\/www.andbank.com\/wp-content\/uploads\/sites\/10\/2017\/08\/Picture4.jpg\"\n          alt=\"\"\n          width=\"157\"\n          height=\"152\"\n        \/>\n      <\/td>\n<td><\/td>\n<td style=\"width: 30%\">\n        <strong>Jorge Maortua Ruiz-L\u00f3pez<\/strong><br \/>\n        Conseller<br \/>\n        <a\n          href=\"https:\/\/www.andbank.com\/wp-content\/uploads\/sites\/10\/2017\/09\/CA-CV-JORGE-MAORTUA-WEB.pdf\"\n          target=\"_blank\"\n          rel=\"noopener noreferrer\"\n          >Curriculum Vitae<\/a\n        >\n      <\/td>\n<td>\n        <img loading=\"lazy\" decoding=\"async\"\n          class=\"wp-image-17324 alignleft\"\n          src=\"https:\/\/www.andbank.com\/wp-content\/uploads\/2024\/11\/a_nebot.png\"\n          alt=\"Albert Ros\u00e9s Noguer\"\n          width=\"150\"\n          height=\"150\"\n        \/>\n      <\/td>\n<td><\/td>\n<td style=\"width: 30%\">\n        <strong>Alfonso Nebot Armisen<\/strong><br \/>\n        Conseller<br \/>\n        <a\n          href=\"https:\/\/www.andbank.com\/wp-content\/uploads\/2024\/11\/CV-ALFONSO-NEBOT_CAT.pdf\"\n          target=\"_blank\"\n          rel=\"noopener noreferrer\"\n          >Curriculum Vitae<\/a\n        >\n      <\/td>\n<\/tr>\n<tr>\n<td>\n        <img loading=\"lazy\" decoding=\"async\"\n          class=\"wp-image-17324 alignleft\"\n          src=\"https:\/\/www.andbank.com\/wp-content\/uploads\/2023\/11\/a-roses.jpg\"\n          alt=\"Albert Ros\u00e9s Noguer\"\n          width=\"150\"\n          height=\"150\"\n        \/>\n      <\/td>\n<td><\/td>\n<td style=\"width: 30%\">\n        <strong>Albert Ros\u00e9s Noguer<\/strong><br \/>\n        Conseller<br \/>\n        <a\n          href=\"https:\/\/www.andbank.com\/wp-content\/uploads\/2023\/11\/CV-ALBERT-ROSES-ESP.pdf\"\n          target=\"_blank\"\n          rel=\"noopener noreferrer\"\n          >Curriculum Vitae<\/a\n        >\n      <\/td>\n<td>\n        <img loading=\"lazy\" decoding=\"async\"\n          class=\"wp-image-957 alignleft\"\n          src=\"https:\/\/www.andbank.com\/andorra\/wp-content\/uploads\/sites\/10\/2021\/11\/JAUME-SERRA-1.png\"\n          alt=\"C\u00e9sar Valc\u00e1rcel\"\n          width=\"150\"\n          height=\"150\"\n        \/>\n      <\/td>\n<td><\/td>\n<td style=\"width: 30%\">\n        <strong>Jaume Serra Serra<\/strong><br \/>\n        Conseller<br \/>\n        <a\n          href=\"https:\/\/www.andbank.com\/andorra\/wp-content\/uploads\/sites\/10\/2021\/11\/CV-JAUME-SERRA-WEB-ESP.pdf\"\n          target=\"_blank\"\n          rel=\"noopener noreferrer\"\n          >Curriculum Vitae<\/a\n        >\n      <\/td>\n<\/tr>\n<tr>\n<td>\n        <img loading=\"lazy\" decoding=\"async\"\n          class=\"wp-image-3206 alignleft\"\n          src=\"https:\/\/www.andbank.com\/wp-content\/uploads\/2019\/11\/pablo_garcia.png\"\n          alt=\"\"\n          width=\"153\"\n          height=\"153\"\n        \/>\n      <\/td>\n<td><\/td>\n<td style=\"width: 30%\">\n        <strong>Pablo Garc\u00eda Monta\u00f1\u00e9s<\/strong><br \/>\n        Secretari no membre<br \/>\n        <a\n          href=\"https:\/\/www.andbank.com\/wp-content\/uploads\/2019\/11\/cv_pablo_garcia_esp.pdf\"\n          target=\"_blank\"\n          rel=\"noopener noreferrer\"\n          >Curriculum Vitae<\/a\n        >\n      <\/td>\n<td>&nbsp;<\/td>\n<td><\/td>\n<td style=\"width: 30%\">&nbsp;<\/td>\n<\/tr>\n<\/tbody>\n<\/table>\n<p>&nbsp;<\/p>\n<h2>Direcci\u00f3 General<\/h2>\n<table style=\"max-width: 1000px; width: 95%\">\n<tbody>\n<tr>\n<td>\n        <img loading=\"lazy\" decoding=\"async\"\n          class=\"wp-image-959 alignleft\"\n          src=\"https:\/\/www.andbank.com\/wp-content\/uploads\/2021\/07\/Carlos_Aso.png\"\n          alt=\"\"\n          width=\"150\"\n          height=\"150\"\n        \/>\n      <\/td>\n<td><\/td>\n<td style=\"width: 30%\">\n        <strong>Carlos Aso Miranda<\/strong><br \/>\n        Director General<br \/>\n        <a\n          href=\"https:\/\/www.andbank.com\/wp-content\/uploads\/2021\/07\/CV-CARLOS-ASO-ESP-1.pdf\"\n          target=\"_blank\"\n          rel=\"noopener noreferrer\"\n          >Curriculum Vitae<\/a\n        >\n      <\/td>\n<td><\/td>\n<td>\n        <img loading=\"lazy\" decoding=\"async\"\n          class=\"alignnone size-full wp-image-5588\"\n          src=\"https:\/\/www.andbank.com\/wp-content\/uploads\/2017\/12\/blanc.png\"\n          alt=\"\"\n          width=\"150\"\n          height=\"150\"\n        \/>\n      <\/td>\n<td><\/td>\n<td style=\"width: 30%\"><\/td>\n<\/tr>\n<\/tbody>\n<\/table>\n<p>&nbsp;<\/p>\n","protected":false},"excerpt":{"rendered":"<p>Obteniu m\u00e9s informaci\u00f3 sobre la nostra estructura organitzativa i les persones que formen part de l&#8217;equip d&#8217;Andbank.<\/p>\n","protected":false},"author":18,"featured_media":1558,"parent":2042,"menu_order":192,"comment_status":"closed","ping_status":"closed","template":"template-gerencia.php","meta":{"_acf_changed":false,"footnotes":""},"yst_prominent_words":[591,601,587,585,2899,529,597,586],"class_list":["post-2058","page","type-page","status-publish","has-post-thumbnail","hentry"],"acf":[],"_links":{"self":[{"href":"https:\/\/www.andbank.com\/andorra\/ca\/wp-json\/wp\/v2\/pages\/2058"}],"collection":[{"href":"https:\/\/www.andbank.com\/andorra\/ca\/wp-json\/wp\/v2\/pages"}],"about":[{"href":"https:\/\/www.andbank.com\/andorra\/ca\/wp-json\/wp\/v2\/types\/page"}],"author":[{"embeddable":true,"href":"https:\/\/www.andbank.com\/andorra\/ca\/wp-json\/wp\/v2\/users\/18"}],"replies":[{"embeddable":true,"href":"https:\/\/www.andbank.com\/andorra\/ca\/wp-json\/wp\/v2\/comments?post=2058"}],"version-history":[{"count":4,"href":"https:\/\/www.andbank.com\/andorra\/ca\/wp-json\/wp\/v2\/pages\/2058\/revisions"}],"predecessor-version":[{"id":26280,"href":"https:\/\/www.andbank.com\/andorra\/ca\/wp-json\/wp\/v2\/pages\/2058\/revisions\/26280"}],"up":[{"embeddable":true,"href":"https:\/\/www.andbank.com\/andorra\/ca\/wp-json\/wp\/v2\/pages\/2042"}],"wp:featuredmedia":[{"embeddable":true,"href":"https:\/\/www.andbank.com\/andorra\/ca\/wp-json\/wp\/v2\/media\/1558"}],"wp:attachment":[{"href":"https:\/\/www.andbank.com\/andorra\/ca\/wp-json\/wp\/v2\/media?parent=2058"}],"wp:term":[{"taxonomy":"yst_prominent_words","embeddable":true,"href":"https:\/\/www.andbank.com\/andorra\/ca\/wp-json\/wp\/v2\/yst_prominent_words?post=2058"}],"curies":[{"name":"wp","href":"https:\/\/api.w.org\/{rel}","templated":true}]}}