{"id":24155,"date":"2022-05-15T11:11:11","date_gmt":"2022-05-15T09:11:11","guid":{"rendered":"https:\/\/www.andbank.com\/andorra\/trabajar-andbank-politica-datos\/"},"modified":"2022-05-15T11:20:36","modified_gmt":"2022-05-15T09:20:36","slug":"treballar-andbank-politica-dades","status":"publish","type":"page","link":"https:\/\/www.andbank.com\/andorra\/ca\/treballar-andbank-politica-dades\/","title":{"rendered":"TREBALLAR A ANDBANK &#8211; Pol\u00edtica de dades"},"content":{"rendered":"<h2>Pol\u00edtica de dades<\/h2>\n<p>Les dades que introdueixi en aquesta p\u00e0gina web formaran part dels fitxers automatitzats existents a ANDORRA BANC AGR\u00cdCOL REIG, SA (d&#8217;ara endavant ANDBANK), on es conservaran amb car\u00e0cter confidencial durant un per\u00edode inicial de 5 anys, o un per\u00edode superior en el cas que existeixi la corresponent habilitaci\u00f3 legal, i seran tractats \u00fanicament per ANDBANK o a les seves entitats filials o sucursals com a possibles candidats per a llocs de treballat vacants en les entitats del grup, i a conseq\u00fc\u00e8ncia que el Grup ANDBANK \u00e9s un grup internacional , vost\u00e8 \u00e9s coneixedor i consent aquestes possibles transfer\u00e8ncies internacionals de dades.<\/p>\n<p>Vost\u00e8, d&#8217;acord amb la normativa vigent de Protecci\u00f3 de Dades Personals al Principat d&#8217;Andorra, tindr\u00e0 dret d&#8217;acc\u00e9s, rectificaci\u00f3, oposici\u00f3, limitaci\u00f3, portabilitat i supressi\u00f3 de les seves dades, segons el que disposa la pr\u00f2pia llei. Per a exercir aquests drets, vost\u00e8 haur\u00e0 de dirigir-se mitjan\u00e7ant correu electr\u00f2nic, dirigit a <a href=\"mailto:dpo@andbank.com\">dpo@andbank.com<\/a>, adjuntant documentaci\u00f3 identificativa, o mitjan\u00e7ant correu postal dirigit a C\/Manuel Cerqueda i Escaler, 6, AD700 Escaldes-Engordany, Andorra. Si volen con\u00e8ixer informaci\u00f3 detallada sobre el tractament de les seves dades, poden obtenir-la en la documentaci\u00f3 de Protecci\u00f3 de Dades Personals publicada en la p\u00e0gina web d\u2019ANDBANK.<\/p>\n","protected":false},"excerpt":{"rendered":"<p>Pol\u00edtica de dades Les dades que introdueixi en aquesta p\u00e0gina web formaran part dels fitxers automatitzats existents a ANDORRA BANC AGR\u00cdCOL REIG, SA (d&#8217;ara endavant ANDBANK), on es conservaran amb car\u00e0cter confidencial durant un per\u00edode inicial de 5 anys, o un per\u00edode superior en el cas que existeixi la corresponent habilitaci\u00f3 legal, i seran tractats [&hellip;]<\/p>\n","protected":false},"author":13,"featured_media":22241,"parent":0,"menu_order":0,"comment_status":"closed","ping_status":"closed","template":"","meta":{"_acf_changed":false,"footnotes":""},"yst_prominent_words":[],"class_list":["post-24155","page","type-page","status-publish","has-post-thumbnail","hentry"],"acf":[],"_links":{"self":[{"href":"https:\/\/www.andbank.com\/andorra\/ca\/wp-json\/wp\/v2\/pages\/24155"}],"collection":[{"href":"https:\/\/www.andbank.com\/andorra\/ca\/wp-json\/wp\/v2\/pages"}],"about":[{"href":"https:\/\/www.andbank.com\/andorra\/ca\/wp-json\/wp\/v2\/types\/page"}],"author":[{"embeddable":true,"href":"https:\/\/www.andbank.com\/andorra\/ca\/wp-json\/wp\/v2\/users\/13"}],"replies":[{"embeddable":true,"href":"https:\/\/www.andbank.com\/andorra\/ca\/wp-json\/wp\/v2\/comments?post=24155"}],"version-history":[{"count":4,"href":"https:\/\/www.andbank.com\/andorra\/ca\/wp-json\/wp\/v2\/pages\/24155\/revisions"}],"predecessor-version":[{"id":24162,"href":"https:\/\/www.andbank.com\/andorra\/ca\/wp-json\/wp\/v2\/pages\/24155\/revisions\/24162"}],"wp:featuredmedia":[{"embeddable":true,"href":"https:\/\/www.andbank.com\/andorra\/ca\/wp-json\/wp\/v2\/media\/22241"}],"wp:attachment":[{"href":"https:\/\/www.andbank.com\/andorra\/ca\/wp-json\/wp\/v2\/media?parent=24155"}],"wp:term":[{"taxonomy":"yst_prominent_words","embeddable":true,"href":"https:\/\/www.andbank.com\/andorra\/ca\/wp-json\/wp\/v2\/yst_prominent_words?post=24155"}],"curies":[{"name":"wp","href":"https:\/\/api.w.org\/{rel}","templated":true}]}}