{"id":26755,"date":"2025-03-30T11:23:27","date_gmt":"2025-03-30T09:23:27","guid":{"rendered":"https:\/\/www.andbank.com\/andorra\/particulars\/comptes-i-targetes\/targetes\/serveis-i-avantatges\/apple_pay\/"},"modified":"2025-08-12T16:06:05","modified_gmt":"2025-08-12T14:06:05","slug":"apple_pay","status":"publish","type":"page","link":"https:\/\/www.andbank.com\/andorra\/ca\/particulars\/comptes-i-targetes\/targetes\/serveis-i-avantatges\/apple_pay\/","title":{"rendered":"Apple Pay"},"content":{"rendered":"<h1 style=\"text-align: center;color: red\">La teva cartera digital f\u00e0cil i segura<\/h1>\n<p>&nbsp;<\/p>\n<table style=\"border-collapse: collapse\">\n<tbody>\n<tr>\n<th style=\"text-align: center\">Pagaments Contactless<\/th>\n<th style=\"text-align: center\">Compres segures<\/th>\n<th style=\"text-align: center\">Transaccions en temps real<\/th>\n<th style=\"text-align: center\">Protecci\u00f3 d&#8217;Apple<\/th>\n<\/tr>\n<tr>\n<td style=\"text-align: center;vertical-align: top;padding: 8px\">Andbank utilitza la tecnologia NFC dels teus dispositius perqu\u00e8 puguis fer pagaments contactless amb Apple Pay.<\/td>\n<td style=\"text-align: center;vertical-align: top;padding: 8px\">Quan pagues amb la targeta de d\u00e8bit o de cr\u00e8dit, Apple Pay no comparteix mai la informaci\u00f3 real de la targeta amb el comer\u00e7.<\/td>\n<td style=\"text-align: center;vertical-align: top;padding: 8px\">Apple Pay us facilita pagar directament amb el vostre compte Andbank al moment.<\/td>\n<td style=\"text-align: center;vertical-align: top;padding: 8px\">Apple Pay ha estat concebut amb fortes mesures de seguretat que, de manera cont\u00ednua i autom\u00e0tica, protegeixen el teu compte i dades personals.<\/td>\n<\/tr>\n<\/tbody>\n<\/table>\n<p>&nbsp;<\/p>\n<div style=\"text-align: center\"><a href=\"https:\/\/www.apple.com\/es\/app-store\/\" target=\"_blank\" rel=\"noopener\"><br \/>\n<img decoding=\"async\" style=\"height: 60px\" src=\"https:\/\/www.andbank.com\/andorra\/wp-content\/uploads\/sites\/10\/2025\/06\/AppStore.png\" alt=\"App Store\" \/><br \/>\n<\/a><\/div>\n<p>&nbsp;<\/p>\n<h2 style=\"text-align: center;color: red\">Com afegir la teva targeta Andbank a Apple Wallet\u2122 ?<\/h2>\n<p>&nbsp;<\/p>\n<div style=\"flex-wrap: wrap\">\n<div style=\"flex: 1 1 100%;max-width: 50%;padding: 10px;align-items: center;justify-content: center\">\n<ul>\n<li>Obre l&#8217;aplicaci\u00f3 <strong>Wallet<\/strong> al teu dispositiu<\/li>\n<li>Selecciona &#8220;<strong>Afegir targeta<\/strong>&#8220;<\/li>\n<li>Segueix les instruccions de la pantalla: et demanar\u00e0 que escanegis i introdueixis les dades de la teva targeta.<\/li>\n<\/ul>\n<\/div>\n<div style=\"flex: 1 1 100%;max-width: 50%;padding: 10px;align-items: center;justify-content: center;text-align: center\"><img decoding=\"async\" style=\"max-width: 100%;height: 450px\" src=\"https:\/\/www.andbank.com\/andorra\/wp-content\/uploads\/sites\/10\/2025\/07\/apple_pay_andbank.png\" \/><\/div>\n<\/div>\n<p>&nbsp;<\/p>\n<div style=\"flex-wrap: wrap\">\n<h2 style=\"text-align: center;color: red\">On pots fer servir Apple Pay? On apareguin aquests s\u00edmbols:<\/h2>\n<p>&nbsp;<\/p>\n<div style=\"flex-wrap: wrap\">\n<div style=\"flex: 1 1 100%;max-width: 50%;padding: 10px;align-items: center;justify-content: center;text-align: center\"><img decoding=\"async\" style=\"max-width: 100%;height: 128px\" src=\"https:\/\/www.andbank.com\/andorra\/wp-content\/uploads\/sites\/10\/2025\/07\/apple-pay-logo.png\" \/><\/div>\n<div style=\"flex: 1 1 100%;max-width: 50%;padding: 10px;align-items: center;justify-content: center\">\n<ul>\n<li><b>Apple Pay a botigues<\/b> amb el dispositiu Apple activant la tecnologia NFC. Apple Pay funciona a tots els establiments on vegis el s\u00edmbol d&#8217;Apple Pay o de targeta contactless.<\/li>\n<li><b>Apple Pay en aplicacions<\/b> Paga en aplicacions i al web amb el dispositiu Apple. A l&#8217;hora de pagar, simplement selecciona Apple Pay com a m\u00e8tode de pagament i confirma amb Touch ID.<\/li>\n<li><b>Apple Pay a Safari<\/b> Pagar amb el teu Mac a Safari \u00e9s f\u00e0cil. Selecciona Apple Pay a l&#8217;hora de pagar i completa la compra amb el dispositiu Apple. Apple, Apple Pay, Apple Wallet, iPhone i Mac s\u00f3n marques comercials d&#8217;Apple Inc.<\/li>\n<\/ul>\n<\/div>\n<\/div>\n<p>&nbsp;<\/p>\n<h2 style=\"text-align: center;color: red\">Preguntes freq\u00fcents<\/h2>\n<p>&nbsp;<\/p>\n<h4 style=\"color: #d52b1e\">Quines targetes Andbank puc afegir a Apple Wallet?<\/h4>\n<ul>\n<li>Pots afegir qualsevol de les targetes de d\u00e8bit i cr\u00e8dit Andbank a Apple Pay.<\/li>\n<\/ul>\n<h4 style=\"color: #d52b1e\">Cal validar el meu usuari amb un m\u00e8tode de verificaci\u00f3 per utilitzar Apple Pay?<\/h4>\n<ul>\n<li>S\u00ed, en associar una targeta a Apple Pay us arribar\u00e0 un codi de verificaci\u00f3 OTP que haureu d&#8217;introduir a Apple Wallet. Recorda que aquest codi \u00e9s \u00fanic i no ho has de compartir amb ning\u00fa.<\/li>\n<\/ul>\n<h4 style=\"color: #d52b1e\">En quins dispositius puc utilitzar Apple Pay?<\/h4>\n<ul>\n<li>Amb iPhone, pots pagar a botigues amb els models XS (versi\u00f3 iOS 17) \u00a0i posteriors. Amb Apple Watch, la s\u00e8rie 4 (versi\u00f3 WatchOS 10) i posteriors en combinaci\u00f3 amb iPhone XS i versions posteriors. A m\u00e9s, pots afegir les teves targetes a dispositius iPad i Mac per fer pagaments en l\u00ednia amb la versi\u00f3 macOS 14.0 i posteriors.<\/li>\n<\/ul>\n<h4 style=\"color: #d52b1e\">Qu\u00e8 passa en cas de p\u00e8rdua o robatori del meu tel\u00e8fon?<\/h4>\n<ul>\n<li>Si has activat Cerca al dispositiu, pots suspendre Apple Pay posant el teu dispositiu en Mode Perdut en lloc de cancel\u00b7lar immediatament les teves targetes. Si trobes el dispositiu, pots tornar a activar Apple Pay. Tamb\u00e9 pots anar a la p\u00e0gina del teu ID d\u2019Apple per eliminar l\u2019opci\u00f3 de fer pagaments. Esborrar el teu dispositiu de manera remota utilitzant Cerca tamb\u00e9 elimina la capacitat de pagar amb les targetes que estaves usant amb Apple Pay.<\/li>\n<\/ul>\n<h4 style=\"color: #d52b1e\">Apple Pay comporta costos pel seu \u00fas?<\/h4>\n<ul>\n<li>El servei Apple Pay \u00e9s gratu\u00eft. Tot i aix\u00f2, segons la teva tarifa m\u00f2bil, es podrien aplicar c\u00e0rrecs per l&#8217;\u00fas de dades.<\/li>\n<\/ul>\n<h4 style=\"color: #d52b1e\">Hi ha l\u00edmits a l&#8217;import que puc pagar amb Apple Pay?<\/h4>\n<ul>\n<li>No hi ha l\u00edmits establerts per Apple Pay, per\u00f2 les transaccions estan subjectes als l\u00edmits de la targeta vinculada.<\/li>\n<\/ul>\n<h4 style=\"color: #d52b1e\">Puc utilitzar Apple Pay a l&#8217;estranger?<\/h4>\n<ul>\n<li>S\u00ed, Apple Pay es pot fer servir en qualsevol comer\u00e7 on s&#8217;acceptin pagaments contactless.<\/li>\n<\/ul>\n<h4 style=\"color: #d52b1e\">Necessito tenir connexi\u00f3 a Internet per fer pagaments?<\/h4>\n<ul>\n<li>No, no necessites connexi\u00f3 a Internet per pagar a comer\u00e7os f\u00edsics.<\/li>\n<\/ul>\n<h4 style=\"color: #d52b1e\">Si rebo una nova targeta perqu\u00e8 he cancel\u00b7lat l&#8217;anterior, he de donar-la d&#8217;alta una altra vegada a Apple Pay?<\/h4>\n<ul>\n<li>S\u00ed, si reps una targeta perqu\u00e8 has cancel\u00b7lat l&#8217;anterior, la targeta no canviar\u00e0 autom\u00e0ticament per la nova a Apple Wallet. Haur\u00e0s d&#8217;eliminar la targeta anterior d&#8217;Apple Wallet, i per utilitzar la nova, haur\u00e0s de tornar-la a enrolar.<\/li>\n<\/ul>\n<h4 style=\"color: #d52b1e\">Qu\u00e8 he de fer si em compro un nou m\u00f2bil?<\/h4>\n<ul>\n<li>Si et compres un nou iPhone o Apple Watch has de tornar a vincular les targetes, afegint-hi el CVV i confirmant-ho amb el codi que t&#8217;enviarem.<\/li>\n<\/ul>\n<h4 style=\"color: #d52b1e\">Com puc pagar a botigues f\u00edsiques amb iPhone?<\/h4>\n<ul>\n<li>Per iPhone XS o superiors, has de fer doble clic al bot\u00f3 lateral\u00a0i autoritzar el pagament amb Face ID. Tamb\u00e9 el pots autoritzar amb el codi de desbloqueig.<\/li>\n<\/ul>\n<\/div>\n","protected":false},"excerpt":{"rendered":"<p>La teva cartera digital f\u00e0cil i segura &nbsp; Pagaments Contactless Compres segures Transaccions en temps real Protecci\u00f3 d&#8217;Apple Andbank utilitza la tecnologia NFC dels teus dispositius perqu\u00e8 puguis fer pagaments contactless amb Apple Pay. Quan pagues amb la targeta de d\u00e8bit o de cr\u00e8dit, Apple Pay no comparteix mai la informaci\u00f3 real de la targeta [&hellip;]<\/p>\n","protected":false},"author":13,"featured_media":3364,"parent":1986,"menu_order":4,"comment_status":"closed","ping_status":"closed","template":"","meta":{"_acf_changed":false,"footnotes":""},"yst_prominent_words":[],"class_list":["post-26755","page","type-page","status-publish","has-post-thumbnail","hentry"],"acf":[],"_links":{"self":[{"href":"https:\/\/www.andbank.com\/andorra\/ca\/wp-json\/wp\/v2\/pages\/26755"}],"collection":[{"href":"https:\/\/www.andbank.com\/andorra\/ca\/wp-json\/wp\/v2\/pages"}],"about":[{"href":"https:\/\/www.andbank.com\/andorra\/ca\/wp-json\/wp\/v2\/types\/page"}],"author":[{"embeddable":true,"href":"https:\/\/www.andbank.com\/andorra\/ca\/wp-json\/wp\/v2\/users\/13"}],"replies":[{"embeddable":true,"href":"https:\/\/www.andbank.com\/andorra\/ca\/wp-json\/wp\/v2\/comments?post=26755"}],"version-history":[{"count":8,"href":"https:\/\/www.andbank.com\/andorra\/ca\/wp-json\/wp\/v2\/pages\/26755\/revisions"}],"predecessor-version":[{"id":26807,"href":"https:\/\/www.andbank.com\/andorra\/ca\/wp-json\/wp\/v2\/pages\/26755\/revisions\/26807"}],"up":[{"embeddable":true,"href":"https:\/\/www.andbank.com\/andorra\/ca\/wp-json\/wp\/v2\/pages\/1986"}],"wp:featuredmedia":[{"embeddable":true,"href":"https:\/\/www.andbank.com\/andorra\/ca\/wp-json\/wp\/v2\/media\/3364"}],"wp:attachment":[{"href":"https:\/\/www.andbank.com\/andorra\/ca\/wp-json\/wp\/v2\/media?parent=26755"}],"wp:term":[{"taxonomy":"yst_prominent_words","embeddable":true,"href":"https:\/\/www.andbank.com\/andorra\/ca\/wp-json\/wp\/v2\/yst_prominent_words?post=26755"}],"curies":[{"name":"wp","href":"https:\/\/api.w.org\/{rel}","templated":true}]}}