{"id":26856,"date":"2025-08-21T18:51:34","date_gmt":"2025-08-21T16:51:34","guid":{"rendered":"https:\/\/www.andbank.com\/andorra\/?page_id=26856"},"modified":"2025-08-25T19:25:50","modified_gmt":"2025-08-25T17:25:50","slug":"visa-click-to-pay","status":"publish","type":"page","link":"https:\/\/www.andbank.com\/andorra\/ca\/particulars\/comptes-i-targetes\/targetes\/serveis-i-avantatges\/visa-click-to-pay\/","title":{"rendered":"Visa Click <span style=\"color:red; font-weight:bold;\">to Pay<\/span>"},"content":{"rendered":"<h1 style=\"text-align: center;color: red\">Activa Visa Click to Pay i paga en l\u00ednia de forma f\u00e0cil, r\u00e0pida i segura<\/h1>\n<p>&nbsp;<\/p>\n<div style=\"padding:1px;text-align:center;\">\n<img decoding=\"async\" src=\"https:\/\/www.andbank.com\/wp-content\/uploads\/2025\/08\/clicktopay.png\" style=\"max-width:60%; height:auto;\"\/>\n<\/div>\n<div style=\"font-size:24px;text-align:justify;\">Descobreix una nova manera de comprar per internet amb Visa click to Pay. Oblida\u2019t d\u2019introduir les dades de la targeta cada vegada i gaudeix d\u2019una experi\u00e8ncia de pagament m\u00e9s \u00e0gil.<\/div>\n<h2>Els seus avantatges:<\/h2>\n<p><\/p>\n<ul>\n<li><img decoding=\"async\" src=\"https:\/\/www.andbank.com\/andorra\/wp-content\/uploads\/sites\/10\/2025\/08\/maleta.png\" style=\"max-width:100%; height:auto; margin:4px;\" \/><strong>Per a tothom:<\/strong> Click to Pay ja \u00e9s una funcionalitat incorporada a la teva targeta.<\/li>\n<li><img decoding=\"async\" src=\"https:\/\/www.andbank.com\/andorra\/wp-content\/uploads\/sites\/10\/2025\/08\/cara.png\"  style=\"max-width=auto; height:30px; margin:4px;\" \/><strong>Sense esfor\u00e7:<\/strong> Ja no caldr\u00e0 que escriguis les dades de la teva targeta a cada compra.<\/li>\n<li><img decoding=\"async\" src=\"https:\/\/www.andbank.com\/andorra\/wp-content\/uploads\/sites\/10\/2025\/08\/candau.png\" style=\"max-width:100%; height:auto; margin:4px;\" \/>&nbsp;<strong>Seguretat avan\u00e7ada:<\/strong> la teva informaci\u00f3 est\u00e0 protegida per la tecnologia de seguretat de Visa.<\/li>\n<\/ul>\n<div style=\"padding:2px;text-align:center;font-size:26px;\"><a href=\"https:\/\/www.visa.es\/paga-con-visa\/click-to-pay.html\" target=\"_blank\" rel=\"noopener\">Activar Visa click to Pay<\/a><\/div>\n","protected":false},"excerpt":{"rendered":"<p>Activa Visa Click to Pay i paga en l\u00ednia de forma f\u00e0cil, r\u00e0pida i segura &nbsp; Descobreix una nova manera de comprar per internet amb Visa click to Pay. Oblida\u2019t d\u2019introduir les dades de la targeta cada vegada i gaudeix d\u2019una experi\u00e8ncia de pagament m\u00e9s \u00e0gil. Els seus avantatges: Per a tothom: Click to Pay [&hellip;]<\/p>\n","protected":false},"author":13,"featured_media":26825,"parent":1986,"menu_order":4,"comment_status":"closed","ping_status":"closed","template":"","meta":{"_acf_changed":false,"footnotes":""},"yst_prominent_words":[2932,2989,143,3433,1887,320,1941,1602],"class_list":["post-26856","page","type-page","status-publish","has-post-thumbnail","hentry"],"acf":[],"_links":{"self":[{"href":"https:\/\/www.andbank.com\/andorra\/ca\/wp-json\/wp\/v2\/pages\/26856"}],"collection":[{"href":"https:\/\/www.andbank.com\/andorra\/ca\/wp-json\/wp\/v2\/pages"}],"about":[{"href":"https:\/\/www.andbank.com\/andorra\/ca\/wp-json\/wp\/v2\/types\/page"}],"author":[{"embeddable":true,"href":"https:\/\/www.andbank.com\/andorra\/ca\/wp-json\/wp\/v2\/users\/13"}],"replies":[{"embeddable":true,"href":"https:\/\/www.andbank.com\/andorra\/ca\/wp-json\/wp\/v2\/comments?post=26856"}],"version-history":[{"count":3,"href":"https:\/\/www.andbank.com\/andorra\/ca\/wp-json\/wp\/v2\/pages\/26856\/revisions"}],"predecessor-version":[{"id":26897,"href":"https:\/\/www.andbank.com\/andorra\/ca\/wp-json\/wp\/v2\/pages\/26856\/revisions\/26897"}],"up":[{"embeddable":true,"href":"https:\/\/www.andbank.com\/andorra\/ca\/wp-json\/wp\/v2\/pages\/1986"}],"wp:featuredmedia":[{"embeddable":true,"href":"https:\/\/www.andbank.com\/andorra\/ca\/wp-json\/wp\/v2\/media\/26825"}],"wp:attachment":[{"href":"https:\/\/www.andbank.com\/andorra\/ca\/wp-json\/wp\/v2\/media?parent=26856"}],"wp:term":[{"taxonomy":"yst_prominent_words","embeddable":true,"href":"https:\/\/www.andbank.com\/andorra\/ca\/wp-json\/wp\/v2\/yst_prominent_words?post=26856"}],"curies":[{"name":"wp","href":"https:\/\/api.w.org\/{rel}","templated":true}]}}