{"id":26866,"date":"2025-06-26T15:38:30","date_gmt":"2025-06-26T13:38:30","guid":{"rendered":"https:\/\/www.andbank.com\/andorra\/26552-2\/"},"modified":"2025-08-21T18:49:23","modified_gmt":"2025-08-21T16:49:23","slug":"26552-2","status":"publish","type":"page","link":"https:\/\/www.andbank.com\/andorra\/ca\/particulars\/comptes-i-targetes\/targetes\/serveis-i-avantatges\/26552-2\/","title":{"rendered":"<img src=\"https:\/\/www.andbank.com\/andorra\/wp-content\/uploads\/sites\/10\/2025\/03\/Google_Pay_Logo.png\">"},"content":{"rendered":"<h1 style=\"text-align: center; color: red;\">Tu cartera digital f\u00e1cil y segura<\/h1>\n<p><\/br><\/p>\n<table style=\"border-collapse: collapse;\">\n<tr>\n<th style=\"text-align: center;\">Pagos Contactless<\/th>\n<th style=\"text-align: center;\">Compras seguras<\/th>\n<th style=\"text-align: center;\">Transacciones en tiempo real<\/th>\n<th style=\"text-align: center;\">Protecci\u00f3n de Google<\/th>\n<\/tr>\n<tr>\n<td style=\"text-align: center; vertical-align: top; padding: 8px;\">Andbank utiliza la tecnolog\u00eda NFC de tus dispositivos para permitirte realizar pagos contactless con Google Pay.<\/td>\n<td style=\"text-align: center; vertical-align: top; padding: 8px;\">Cuando pagas con tu tarjeta de d\u00e9bito o de cr\u00e9dito, Google Pay nunca comparte la informaci\u00f3n real de tu tarjeta con el comercio.<\/td>\n<td style=\"text-align: center; vertical-align: top; padding: 8px;\">Google Pay te facilita pagar directamente con tu cuenta Andbank al momento.<\/td>\n<td style=\"text-align: center; vertical-align: top; padding: 8px;\">Google Pay ha sido concebido con fuertes medidas de seguridad que, de forma continua y autom\u00e1tica, protegen tu cuenta y datos personales.<\/td>\n<\/tr>\n<\/table>\n<p><\/br><\/p>\n<div style=\"text-align: center;\">\n<a href=\"https:\/\/play.google.com\/store\/apps\/details?id=com.google.android.apps.nbu.paisa.user\" target=\"_blank\" rel=\"noopener\"><br \/>\n  <img decoding=\"async\" src=\"https:\/\/play.google.com\/intl\/es\/badges\/static\/images\/badges\/es_badge_web_generic.png\" \n       alt=\"Desc\u00e1rgate Google Pay\" \n       style=\"height: 60px;\"><br \/>\n<\/a>\n<\/div>\n<p><\/br><\/p>\n<h2 style=\"text-align: center; color: red;\">C\u00f3mo a\u00f1adir tu tarjeta Andbank a Google Wallet\u2122 ?<\/h2>\n<div style=\"display: flex; flex-wrap: wrap;\">\n<div style=\"flex: 1 1 100%; max-width: 10%; padding: 10px; display: flex; align-items: center; justify-content: center;\">&nbsp;<\/div>\n<div style=\"flex: 1 1 100%; max-width: 40%; padding: 10px; display: flex; align-items: center; justify-content: center;\">\n<ul>\n<li>Abre la aplicaci\u00f3n <strong>Google Wallet<\/strong> en tu dispositivo<\/li>\n<li>Selecciona en &#8220;<strong>A\u00f1adir tarjeta<\/strong>&#8220;<\/li>\n<li>Sigue las instrucciones de tu pantalla: te pedir\u00e1 que escanees e introduzcas los datos de tu tarjeta.<\/li>\n<\/ul><\/div>\n<div style=\"flex: 1 1 100%; max-width: 40%; padding: 10px; text-align: center;\">\n    <img decoding=\"async\" src=\"https:\/\/www.andbank.com\/andorra\/wp-content\/uploads\/sites\/10\/2025\/03\/add-card-1.png\" style=\"max-width: 200%; height: auto;\">\n  <\/div>\n<\/div>\n<p><\/br><\/p>\n<div style=\"display: flex; flex-wrap: wrap;\">\n  <!-- Columna esquerra centrada horitzontal i verticalment --><\/p>\n<div style=\"flex: 1 1 100%; max-width: 50%; padding: 10px; display: flex; align-items: center; justify-content: center;\">\n    <img decoding=\"async\" src=\"https:\/\/www.andbank.com\/andorra\/wp-content\/uploads\/sites\/10\/2025\/03\/donde-google.png\"  style=\"max-width: 100%; height: auto;\">\n  <\/div>\n<p>  <!-- Columna dreta amb imatge centrada horitzontal i verticalment --><\/p>\n<div style=\"flex: 1 1 100%; max-width: 50%; padding: 10px; display: flex; align-items: center; justify-content: center;\">\n    <img decoding=\"async\" src=\"https:\/\/www.andbank.com\/andorra\/wp-content\/uploads\/sites\/10\/2025\/03\/movil-pay.png\" style=\"max-width: 100%; height: auto;\">\n  <\/div>\n<\/div>\n<p><\/br><\/p>\n<h2>Preguntas frecuentes<\/h2>\n<ul>\n<li>\u00bfEs necesario validar mi usuario con un m\u00e9todo de verificaci\u00f3n para utilizar Google Pay?<\/li>\n<ul>\n<li>S\u00ed, al asociar una tarjeta a Google Pay te llegar\u00e1 un c\u00f3digo de verificaci\u00f3n OTP que deber\u00e1s introducir en Google Wallet. Recuerda que este c\u00f3digo es \u00fanico y no deber compartirlo con nadie.<\/li>\n<\/ul>\n<li>\u00bfEn qu\u00e9 dispositivos puedo utilizar Google Pay?<\/li>\n<li>Si recibo una nueva tarjeta porque me ha caducado la anterior, \u00bftengo que darla de alta otra vez en Google Pay?<\/li>\n<li>\u00bfQu\u00e9 tarjeta <strong>Andbank<\/strong> puedo a\u00f1adir en Google Wallet?<\/li>\n<ul>\n","protected":false},"excerpt":{"rendered":"<p>Tu cartera digital f\u00e1cil y segura Pagos Contactless Compras seguras Transacciones en tiempo real Protecci\u00f3n de Google Andbank utiliza la tecnolog\u00eda NFC de tus dispositivos para permitirte realizar pagos contactless con Google Pay. Cuando pagas con tu tarjeta de d\u00e9bito o de cr\u00e9dito, Google Pay nunca comparte la informaci\u00f3n real de tu tarjeta con el [&hellip;]<\/p>\n","protected":false},"author":13,"featured_media":3364,"parent":1986,"menu_order":7,"comment_status":"closed","ping_status":"closed","template":"","meta":{"_acf_changed":false,"footnotes":""},"yst_prominent_words":[107,4798,4852,748,106,7485,3016,4696,5204],"class_list":["post-26866","page","type-page","status-publish","has-post-thumbnail","hentry"],"acf":[],"_links":{"self":[{"href":"https:\/\/www.andbank.com\/andorra\/ca\/wp-json\/wp\/v2\/pages\/26866"}],"collection":[{"href":"https:\/\/www.andbank.com\/andorra\/ca\/wp-json\/wp\/v2\/pages"}],"about":[{"href":"https:\/\/www.andbank.com\/andorra\/ca\/wp-json\/wp\/v2\/types\/page"}],"author":[{"embeddable":true,"href":"https:\/\/www.andbank.com\/andorra\/ca\/wp-json\/wp\/v2\/users\/13"}],"replies":[{"embeddable":true,"href":"https:\/\/www.andbank.com\/andorra\/ca\/wp-json\/wp\/v2\/comments?post=26866"}],"version-history":[{"count":3,"href":"https:\/\/www.andbank.com\/andorra\/ca\/wp-json\/wp\/v2\/pages\/26866\/revisions"}],"predecessor-version":[{"id":26893,"href":"https:\/\/www.andbank.com\/andorra\/ca\/wp-json\/wp\/v2\/pages\/26866\/revisions\/26893"}],"up":[{"embeddable":true,"href":"https:\/\/www.andbank.com\/andorra\/ca\/wp-json\/wp\/v2\/pages\/1986"}],"wp:featuredmedia":[{"embeddable":true,"href":"https:\/\/www.andbank.com\/andorra\/ca\/wp-json\/wp\/v2\/media\/3364"}],"wp:attachment":[{"href":"https:\/\/www.andbank.com\/andorra\/ca\/wp-json\/wp\/v2\/media?parent=26866"}],"wp:term":[{"taxonomy":"yst_prominent_words","embeddable":true,"href":"https:\/\/www.andbank.com\/andorra\/ca\/wp-json\/wp\/v2\/yst_prominent_words?post=26866"}],"curies":[{"name":"wp","href":"https:\/\/api.w.org\/{rel}","templated":true}]}}