{"id":7802,"date":"2018-07-17T18:40:35","date_gmt":"2018-07-17T16:40:35","guid":{"rendered":"https:\/\/www.andbank.com\/andorra\/particulars\/andbank-le-informa\/"},"modified":"2019-09-25T12:38:33","modified_gmt":"2019-09-25T10:38:33","slug":"andbank-crs","status":"publish","type":"page","link":"https:\/\/www.andbank.com\/andorra\/ca\/andbank-crs\/","title":{"rendered":"Andbank us informa"},"content":{"rendered":"<div class=\"row\">\n<div class=\"col-sm-2\"><img loading=\"lazy\" decoding=\"async\" class=\"aligncenter size-full wp-image-7807\" src=\"https:\/\/www.andbank.com\/andorra\/wp-content\/uploads\/sites\/10\/2018\/07\/icones-02-small.jpg\" alt=\"\" width=\"100\" height=\"100\" \/><\/div>\n<div class=\"col-sm-10\">\n<p><strong>Qu\u00e8 \u00e9s CRS?<\/strong><\/p>\n<p>El Principat d\u2019Andorra va aprovar la Llei 19\/2016, del 30 de novembre, d\u2019intercanvi autom\u00e0tic d\u2019informaci\u00f3 en mat\u00e8ria fiscal, que recull els principis establerts per l\u2019OCDE per a la normativa comuna de comunicaci\u00f3 (en angl\u00e8s, Common Reporting Standard, CRS), en relaci\u00f3 amb l\u2019intercanvi autom\u00e0tic entre autoritats competents de determinada informaci\u00f3 de car\u00e0cter fiscal. Podeu consultar la llei en el lloc web del Butllet\u00ed Oficial del Principat d\u2019Andorra (<a href=\"https:\/\/www.bopa.ad\/\" target=\"_blank\" rel=\"noopener\">www.bopa.ad<\/a>).<\/p>\n<\/div>\n<\/div>\n<div><\/div>\n<div class=\"row\">\n<div class=\"col-sm-2\"><img loading=\"lazy\" decoding=\"async\" class=\"aligncenter size-full wp-image-7811\" src=\"https:\/\/www.andbank.com\/andorra\/wp-content\/uploads\/sites\/10\/2018\/07\/icones-03-small.jpg\" alt=\"\" width=\"100\" height=\"100\" \/><\/div>\n<div class=\"col-sm-10\">\n<p><strong>En qu\u00e8 consisteix?<\/strong><\/p>\n<p>Les entitats financeres han de comunicar a les seves autoritats competents respectives determinada informaci\u00f3 personal i fiscal respecte dels comptes de clients no residents al Principat d\u2019Andorra.<\/p>\n<\/div>\n<\/div>\n<div><\/div>\n<div class=\"row\">\n<div class=\"col-sm-2\"><img loading=\"lazy\" decoding=\"async\" class=\"aligncenter size-full wp-image-7815\" src=\"https:\/\/www.andbank.com\/andorra\/wp-content\/uploads\/sites\/10\/2018\/07\/icones-04-small.jpg\" alt=\"\" width=\"100\" height=\"100\" \/><\/div>\n<div class=\"col-sm-10\">\n<p><strong>Quina documentaci\u00f3 he d\u2019aportar?<\/strong><\/p>\n<p>Les entitats financeres han de disposar d\u2019una identificaci\u00f3 completa i actualitzada de la titularitat del compte: nom i cognoms o denominaci\u00f3, domicili complet i pa\u00eds, lloc i data de naixement o de constituci\u00f3, resid\u00e8ncia fiscal i n\u00famero d\u2019identificaci\u00f3 que li correspongui.<\/p>\n<\/div>\n<\/div>\n<div><\/div>\n<div class=\"row\">\n<div class=\"col-sm-2\"><img loading=\"lazy\" decoding=\"async\" class=\"aligncenter size-full wp-image-7819\" src=\"https:\/\/www.andbank.com\/andorra\/wp-content\/uploads\/sites\/10\/2018\/07\/icones-05-small.jpg\" alt=\"\" width=\"100\" height=\"100\" \/><\/div>\n<div class=\"col-sm-10\">\n<p>Actualitzeu les vostres dades contactant amb el vostre gestor personal o a qualsevol de les nostres oficines.<\/p>\n<\/div>\n<\/div>\n<div align=\"center\"><a class=\"main-button\" href=\"https:\/\/homebankingand.andbank.com\/Remediacion\/CapturaWC.jsp?idioma=1\" target=\"_blank\" rel=\"noopener\">Actualitzaci\u00f3 de dades de clients<\/a><\/div>\n","protected":false},"excerpt":{"rendered":"<p>Qu\u00e8 \u00e9s CRS? El Principat d\u2019Andorra va aprovar la Llei 19\/2016, del 30 de novembre, d\u2019intercanvi autom\u00e0tic d\u2019informaci\u00f3 en mat\u00e8ria fiscal, que recull els principis establerts per l\u2019OCDE per a la normativa comuna de comunicaci\u00f3 (en angl\u00e8s, Common Reporting Standard, CRS), en relaci\u00f3 amb l\u2019intercanvi autom\u00e0tic entre autoritats competents de determinada informaci\u00f3 de car\u00e0cter fiscal. [&hellip;]<\/p>\n","protected":false},"author":13,"featured_media":7796,"parent":0,"menu_order":0,"comment_status":"closed","ping_status":"closed","template":"","meta":{"_acf_changed":false,"footnotes":""},"yst_prominent_words":[148,1344,1341,2461,1326,2456,2451,1342,2464,2463,2466,1327,737,2457,2465,143,2459,1335,2460],"class_list":["post-7802","page","type-page","status-publish","has-post-thumbnail","hentry"],"acf":[],"_links":{"self":[{"href":"https:\/\/www.andbank.com\/andorra\/ca\/wp-json\/wp\/v2\/pages\/7802"}],"collection":[{"href":"https:\/\/www.andbank.com\/andorra\/ca\/wp-json\/wp\/v2\/pages"}],"about":[{"href":"https:\/\/www.andbank.com\/andorra\/ca\/wp-json\/wp\/v2\/types\/page"}],"author":[{"embeddable":true,"href":"https:\/\/www.andbank.com\/andorra\/ca\/wp-json\/wp\/v2\/users\/13"}],"replies":[{"embeddable":true,"href":"https:\/\/www.andbank.com\/andorra\/ca\/wp-json\/wp\/v2\/comments?post=7802"}],"version-history":[{"count":0,"href":"https:\/\/www.andbank.com\/andorra\/ca\/wp-json\/wp\/v2\/pages\/7802\/revisions"}],"wp:featuredmedia":[{"embeddable":true,"href":"https:\/\/www.andbank.com\/andorra\/ca\/wp-json\/wp\/v2\/media\/7796"}],"wp:attachment":[{"href":"https:\/\/www.andbank.com\/andorra\/ca\/wp-json\/wp\/v2\/media?parent=7802"}],"wp:term":[{"taxonomy":"yst_prominent_words","embeddable":true,"href":"https:\/\/www.andbank.com\/andorra\/ca\/wp-json\/wp\/v2\/yst_prominent_words?post=7802"}],"curies":[{"name":"wp","href":"https:\/\/api.w.org\/{rel}","templated":true}]}}