{"id":2280,"date":"2017-04-18T18:42:59","date_gmt":"2017-04-18T16:42:59","guid":{"rendered":"https:\/\/www.andbank.com\/andorra\/about-us\/governance-structure\/"},"modified":"2024-12-02T00:06:13","modified_gmt":"2024-12-01T22:06:13","slug":"governance-structure","status":"publish","type":"page","link":"https:\/\/www.andbank.com\/andorra\/en\/about-us\/governance-structure\/","title":{"rendered":"Governance structure"},"content":{"rendered":"<h2>Presidency<\/h2>\n<table style=\"max-width: 1000px; width: 95%; cellpadding:20px\">\n<tbody>\n<tr>\n<td>\n        <img loading=\"lazy\" decoding=\"async\"\n          class=\"wp-image-956 alignleft\"\n          src=\"https:\/\/www.andbank.com\/wp-content\/uploads\/2017\/04\/Manuel-Cerqueda-Donadeu.png\"\n          alt=\"\"\n          width=\"150\"\n          height=\"150\"\n        \/>\n      <\/td>\n<td><\/td>\n<td style=\"width: 30%\">\n        <strong>Manel Cerqueda Donadeu<\/strong><br \/>\n        Chairman<br \/>\n        <a\n          href=\"https:\/\/www.andbank.com\/wp-content\/uploads\/sites\/10\/2017\/09\/EN-CV-MANEL-CERQUEDA-WEB.pdf\"\n          target=\"_blank\"\n          rel=\"noopener noreferrer\"\n          >Curriculum Vitae<\/a\n        >\n      <\/td>\n<td><\/td>\n<td>\n        <img loading=\"lazy\" decoding=\"async\"\n          class=\"wp-image-17324 alignleft\"\n          src=\"https:\/\/www.andbank.com\/wp-content\/uploads\/2024\/11\/s_pallerola.png\"\n          alt=\"Sergi Pallerola Gene\"\n          width=\"150\"\n          height=\"150\"\n        \/>\n      <\/td>\n<td><\/td>\n<td style=\"width: 30%\">\n        <strong>Sergi Pallerola Gene<\/strong><br \/>\n        Vice Chairman<br \/>\n        <a\n          href=\"https:\/\/www.andbank.com\/wp-content\/uploads\/2017\/04\/Sergi-Pallerola-Gene.pdf\"\n          target=\"_blank\"\n          rel=\"noopener noreferrer\"\n          >Curriculum Vitae<\/a\n        >\n      <\/td>\n<\/tr>\n<\/tbody>\n<\/table>\n<p>&nbsp;<\/p>\n<h2>Board of Directors<\/h2>\n<table style=\"max-width: 1000px; width: 95%\">\n<tbody>\n<tr>\n<td>\n        <img loading=\"lazy\" decoding=\"async\"\n          class=\"wp-image-3206 alignleft\"\n          src=\"https:\/\/www.andbank.com\/wp-content\/uploads\/2019\/11\/carmen_arrequeta.png\"\n          alt=\"\"\n          width=\"153\"\n          height=\"153\"\n        \/>\n      <\/td>\n<td><\/td>\n<td style=\"width: 30%\">\n        <strong>Carmen Aquerreta Ferraz<\/strong><br \/>\n        Director<br \/>\n        <a\n          href=\"https:\/\/www.andbank.com\/wp-content\/uploads\/2019\/11\/cv_carmen_aquerreta_eng.pdf\"\n          target=\"_blank\"\n          rel=\"noopener noreferrer\"\n          >Curriculum Vitae<\/a\n        >\n      <\/td>\n<td>\n        <img loading=\"lazy\" decoding=\"async\"\n          class=\"wp-image-955 alignleft\"\n          src=\"https:\/\/www.andbank.com\/wp-content\/uploads\/2017\/04\/Manuel-Cerqueda-Diez.png\"\n          alt=\"\"\n          width=\"150\"\n          height=\"150\"\n        \/>\n      <\/td>\n<td><\/td>\n<td style=\"width: 30%\">\n        <strong>Manel Cerqueda Diez<\/strong><br \/>\n        Director<br \/>\n        <a\n          href=\"https:\/\/www.andbank.com\/wp-content\/uploads\/2017\/04\/CV-MANEL-CERQUEDA-DIEZ-WEB-OK-ENG.pdf\"\n          target=\"_blank\"\n          rel=\"noopener noreferrer\"\n          >Curriculum Vitae<\/a\n        >\n      <\/td>\n<\/tr>\n<tr>\n<td>\n        <img loading=\"lazy\" decoding=\"async\"\n          class=\"wp-image-17324 alignleft\"\n          src=\"https:\/\/www.andbank.com\/wp-content\/uploads\/2023\/11\/MCRibas.png\"\n          alt=\"Maria Creus Ribas\"\n          width=\"150\"\n          height=\"150\"\n        \/>\n      <\/td>\n<td><\/td>\n<td style=\"width: 30%\">\n        <strong>Maria Creus Ribas<\/strong><br \/>\n        Director<br \/>\n        <a\n          href=\"https:\/\/www.andbank.com\/wp-content\/uploads\/2023\/11\/CV-MARIA-CREUS-RIBAS-EN.pdf\"\n          target=\"_blank\"\n          rel=\"noopener noreferrer\"\n          >Curriculum Vitae<\/a\n        >\n      <\/td>\n<td>\n        <img loading=\"lazy\" decoding=\"async\"\n          class=\"wp-image-955 alignleft\"\n          src=\"https:\/\/www.andbank.com\/wp-content\/uploads\/2018\/10\/gomez_acebo.png\"\n          alt=\"\"\n          width=\"150\"\n          height=\"150\"\n        \/>\n      <\/td>\n<td><\/td>\n<td style=\"width: 30%\">\n        <strong>Javier G\u00f3mez Acebo Saenz De Heredia<\/strong><br \/>\n        Director<br \/>\n        <a\n          href=\"https:\/\/www.andbank.com\/wp-content\/uploads\/2018\/10\/CV_GOMEZ-ACEBO_ENG.pdf\"\n          target=\"_blank\"\n          rel=\"noopener noreferrer\"\n          >Curriculum Vitae<\/a\n        >\n      <\/td>\n<\/tr>\n<tr>\n<td>\n        <img loading=\"lazy\" decoding=\"async\"\n          class=\"wp-image-3196 alignleft\"\n          src=\"https:\/\/www.andbank.com\/wp-content\/uploads\/sites\/10\/2017\/08\/Picture4.jpg\"\n          alt=\"\"\n          width=\"157\"\n          height=\"152\"\n        \/>\n      <\/td>\n<td><\/td>\n<td style=\"width: 30%\">\n        <strong>Jorge Maortua Ruiz-L\u00f3pez<\/strong><br \/>\n        Director<br \/>\n        <a\n          href=\"https:\/\/www.andbank.com\/wp-content\/uploads\/sites\/10\/2017\/09\/EN-CV-JORGE-MAORTUA-WEB.pdf\"\n          target=\"_blank\"\n          rel=\"noopener noreferrer\"\n          >Curriculum Vitae<\/a\n        >\n      <\/td>\n<td>\n        <img loading=\"lazy\" decoding=\"async\"\n          class=\"wp-image-17324 alignleft\"\n          src=\"https:\/\/www.andbank.com\/wp-content\/uploads\/2024\/11\/a_nebot.png\"\n          alt=\"Albert Ros\u00e9s Noguer\"\n          width=\"150\"\n          height=\"150\"\n        \/>\n      <\/td>\n<td><\/td>\n<td style=\"width: 30%\">\n        <strong>Alfonso Nebot Armisen<\/strong><br \/>\n        Director<br \/>\n        <a\n          href=\"https:\/\/www.andbank.com\/wp-content\/uploads\/2024\/11\/CV-ALFONSO-NEBOT_CAT.pdf\"\n          target=\"_blank\"\n          rel=\"noopener noreferrer\"\n          >Curriculum Vitae<\/a\n        >\n      <\/td>\n<\/tr>\n<tr>\n<td>\n        <img loading=\"lazy\" decoding=\"async\"\n          class=\"wp-image-17324 alignleft\"\n          src=\"https:\/\/www.andbank.com\/wp-content\/uploads\/2023\/11\/a-roses.jpg\"\n          alt=\"Albert Ros\u00e9s Noguer\"\n          width=\"150\"\n          height=\"150\"\n        \/>\n      <\/td>\n<td><\/td>\n<td style=\"width: 30%\">\n        <strong>Albert Ros\u00e9s Noguer<\/strong><br \/>\n        Director<br \/>\n        <a\n          href=\"https:\/\/www.andbank.com\/wp-content\/uploads\/2023\/11\/CV-ALBERT-ROSES-GB.pdf\"\n          target=\"_blank\"\n          rel=\"noopener noreferrer\"\n          >Curriculum Vitae<\/a\n        >\n      <\/td>\n<td>\n        <img loading=\"lazy\" decoding=\"async\"\n          class=\"wp-image-957 alignleft\"\n          src=\"https:\/\/www.andbank.com\/andorra\/wp-content\/uploads\/sites\/10\/2021\/11\/JAUME-SERRA-1.png\"\n          alt=\"C\u00e9sar Valc\u00e1rcel\"\n          width=\"150\"\n          height=\"150\"\n        \/>\n      <\/td>\n<td><\/td>\n<td style=\"width: 30%\">\n        <strong>Jaume Serra Serra<\/strong><br \/>\n        Director<br \/>\n        <a\n          href=\"https:\/\/www.andbank.com\/andorra\/wp-content\/uploads\/sites\/10\/2021\/11\/CV-JAUME-SERRA-WEB-OK-EN.pdf\"\n          target=\"_blank\"\n          rel=\"noopener noreferrer\"\n          >Curriculum Vitae<\/a\n        >\n      <\/td>\n<\/tr>\n<tr>\n<td>\n        <img loading=\"lazy\" decoding=\"async\"\n          class=\"wp-image-3206 alignleft\"\n          src=\"https:\/\/www.andbank.com\/wp-content\/uploads\/2019\/11\/pablo_garcia.png\"\n          alt=\"\"\n          width=\"153\"\n          height=\"153\"\n        \/>\n      <\/td>\n<td><\/td>\n<td style=\"width: 30%\">\n        <strong>Pablo Garc\u00eda Monta\u00f1\u00e9s<\/strong><br \/>\n        Non-board member Secretary<br \/>\n        <a\n          href=\"https:\/\/www.andbank.com\/wp-content\/uploads\/2019\/11\/cv_pablo_garcia_eng.pdf\"\n          target=\"_blank\"\n          rel=\"noopener noreferrer\"\n          >Curriculum Vitae<\/a\n        >\n      <\/td>\n<td>&nbsp;<\/td>\n<td><\/td>\n<td style=\"width: 30%\">&nbsp;<\/td>\n<\/tr>\n<\/tbody>\n<\/table>\n<p>&nbsp;<\/p>\n<h2>Governance Structure<\/h2>\n<table style=\"max-width: 1000px; width: 95%\">\n<tbody>\n<tr>\n<td>\n        <img loading=\"lazy\" decoding=\"async\"\n          class=\"wp-image-959 alignleft\"\n          src=\"https:\/\/www.andbank.com\/wp-content\/uploads\/2021\/07\/Carlos_Aso.png\"\n          alt=\"\"\n          width=\"150\"\n          height=\"150\"\n        \/>\n      <\/td>\n<td><\/td>\n<td style=\"width: 30%\">\n        <strong>Carlos Aso Miranda<\/strong><br \/>\n        CEO<br \/>\n        <a\n          href=\"https:\/\/www.andbank.com\/wp-content\/uploads\/2024\/12\/CV-CARLOS-ASO_en.pdf\"\n          target=\"_blank\"\n          rel=\"noopener noreferrer\"\n          >Curriculum Vitae<\/a\n        >\n      <\/td>\n<td><\/td>\n<td>\n        <img loading=\"lazy\" decoding=\"async\"\n          class=\"alignnone size-full wp-image-5588\"\n          src=\"https:\/\/www.andbank.com\/wp-content\/uploads\/2017\/12\/blanc.png\"\n          alt=\"\"\n          width=\"150\"\n          height=\"150\"\n        \/>\n      <\/td>\n<td><\/td>\n<td style=\"width: 30%\"><\/td>\n<\/tr>\n<\/tbody>\n<\/table>\n<p>&nbsp;<\/p>\n","protected":false},"excerpt":{"rendered":"<p>Get to know our organisational structure and the people who are part of the Andbank team.<\/p>\n","protected":false},"author":18,"featured_media":1559,"parent":2263,"menu_order":192,"comment_status":"closed","ping_status":"closed","template":"template-gerencia.php","meta":{"_acf_changed":false,"footnotes":""},"yst_prominent_words":[591,609,587,585,590,2899,529,597,586],"class_list":["post-2280","page","type-page","status-publish","has-post-thumbnail","hentry"],"acf":[],"_links":{"self":[{"href":"https:\/\/www.andbank.com\/andorra\/en\/wp-json\/wp\/v2\/pages\/2280"}],"collection":[{"href":"https:\/\/www.andbank.com\/andorra\/en\/wp-json\/wp\/v2\/pages"}],"about":[{"href":"https:\/\/www.andbank.com\/andorra\/en\/wp-json\/wp\/v2\/types\/page"}],"author":[{"embeddable":true,"href":"https:\/\/www.andbank.com\/andorra\/en\/wp-json\/wp\/v2\/users\/18"}],"replies":[{"embeddable":true,"href":"https:\/\/www.andbank.com\/andorra\/en\/wp-json\/wp\/v2\/comments?post=2280"}],"version-history":[{"count":8,"href":"https:\/\/www.andbank.com\/andorra\/en\/wp-json\/wp\/v2\/pages\/2280\/revisions"}],"predecessor-version":[{"id":26281,"href":"https:\/\/www.andbank.com\/andorra\/en\/wp-json\/wp\/v2\/pages\/2280\/revisions\/26281"}],"up":[{"embeddable":true,"href":"https:\/\/www.andbank.com\/andorra\/en\/wp-json\/wp\/v2\/pages\/2263"}],"wp:featuredmedia":[{"embeddable":true,"href":"https:\/\/www.andbank.com\/andorra\/en\/wp-json\/wp\/v2\/media\/1559"}],"wp:attachment":[{"href":"https:\/\/www.andbank.com\/andorra\/en\/wp-json\/wp\/v2\/media?parent=2280"}],"wp:term":[{"taxonomy":"yst_prominent_words","embeddable":true,"href":"https:\/\/www.andbank.com\/andorra\/en\/wp-json\/wp\/v2\/yst_prominent_words?post=2280"}],"curies":[{"name":"wp","href":"https:\/\/api.w.org\/{rel}","templated":true}]}}