{"id":13078,"date":"2020-03-01T13:57:15","date_gmt":"2020-03-01T11:57:15","guid":{"rendered":"https:\/\/www.andbank.com\/andorra\/andbank-trainee-program-2020\/"},"modified":"2024-03-08T17:53:55","modified_gmt":"2024-03-08T15:53:55","slug":"andbank-trainee-program-2024","status":"publish","type":"page","link":"https:\/\/www.andbank.com\/andorra\/fr\/andbank-trainee-program-2024\/","title":{"rendered":"Andbank Trainee Program 2024"},"content":{"rendered":"<h2>\u00c9t\u00e9<\/h2>\n<p><strong>Conditions requises:<\/strong><\/p>\n<ul>\n<li>\u00catre \u00e9tudiant de deuxi\u00e8me ann\u00e9e de l\u2019enseignement sup\u00e9rieur (actuellement inscrit).<\/li>\n<li>De pr\u00e9f\u00e9rence, licences sp\u00e9cialis\u00e9es en\u00a0: Administration et Direction d\u2019entreprise, \u00c9conomie, Math\u00e9matiques, Physique ou Ing\u00e9nieries, Droit ou Psychologie.<\/li>\n<li>Nationalit\u00e9 andorrane ou \u00eatre en possession d\u2019un titre de s\u00e9jour (condition obligatoire pour le programme de stages d\u2019\u00e9t\u00e9 en Andorre), dans le cas de filiales, la l\u00e9gislation locale devra \u00eatre prise en compte.<\/li>\n<li>La ma\u00eetrise de l\u2019anglais serait un plus.<\/li>\n<li>Capacit\u00e9 de travailler en \u00e9quipe, initiative, responsabilit\u00e9 et polyvalence.<\/li>\n<li>Participation limit\u00e9e \u00e0 2 ans cons\u00e9cutifs.<\/li>\n<\/ul>\n<p><strong>Proc\u00e9dure de candidature\u00a0et caract\u00e9ristiques:<\/strong><\/p>\n<ul>\n<li>Envoyer CV, lettre de motivation et dossier universitaire \u00e0: <a href=\"mailto:traineeprogram@andbank.com\">traineeprogram@andbank.com<\/a><\/li>\n<li>Date limite d\u2019inscription: <strong>29 mars 2024<\/strong><\/li>\n<li>P\u00e9riode: <strong>2 mois (juillet et ao\u00fbt)<\/strong><\/li>\n<\/ul>\n<p><strong>S\u00e9lection:<\/strong><\/p>\n<p>Le service de RH contactera les personnes qui ont \u00e9t\u00e9 s\u00e9lectionn\u00e9es pour d\u00e9marrer le processus de s\u00e9lection d\u00e9finitif.<\/p>\n","protected":false},"excerpt":{"rendered":"<p>\u00c9t\u00e9 Conditions requises: \u00catre \u00e9tudiant de deuxi\u00e8me ann\u00e9e de l\u2019enseignement sup\u00e9rieur (actuellement inscrit). De pr\u00e9f\u00e9rence, licences sp\u00e9cialis\u00e9es en\u00a0: Administration et Direction d\u2019entreprise, \u00c9conomie, Math\u00e9matiques, Physique ou Ing\u00e9nieries, Droit ou Psychologie. Nationalit\u00e9 andorrane ou \u00eatre en possession d\u2019un titre de s\u00e9jour (condition obligatoire pour le programme de stages d\u2019\u00e9t\u00e9 en Andorre), dans le cas de filiales, [&hellip;]<\/p>\n","protected":false},"author":28,"featured_media":25681,"parent":0,"menu_order":0,"comment_status":"closed","ping_status":"closed","template":"","meta":{"_acf_changed":false,"footnotes":""},"yst_prominent_words":[631,6199,6197,361,724,753,6200],"class_list":["post-13078","page","type-page","status-publish","has-post-thumbnail","hentry"],"acf":[],"_links":{"self":[{"href":"https:\/\/www.andbank.com\/andorra\/fr\/wp-json\/wp\/v2\/pages\/13078"}],"collection":[{"href":"https:\/\/www.andbank.com\/andorra\/fr\/wp-json\/wp\/v2\/pages"}],"about":[{"href":"https:\/\/www.andbank.com\/andorra\/fr\/wp-json\/wp\/v2\/types\/page"}],"author":[{"embeddable":true,"href":"https:\/\/www.andbank.com\/andorra\/fr\/wp-json\/wp\/v2\/users\/28"}],"replies":[{"embeddable":true,"href":"https:\/\/www.andbank.com\/andorra\/fr\/wp-json\/wp\/v2\/comments?post=13078"}],"version-history":[{"count":3,"href":"https:\/\/www.andbank.com\/andorra\/fr\/wp-json\/wp\/v2\/pages\/13078\/revisions"}],"predecessor-version":[{"id":25684,"href":"https:\/\/www.andbank.com\/andorra\/fr\/wp-json\/wp\/v2\/pages\/13078\/revisions\/25684"}],"wp:featuredmedia":[{"embeddable":true,"href":"https:\/\/www.andbank.com\/andorra\/fr\/wp-json\/wp\/v2\/media\/25681"}],"wp:attachment":[{"href":"https:\/\/www.andbank.com\/andorra\/fr\/wp-json\/wp\/v2\/media?parent=13078"}],"wp:term":[{"taxonomy":"yst_prominent_words","embeddable":true,"href":"https:\/\/www.andbank.com\/andorra\/fr\/wp-json\/wp\/v2\/yst_prominent_words?post=13078"}],"curies":[{"name":"wp","href":"https:\/\/api.w.org\/{rel}","templated":true}]}}