{"id":13353,"date":"2020-03-18T13:08:23","date_gmt":"2020-03-18T11:08:23","guid":{"rendered":"https:\/\/www.andbank.com\/andorra\/informacion-covid-19\/"},"modified":"2021-02-02T17:09:26","modified_gmt":"2021-02-02T15:09:26","slug":"information-propos-du-covid-19","status":"publish","type":"page","link":"https:\/\/www.andbank.com\/andorra\/fr\/information-propos-du-covid-19\/","title":{"rendered":"Information \u00e0 propos du Covid-19"},"content":{"rendered":"<h2>Information \u00e0 propos du Covid-19<\/h2>\n<p>&nbsp;<\/p>\n<p><strong>Nous suivons les recommandations du Gouvernement d\u2019Andorre comme mesures de pr\u00e9vention pour \u00e9viter la propagation du COVID-19. Dans cet alin\u00e9a, vous trouverez des informations essentielles sur les mesures prises par Andbank et par l\u2019association des banques de la Principaut\u00e9, ainsi que des informations concernant le d\u00e9veloppement du virus et des recommandations diverses.<\/strong><\/p>\n<ul>\n<li><a href=\"https:\/\/www.salut.ad\/temes-de-salut\/coronavirus\" target=\"_blank\" rel=\"noopener\">Informations essentielles et mesures de pr\u00e9vention<\/a><\/li>\n<li><a href=\"https:\/\/www.andbank.com\/fr\/reflection\/notes-mars-2020\/\" target=\"_blank\" rel=\"noopener\">Alex Fust\u00e9 &#8211; Flash Note COVID-19<\/a><\/li>\n<li>Questions fr\u00e9quentes sur le COVID-19: <a href=\"https:\/\/www.govern.ad\/preguntes-coronavirus\" target=\"_blank\" rel=\"noopener\">https:\/\/www.govern.ad\/preguntes-coronavirus<\/a><\/li>\n<\/ul>\n<p>&nbsp;<\/p>\n<p><strong>Num\u00e9ros de t\u00e9l\u00e9phone de contact<\/strong><\/p>\n<div class=\"fund_type\">\n<div class=\"clearfix\"><\/div>\n<h3><\/h3>\n<div class=\"clearfix\"><\/div>\n<table class=\"funds_table\">\n<thead>\n<tr>\n<th style=\"vertical-align: middle;text-align: center\" rowspan=\"2\">SERVICE<\/th>\n<th style=\"vertical-align: middle;text-align: center\" rowspan=\"2\">T\u00c9L\u00c9PHONE<\/th>\n<th style=\"vertical-align: middle;text-align: center\" rowspan=\"2\">ADRESSE \u00c9LECTRONIQUE<\/th>\n<\/tr>\n<\/thead>\n<tbody>\n<tr>\n<td class=\"text-center\">RENDEZ-VOUS POUR LE TEST COVID<\/td>\n<td class=\"text-center\">+376 821 955<\/td>\n<td class=\"text-center\">&#8211;<\/td>\n<\/tr>\n<tr>\n<td class=\"text-center\">CONSULTATIONS M\u00c9DICALES<\/td>\n<td class=\"text-center\">116<\/td>\n<td class=\"text-center\">&#8211;<\/td>\n<\/tr>\n<tr>\n<td class=\"text-center\">PROC\u00c9DURES GOUVERNEMENTALES<\/td>\n<td class=\"text-center\">150<\/td>\n<td class=\"text-center\"><a href=\"mailto:info@governandorra.ad\" target=\"_blank\" rel=\"noopener\">info@governandorra.ad<\/a><\/td>\n<\/tr>\n<tr>\n<td class=\"text-center\">LES VICTIMES DE LA VIOLENCE SEXISTE<\/td>\n<td class=\"text-center\">181<\/td>\n<td class=\"text-center\">+376 606 181 (WhatsApp)<\/td>\n<\/tr>\n<tr>\n<td class=\"text-center\">DONS PAR SMS (2 EUROS)<\/td>\n<td class=\"text-center\">828<\/td>\n<td class=\"text-center\">&#8211;<\/td>\n<\/tr>\n<tr>\n<td class=\"text-center\">PSYCHOLOGIE<\/td>\n<td class=\"text-center\">+376 809 031<\/td>\n<td class=\"text-center\"><a href=\"mailto:copsia@copsia.ad\">copsia@copsia.ad<\/a><\/td>\n<\/tr>\n<\/tbody>\n<\/table>\n<\/div>\n<p><strong>Compte de don:<\/strong><\/p>\n<p>Le gouvernement a convenu avec l&rsquo;association des banques andorranes, Andorran Banking, de mettre \u00e0 la disposition des citoyens un num\u00e9ro de compte dans chaque entit\u00e9 du pays pour recevoir des dons afin de pallier la situation cr\u00e9\u00e9e par le Covid-19 dans la Principaut\u00e9.<\/p>\n<p><strong>Andbank a permis ce qui suit:<\/strong><\/p>\n<ul>\n<li><em>AD22 0001 0000 4147 0480 0100<\/em><\/li>\n<\/ul>\n<p>R\u00e9f\u00e9rence: \u201c<em>GOVERN D\u2019ANDORRA\u00ad_SARS-Cov-2<\/em>\u201d<\/p>\n","protected":false},"excerpt":{"rendered":"<p>Information \u00e0 propos du Covid-19 &nbsp; Nous suivons les recommandations du Gouvernement d\u2019Andorre comme mesures de pr\u00e9vention pour \u00e9viter la propagation du COVID-19. Dans cet alin\u00e9a, vous trouverez des informations essentielles sur les mesures prises par Andbank et par l\u2019association des banques de la Principaut\u00e9, ainsi que des informations concernant le d\u00e9veloppement du virus et [&hellip;]<\/p>\n","protected":false},"author":28,"featured_media":13318,"parent":0,"menu_order":0,"comment_status":"closed","ping_status":"closed","template":"","meta":{"_acf_changed":false,"footnotes":""},"yst_prominent_words":[6539,3431,6435,1742,756,7652,6451,757,6450,631,6453,6455,7651,7650,361,7654,6437,6454,753,6452],"class_list":["post-13353","page","type-page","status-publish","has-post-thumbnail","hentry"],"acf":[],"_links":{"self":[{"href":"https:\/\/www.andbank.com\/andorra\/fr\/wp-json\/wp\/v2\/pages\/13353"}],"collection":[{"href":"https:\/\/www.andbank.com\/andorra\/fr\/wp-json\/wp\/v2\/pages"}],"about":[{"href":"https:\/\/www.andbank.com\/andorra\/fr\/wp-json\/wp\/v2\/types\/page"}],"author":[{"embeddable":true,"href":"https:\/\/www.andbank.com\/andorra\/fr\/wp-json\/wp\/v2\/users\/28"}],"replies":[{"embeddable":true,"href":"https:\/\/www.andbank.com\/andorra\/fr\/wp-json\/wp\/v2\/comments?post=13353"}],"version-history":[{"count":0,"href":"https:\/\/www.andbank.com\/andorra\/fr\/wp-json\/wp\/v2\/pages\/13353\/revisions"}],"wp:featuredmedia":[{"embeddable":true,"href":"https:\/\/www.andbank.com\/andorra\/fr\/wp-json\/wp\/v2\/media\/13318"}],"wp:attachment":[{"href":"https:\/\/www.andbank.com\/andorra\/fr\/wp-json\/wp\/v2\/media?parent=13353"}],"wp:term":[{"taxonomy":"yst_prominent_words","embeddable":true,"href":"https:\/\/www.andbank.com\/andorra\/fr\/wp-json\/wp\/v2\/yst_prominent_words?post=13353"}],"curies":[{"name":"wp","href":"https:\/\/api.w.org\/{rel}","templated":true}]}}