{"id":16223,"date":"2020-07-09T12:57:30","date_gmt":"2020-07-09T10:57:30","guid":{"rendered":"https:\/\/www.andbank.com\/andorra\/atencion-al-cliente\/"},"modified":"2024-10-13T17:48:36","modified_gmt":"2024-10-13T15:48:36","slug":"service-client","status":"publish","type":"page","link":"https:\/\/www.andbank.com\/andorra\/fr\/service-client\/","title":{"rendered":"Service \u00e0 la client\u00e8le"},"content":{"rendered":"<p>&nbsp;<\/p>\n<p><a href=\"mailto:atencioclient@andbank.com\"><img loading=\"lazy\" decoding=\"async\" class=\"alignnone wp-image-16234 size-full\" src=\"https:\/\/www.andbank.com\/wp-content\/uploads\/2024\/05\/contacte_FR.jpg\" alt=\"\" width=\"1572\" height=\"466\" \/><\/a><\/p>\n<div style=\"display: flex; justify-content: center;\">\n<ul>\n<li><a href=\"https:\/\/www.andbank.com\/andorra\/wp-content\/uploads\/sites\/10\/2024\/10\/Reglament-per-a-la-Defensa-del-Client-CAT_FR.pdf\" target=\"_blank\" rel=\"noopener\">R\u00e9glement relatif \u00e0 la d\u00e9fense du client<\/a><\/li>\n<\/ul><\/div>\n","protected":false},"excerpt":{"rendered":"<p>&nbsp; R\u00e9glement relatif \u00e0 la d\u00e9fense du client<\/p>\n","protected":false},"author":18,"featured_media":15774,"parent":0,"menu_order":0,"comment_status":"closed","ping_status":"closed","template":"","meta":{"_acf_changed":false,"footnotes":""},"yst_prominent_words":[],"class_list":["post-16223","page","type-page","status-publish","has-post-thumbnail","hentry"],"acf":[],"_links":{"self":[{"href":"https:\/\/www.andbank.com\/andorra\/fr\/wp-json\/wp\/v2\/pages\/16223"}],"collection":[{"href":"https:\/\/www.andbank.com\/andorra\/fr\/wp-json\/wp\/v2\/pages"}],"about":[{"href":"https:\/\/www.andbank.com\/andorra\/fr\/wp-json\/wp\/v2\/types\/page"}],"author":[{"embeddable":true,"href":"https:\/\/www.andbank.com\/andorra\/fr\/wp-json\/wp\/v2\/users\/18"}],"replies":[{"embeddable":true,"href":"https:\/\/www.andbank.com\/andorra\/fr\/wp-json\/wp\/v2\/comments?post=16223"}],"version-history":[{"count":2,"href":"https:\/\/www.andbank.com\/andorra\/fr\/wp-json\/wp\/v2\/pages\/16223\/revisions"}],"predecessor-version":[{"id":26246,"href":"https:\/\/www.andbank.com\/andorra\/fr\/wp-json\/wp\/v2\/pages\/16223\/revisions\/26246"}],"wp:featuredmedia":[{"embeddable":true,"href":"https:\/\/www.andbank.com\/andorra\/fr\/wp-json\/wp\/v2\/media\/15774"}],"wp:attachment":[{"href":"https:\/\/www.andbank.com\/andorra\/fr\/wp-json\/wp\/v2\/media?parent=16223"}],"wp:term":[{"taxonomy":"yst_prominent_words","embeddable":true,"href":"https:\/\/www.andbank.com\/andorra\/fr\/wp-json\/wp\/v2\/yst_prominent_words?post=16223"}],"curies":[{"name":"wp","href":"https:\/\/api.w.org\/{rel}","templated":true}]}}