{"id":23886,"date":"2022-02-17T19:37:16","date_gmt":"2022-02-17T17:37:16","guid":{"rendered":"https:\/\/www.andbank.com\/andorra\/particuliers\/comptes-et-cartes\/cartes\/cartes-de-credit\/visa-solidaria\/"},"modified":"2022-05-24T16:42:54","modified_gmt":"2022-05-24T14:42:54","slug":"visa-solidaria","status":"publish","type":"page","link":"https:\/\/www.andbank.com\/andorra\/fr\/particuliers\/comptes-et-cartes\/cartes\/cartes-de-credit\/visa-solidaria\/","title":{"rendered":"Visa Solidaria"},"content":{"rendered":"<h2>Travailler ensemble<\/h2>\n<p>&nbsp;<br \/>\nAvec notre carte de solidarit\u00e9 Andbank, le 25% des frais d&rsquo;\u00e9mission et de maintenance seront revers\u00e9s \u00e0 l&rsquo;h\u00f4pital Sant Joan de D\u00e9u.<br \/>\n&nbsp;<\/p>\n<h2>Avantages de la carte Visa Solidaria<\/h2>\n<ul>\n<li><b>Flexibilit\u00e9.<\/b> Elle vous permet de payer vos achats ou services de fa\u00e7on pratique et s\u00fbre.<\/li>\n<li><b>S\u00e9curit\u00e9.<\/b> S\u00e9curit\u00e9 maximale contre les utilisations frauduleuses gr\u00e2ce \u00e0 la technologie EMV (puce) et au contr\u00f4le m\u00e9thodique pour d\u00e9tecter les op\u00e9rations frauduleuses.<\/li>\n<li><b>Assurance gratuite<\/b> Accident de voyage dans les transports publics avec la carte Visa Classic. Veuillez consulter <a href=\"https:\/\/www.andbank.com\/andorra\/wp-content\/uploads\/sites\/10\/2022\/05\/PO\u0300LISSA-ASSISTE\u0300NCIA-EN-VIATGE-CLASSIC-2021-FR.pdf\" target=\"_blank\" rel=\"noopener\">ici<\/a> les couvertures incluses. <\/li>\n<p>T\u00e9l. d\u2019urgence: <a href=\"tel:+34934631234\">+34 93 463 12 34<\/a> <\/p>\n<li><b>Assurance antifraude facultative.<\/b> Vous pouvez b\u00e9n\u00e9ficier d\u2019une assurance antifraude de 18,75 \u20ac par an pour vous couvrir en cas de perte ou de vol de votre carte.<\/li>\n<li><b>Remises<\/b> dans les stations-service d\u2019Andorre du Groupe Artal, Cepsa et Elf, et leurs filiales<\/li>\n<li>Vaste r\u00e9sseau de <b>distribuiteurs automatiques<\/b>: 23 billetteries en Andorre et plus de 800.000 dans le monde entier.<\/li>\n<\/ul>\n<p>&nbsp;<\/p>\n<h2>Caract\u00e9ristiques<\/h2>\n<ul>\n<li><b>Flexibilit\u00e9 de paiement.<\/b> Le client peut choisir de r\u00e9gler tous ses achats \u00e0 la fin du mois ou de diff\u00e9rer ses paiements en mensualit\u00e9s en pourcentage ou en montants fixes.<\/li>\n<li><b>Un comptable personnel<\/b>. L\u2019information la plus d\u00e9taill\u00e9e, mensuellement, annuellement et facultativement bimensuellement par type d\u2019op\u00e9ration, secteur d\u2019activit\u00e9 et pays.<\/li>\n<li>Syst\u00e8me de paiement <b><i>Sans contact<\/i><\/b> qui vous permet de payer de mani\u00e8re rapide, confortable et en toute s\u00e9curit\u00e9 en approchant simplement votre carte du terminal de paiement TPE.<\/li>\n<li><b>Achats en ligne s\u00e9curis\u00e9s<\/b> <i>Visa Secure<\/i>. PProt\u00e9gez votre carte Visa avec un code personnel pour vos achats sur internet. Le seul service qui garantit l\u2019authentification et l\u2019identification des utilisateurs des cartes et des commerces \u00e9lectroniques affili\u00e9.<\/li>\n<li><b>Service d\u2019alerte par SMS<\/b>. Nous vous informerons par SMS des achats que vous effectuez avec votre carte chaque fois que vous effectuez une transaction sup\u00e9rieure \u00e0 50 \u20ac. Vous recevrez un sms sur votre t\u00e9l\u00e9phone portable qui vous informera du montant effectu\u00e9 et de l\u2019entreprise ou commerce o\u00f9 vous l\u2019avez effectu\u00e9. Consultez votre gestionnaire pour obtenir le service.<\/li>\n<\/ul>\n<p>&nbsp;<\/p>\n<h6>Cout de la prestation : 1,00 \u20ac par mois<\/h6>\n<p>&nbsp;<\/p>\n<h4>T\u00e9l\u00e9phones d\u2019urgence en cas de perte ou de vol:<\/h4>\n<p><a href=\"tel:+376739039\">+376 739 039<\/a><br \/>\n<a href=\"tel:+34913626200\">+34 913 62 62 00<\/a><br \/>\n<a href=\"tel:+18008472911\">+1 800 847 29 11 (EEUU)<\/a><br \/>\n&nbsp;<\/p>\n<h4><strong>* Couvertures de l\u2019assurance antifraude.<\/strong><\/h4>\n<ul>\n<li>L\u2019assurance antifraude couvre la perte, le vol ou le cambriolage. Sont compris les achats r\u00e9gl\u00e9s avec la carte, les pr\u00e9l\u00e8vements en esp\u00e8ces dans des distributeurs automatiques, ainsi que les transactions effectu\u00e9es par Internet et par t\u00e9l\u00e9phone.<\/li>\n<li>La couverture de sinistres occasionn\u00e9s par ces cas garantit le versement d\u2019indemnisations allant jusqu\u2019aux montants suivants :<br \/>\n&nbsp;&nbsp;&nbsp;&nbsp;&nbsp;&nbsp;&nbsp;&nbsp;&#8211; Carte Electron : 1.500\u20ac par sinistre<br \/>\n&nbsp;&nbsp;&nbsp;&nbsp;&nbsp;&nbsp;&nbsp;&nbsp;&#8211; Carte Classic : 3.000\u20ac par sinistre<br \/>\n&nbsp;&nbsp;&nbsp;&nbsp;&nbsp;&nbsp;&nbsp;&nbsp;&#8211; Carte Or : 6.000\u20ac par sinistre<br \/>\n&nbsp;&nbsp;&nbsp;&nbsp;&nbsp;&nbsp;&nbsp;&nbsp;&#8211; Carte Platinum : 12.000\u20ac par sinistre<\/p>\n<li>L\u2019assurance est limit\u00e9e \u00e0 35 op\u00e9rations.<\/li>\n<li>Jusqu\u2019\u00e0 72 heures avant le d\u00e9p\u00f4t de la plainte, qui doit avoir \u00e9t\u00e9 d\u00e9pos\u00e9e au cours des 45 derniers jours.<\/li>\n<\/ul>\n","protected":false},"excerpt":{"rendered":"<p>Travailler ensemble &nbsp; Avec notre carte de solidarit\u00e9 Andbank, le 25% des frais d&rsquo;\u00e9mission et de maintenance seront revers\u00e9s \u00e0 l&rsquo;h\u00f4pital Sant Joan de D\u00e9u. &nbsp; Avantages de la carte Visa Solidaria Flexibilit\u00e9. Elle vous permet de payer vos achats ou services de fa\u00e7on pratique et s\u00fbre. S\u00e9curit\u00e9. S\u00e9curit\u00e9 maximale contre les utilisations frauduleuses gr\u00e2ce [&hellip;]<\/p>\n","protected":false},"author":28,"featured_media":23474,"parent":2432,"menu_order":1,"comment_status":"closed","ping_status":"closed","template":"","meta":{"_acf_changed":false,"footnotes":""},"yst_prominent_words":[1917],"class_list":["post-23886","page","type-page","status-publish","has-post-thumbnail","hentry"],"acf":[],"_links":{"self":[{"href":"https:\/\/www.andbank.com\/andorra\/fr\/wp-json\/wp\/v2\/pages\/23886"}],"collection":[{"href":"https:\/\/www.andbank.com\/andorra\/fr\/wp-json\/wp\/v2\/pages"}],"about":[{"href":"https:\/\/www.andbank.com\/andorra\/fr\/wp-json\/wp\/v2\/types\/page"}],"author":[{"embeddable":true,"href":"https:\/\/www.andbank.com\/andorra\/fr\/wp-json\/wp\/v2\/users\/28"}],"replies":[{"embeddable":true,"href":"https:\/\/www.andbank.com\/andorra\/fr\/wp-json\/wp\/v2\/comments?post=23886"}],"version-history":[{"count":3,"href":"https:\/\/www.andbank.com\/andorra\/fr\/wp-json\/wp\/v2\/pages\/23886\/revisions"}],"predecessor-version":[{"id":24184,"href":"https:\/\/www.andbank.com\/andorra\/fr\/wp-json\/wp\/v2\/pages\/23886\/revisions\/24184"}],"up":[{"embeddable":true,"href":"https:\/\/www.andbank.com\/andorra\/fr\/wp-json\/wp\/v2\/pages\/2432"}],"wp:featuredmedia":[{"embeddable":true,"href":"https:\/\/www.andbank.com\/andorra\/fr\/wp-json\/wp\/v2\/media\/23474"}],"wp:attachment":[{"href":"https:\/\/www.andbank.com\/andorra\/fr\/wp-json\/wp\/v2\/media?parent=23886"}],"wp:term":[{"taxonomy":"yst_prominent_words","embeddable":true,"href":"https:\/\/www.andbank.com\/andorra\/fr\/wp-json\/wp\/v2\/yst_prominent_words?post=23886"}],"curies":[{"name":"wp","href":"https:\/\/api.w.org\/{rel}","templated":true}]}}