{"id":2429,"date":"2017-04-19T16:57:41","date_gmt":"2017-04-19T14:57:41","guid":{"rendered":"https:\/\/www.andbank.com\/andorra\/particuliers\/comptes-et-cartes\/compte-jeune\/"},"modified":"2019-10-22T13:05:29","modified_gmt":"2019-10-22T11:05:29","slug":"compte-jeune","status":"publish","type":"page","link":"https:\/\/www.andbank.com\/andorra\/fr\/particuliers\/comptes-et-cartes\/compte-jeune\/","title":{"rendered":"Compte Amic"},"content":{"rendered":"<h3><em>Compte Amic<\/em> -Le compte des experts en croissance<\/h3>\n<p>&nbsp;<\/p>\n<p>Le nouveau <em>Compte Amic<\/em> est un compte courant con\u00e7u pour les plus jeunes de la famille qui pourront y d\u00e9poser leurs \u00e9conomies tout en se b\u00e9n\u00e9ficiant d\u2019importants avantages et de d\u00e9tails\u00a0:<span class=\"Apple-converted-space\">\u00a0<\/span><\/p>\n<h4>Caract\u00e9ristiques du compte<\/h4>\n<ul>\n<li>De 0 a 18 ans<\/li>\n<li>Compte totalement gratuit, sans frais d\u2019ouverture, de maintenance ou d\u2019inactivit\u00e9<\/li>\n<li>Compte courant r\u00e9mun\u00e9r\u00e9 \u00e0 0,10 %<\/li>\n<li>Disponibilit\u00e9 imm\u00e9diate de l\u2019argent sans p\u00e9nalisation<\/li>\n<li>Possibilit\u00e9 d\u2019une carte Visa Electron d\u2019Andbank gratuite \u00e0 partir de 14 ans<\/li>\n<\/ul>\n<p>Les personnages du <em>Compte Amic<\/em> sont une s\u0153ur et un fr\u00e8re, Can\u00f2lich et Cerni, leurs amis, Anna et Esteve, et leur chien, Roc. A travers de ces personnages, cr\u00e9es par l\u2019artiste Pilar\u00edn Bay\u00e9s, les enfants pourront se sentir identifi\u00e9s et les petits apprendront \u00e0 se familiariser avec\u00a0leurs \u00e9conomies.<\/p>\n<p>Ouvrez un <em>Compte Amic<\/em> et un cadeau de bienvenue vous sera remis pour votre enfant.<\/p>\n<p>&nbsp;<\/p>\n<h5>Conditions particulaires:<\/h5>\n<ul>\n<li>Campagne dirig\u00e9e aux r\u00e9sidents d\u2019Andorre en g\u00e9n\u00e9ral.<span class=\"Apple-converted-space\">\u00a0<\/span><\/li>\n<li>Le titulaire du compte doit \u00eatre un unique mineur de 18 ans avec, au minimum, un tuteur responsable des op\u00e9rations comme repr\u00e9sentant.<span class=\"Apple-converted-space\">\u00a0<\/span><\/li>\n<li>R\u00e9mun\u00e9ration du compte courant avec un taux d\u2019int\u00e9r\u00eat du 0,10 % avec liquidation trimestrielle, selon conditions en vigueur et r\u00e9visable annuellement. Rendement sujet \u00e0 IRPF.<\/li>\n<li>Possibilit\u00e9 d\u2019annulation du compte.<span class=\"Apple-converted-space\">\u00a0<\/span><\/li>\n<li>\u00c0 partir des 18 ans du titulaire, la modalit\u00e9 du contrat <em>Compte Amic<\/em> changera \u00e0 compte courant traditionnel.<span class=\"Apple-converted-space\">\u00a0<\/span><\/li>\n<li>Pour l\u2019ouverture du compte, il est n\u00e9cessaire un document d\u2019identification du titulaire et du\/es repr\u00e9sentant\/s, ainsi que la justification de l\u2019origine des fonds.<\/li>\n<li>Le cadeau de bienvenue est en relation avec l\u2019\u00e2ge du mineur et sujet aux provisions.<span class=\"Apple-converted-space\">\u00a0<\/span><\/li>\n<li>La valeur du cadeau n\u2019est dans aucun cas \u00e9changeable en esp\u00e8ces.<\/li>\n<li>Possibilit\u00e9 de contracter des produits no complexes.<span class=\"Apple-converted-space\">\u00a0<\/span><\/li>\n<li>Le compte n\u2019admet pas de domiciliations ni de d\u00e9compte de traites, il n\u2019est pas possible de s\u2019endetter ni de l\u2019utiliser comme garanties propres ou \u00e0 tiers.<span class=\"Apple-converted-space\">\u00a0<\/span><\/li>\n<\/ul>\n","protected":false},"excerpt":{"rendered":"<p>Les meilleurs services sur votre compte jeune.<\/p>\n","protected":false},"author":1,"featured_media":7413,"parent":2426,"menu_order":174,"comment_status":"closed","ping_status":"closed","template":"template-detail.php","meta":{"_acf_changed":false,"footnotes":""},"yst_prominent_words":[1963,1987,1991,1961,1994,769,1988,1957,1986,1993,756,1984,1992,1995,361,1989,1996,1990,1997,753],"class_list":["post-2429","page","type-page","status-publish","has-post-thumbnail","hentry"],"acf":[],"_links":{"self":[{"href":"https:\/\/www.andbank.com\/andorra\/fr\/wp-json\/wp\/v2\/pages\/2429"}],"collection":[{"href":"https:\/\/www.andbank.com\/andorra\/fr\/wp-json\/wp\/v2\/pages"}],"about":[{"href":"https:\/\/www.andbank.com\/andorra\/fr\/wp-json\/wp\/v2\/types\/page"}],"author":[{"embeddable":true,"href":"https:\/\/www.andbank.com\/andorra\/fr\/wp-json\/wp\/v2\/users\/1"}],"replies":[{"embeddable":true,"href":"https:\/\/www.andbank.com\/andorra\/fr\/wp-json\/wp\/v2\/comments?post=2429"}],"version-history":[{"count":0,"href":"https:\/\/www.andbank.com\/andorra\/fr\/wp-json\/wp\/v2\/pages\/2429\/revisions"}],"up":[{"embeddable":true,"href":"https:\/\/www.andbank.com\/andorra\/fr\/wp-json\/wp\/v2\/pages\/2426"}],"wp:featuredmedia":[{"embeddable":true,"href":"https:\/\/www.andbank.com\/andorra\/fr\/wp-json\/wp\/v2\/media\/7413"}],"wp:attachment":[{"href":"https:\/\/www.andbank.com\/andorra\/fr\/wp-json\/wp\/v2\/media?parent=2429"}],"wp:term":[{"taxonomy":"yst_prominent_words","embeddable":true,"href":"https:\/\/www.andbank.com\/andorra\/fr\/wp-json\/wp\/v2\/yst_prominent_words?post=2429"}],"curies":[{"name":"wp","href":"https:\/\/api.w.org\/{rel}","templated":true}]}}