{"id":2443,"date":"2017-04-19T17:48:17","date_gmt":"2017-04-19T15:48:17","guid":{"rendered":"https:\/\/www.andbank.com\/andorra\/particuliers\/assurances\/andvida\/"},"modified":"2019-10-23T09:29:58","modified_gmt":"2019-10-23T07:29:58","slug":"andvida","status":"publish","type":"page","link":"https:\/\/www.andbank.com\/andorra\/fr\/particuliers\/assurances\/andvida\/","title":{"rendered":"AndVida"},"content":{"rendered":"<h2>AndVida vous offre un large \u00e9ventail de couvertures\u00a0:<\/h2>\n<ul>\n<li>Couverture en cas de d\u00e9c\u00e8s.<\/li>\n<li>Couverture en cas d&rsquo;invalidit\u00e9 absolue et permanente.<\/li>\n<li>D\u00e9c\u00e8s par accident.<\/li>\n<li>Invalidit\u00e9 absolue et permanente due \u00e0 un accident.<\/li>\n<li>D\u00e9c\u00e8s par accident de la route.<\/li>\n<li>Invalidit\u00e9 absolue et permanente due \u00e0 un accident de la route.<\/li>\n<li>Maladies graves.<\/li>\n<\/ul>\n<h2>AndVida propose une flexibilit\u00e9 dans le format de la police.<\/h2>\n<ul>\n<li>Avec une police unique, vous avez la possibilit\u00e9 de d\u00e9signer diff\u00e9rents b\u00e9n\u00e9ficiaires qui recevraient un capital compl\u00e9mentaire aux prestations sociales.<\/li>\n<li>Libre choix des b\u00e9n\u00e9ficiaires ce qui permet de distribuer le capital d\u2019une mani\u00e8re diff\u00e9rente \u00e0 celle \u00e9tablie par la Loi.<\/li>\n<li>Dans le cas de polices li\u00e9es aux pr\u00eats \u00e0 la consommation ou hypoth\u00e9caires, il est possible d\u2019accro\u00eetre le capital assur\u00e9 en ce qui concerne le montant restant \u00e0 amortir. De cette fa\u00e7on, une fois que la banque liquide la dette existante, votre entourage profitera du capital restant.<\/li>\n<\/ul>\n<h4>Couvertures qui s\u2019adaptent \u00e0 diff\u00e9rentes situations.<\/h4>\n<ul>\n<li>Jeunes sans enfants.<\/li>\n<li>Ayant des enfants mineurs.<\/li>\n<li>Sans enfants.<\/li>\n<\/ul>\n<p><strong>AndVida offre une certaine souplesse quant \u00e0 la modalit\u00e9 de paiement. L\u2019assur\u00e9 peut choisir le fractionnement du paiement de la police\u00a0: annuel, semestriel, trimestriel ou mensuel.<\/strong><\/p>\n<p>Si vous voulez en savoir plus sur AndVida, cliquez <b><a href=\"https:\/\/www.andbank.com\/andorra\/wp-content\/uploads\/sites\/10\/2017\/09\/Andbank_Diptic_Andvida.pdf\" target=\"_blank\" rel=\"noopener noreferrer\">ici<\/a>\u00a0<\/b><\/p>\n<p>Consultez votre g\u00e9rant ou Andbank Assegurances, t\u00e9l. +376\u00a0881\u00a0965, pour toute question ou renseignement compl\u00e9mentaire.<\/p>\n","protected":false},"excerpt":{"rendered":"<p>Assurez votre tranquillit\u00e9 avec AndVida pour que, quoi qu\u2019il arrive, vos proches vivent sans soucis.<\/p>\n","protected":false},"author":1,"featured_media":4487,"parent":2442,"menu_order":89,"comment_status":"closed","ping_status":"closed","template":"template-detail.php","meta":{"_acf_changed":false,"footnotes":""},"yst_prominent_words":[],"class_list":["post-2443","page","type-page","status-publish","has-post-thumbnail","hentry"],"acf":[],"_links":{"self":[{"href":"https:\/\/www.andbank.com\/andorra\/fr\/wp-json\/wp\/v2\/pages\/2443"}],"collection":[{"href":"https:\/\/www.andbank.com\/andorra\/fr\/wp-json\/wp\/v2\/pages"}],"about":[{"href":"https:\/\/www.andbank.com\/andorra\/fr\/wp-json\/wp\/v2\/types\/page"}],"author":[{"embeddable":true,"href":"https:\/\/www.andbank.com\/andorra\/fr\/wp-json\/wp\/v2\/users\/1"}],"replies":[{"embeddable":true,"href":"https:\/\/www.andbank.com\/andorra\/fr\/wp-json\/wp\/v2\/comments?post=2443"}],"version-history":[{"count":0,"href":"https:\/\/www.andbank.com\/andorra\/fr\/wp-json\/wp\/v2\/pages\/2443\/revisions"}],"up":[{"embeddable":true,"href":"https:\/\/www.andbank.com\/andorra\/fr\/wp-json\/wp\/v2\/pages\/2442"}],"wp:featuredmedia":[{"embeddable":true,"href":"https:\/\/www.andbank.com\/andorra\/fr\/wp-json\/wp\/v2\/media\/4487"}],"wp:attachment":[{"href":"https:\/\/www.andbank.com\/andorra\/fr\/wp-json\/wp\/v2\/media?parent=2443"}],"wp:term":[{"taxonomy":"yst_prominent_words","embeddable":true,"href":"https:\/\/www.andbank.com\/andorra\/fr\/wp-json\/wp\/v2\/yst_prominent_words?post=2443"}],"curies":[{"name":"wp","href":"https:\/\/api.w.org\/{rel}","templated":true}]}}