{"id":2444,"date":"2017-04-19T17:48:26","date_gmt":"2017-04-19T15:48:26","guid":{"rendered":"https:\/\/www.andbank.com\/andorra\/particuliers\/assurances\/andsalut\/"},"modified":"2021-04-13T12:53:21","modified_gmt":"2021-04-13T10:53:21","slug":"andsalut","status":"publish","type":"page","link":"https:\/\/www.andbank.com\/andorra\/fr\/particuliers\/assurances\/andsalut\/","title":{"rendered":"AndSalut"},"content":{"rendered":"<h2>Soins de sant\u00e9 AndSalut<\/h2>\n<p>Andbank Assegurances cr\u00e9e une couverture \u00e0 vie de soins de sant\u00e9 en compl\u00e9ment d\u2019AndVida dans le but de fournir une assurance sant\u00e9 adapt\u00e9e \u00e0 vos besoins et qui r\u00e9ponde \u00e0 la r\u00e9alit\u00e9 de la sant\u00e9.<\/p>\n<h2>Andbank Assegurances propose trois modalit\u00e9s d&rsquo;AndSalut<\/h2>\n<ul>\n<li><strong>AndSalut<\/strong> : couverture de tous les frais encourus jusqu&rsquo; \u00e0 100\u00a0% des tarifs de responsabilit\u00e9 de la CASS. Actes non contractuels avec couverture CASS jusqu&rsquo; \u00e0 58\u00a0%.<\/li>\n<li><strong>AndSalut \u00d3ptima<\/strong>: En plus de la couverture d&rsquo;AndSalut, elle couvre les \u00e9v\u00e9nements non inclus dans le CASS, tels que les proth\u00e8ses dentaires, l&rsquo;optique ou les\u00a0s\u00e9ances de chiropratique et d&rsquo;ost\u00e9opathie.<\/li>\n<li><strong>AndSalut Plus<\/strong> : couverture jusqu&rsquo; \u00e0 100 % des frais r\u00e9els non couverts par la CASS, avec une totale libert\u00e9 de choix pour les m\u00e9decins et les h\u00f4pitaux, sans limite g\u00e9ographique ou de sp\u00e9cialit\u00e9.<\/li>\n<\/ul>\n<p>Avec de nouvelles prestations et les meilleures conditions pour que vous n&rsquo;ayez aucun doute en les souscrivant.<\/p>\n<h2>Arr\u00eat de travail<\/h2>\n<p>Garantit une aide financi\u00e8re en cas de maladie ou d&rsquo;accident, tant pour les salari\u00e9s que pour les ind\u00e9pendants.<\/p>\n<p>Si vous voulez en savoir plus sur AndSalut, cliquez <a href=\"https:\/\/www.andbank.com\/andorra\/wp-content\/uploads\/sites\/10\/2017\/04\/Diptic-Andsalut-2020-JULIOL.pdf\" target=\"_blank\" rel=\"noopener\"><b>ici<\/b><\/a><\/p>\n<p>Consultez votre g\u00e9rant ou Andbank Assegurances, t\u00e9l. +376\u00a0881\u00a0965, pour toute question ou renseignement compl\u00e9mentaire.<\/p>\n","protected":false},"excerpt":{"rendered":"<p>Votre assurance entre de bonnes mains<\/p>\n","protected":false},"author":1,"featured_media":4479,"parent":2442,"menu_order":97,"comment_status":"closed","ping_status":"closed","template":"template-detail.php","meta":{"_acf_changed":false,"footnotes":""},"yst_prominent_words":[4196,107,4159,4163,4166,769,4167,4198,727,631,4199,4194,4193,4202,724,632,753,4197,4195,758],"class_list":["post-2444","page","type-page","status-publish","has-post-thumbnail","hentry"],"acf":[],"_links":{"self":[{"href":"https:\/\/www.andbank.com\/andorra\/fr\/wp-json\/wp\/v2\/pages\/2444"}],"collection":[{"href":"https:\/\/www.andbank.com\/andorra\/fr\/wp-json\/wp\/v2\/pages"}],"about":[{"href":"https:\/\/www.andbank.com\/andorra\/fr\/wp-json\/wp\/v2\/types\/page"}],"author":[{"embeddable":true,"href":"https:\/\/www.andbank.com\/andorra\/fr\/wp-json\/wp\/v2\/users\/1"}],"replies":[{"embeddable":true,"href":"https:\/\/www.andbank.com\/andorra\/fr\/wp-json\/wp\/v2\/comments?post=2444"}],"version-history":[{"count":0,"href":"https:\/\/www.andbank.com\/andorra\/fr\/wp-json\/wp\/v2\/pages\/2444\/revisions"}],"up":[{"embeddable":true,"href":"https:\/\/www.andbank.com\/andorra\/fr\/wp-json\/wp\/v2\/pages\/2442"}],"wp:featuredmedia":[{"embeddable":true,"href":"https:\/\/www.andbank.com\/andorra\/fr\/wp-json\/wp\/v2\/media\/4479"}],"wp:attachment":[{"href":"https:\/\/www.andbank.com\/andorra\/fr\/wp-json\/wp\/v2\/media?parent=2444"}],"wp:term":[{"taxonomy":"yst_prominent_words","embeddable":true,"href":"https:\/\/www.andbank.com\/andorra\/fr\/wp-json\/wp\/v2\/yst_prominent_words?post=2444"}],"curies":[{"name":"wp","href":"https:\/\/api.w.org\/{rel}","templated":true}]}}