{"id":2453,"date":"2017-04-19T17:57:45","date_gmt":"2017-04-19T15:57:45","guid":{"rendered":"https:\/\/www.andbank.com\/andorra\/entreprises\/financement\/polices-de-credit\/"},"modified":"2019-11-06T18:05:10","modified_gmt":"2019-11-06T16:05:10","slug":"polices-de-credit","status":"publish","type":"page","link":"https:\/\/www.andbank.com\/andorra\/fr\/entreprises\/financement\/polices-de-credit\/","title":{"rendered":"Polices de cr\u00e9dit"},"content":{"rendered":"<h2>Avantages de la police de cr\u00e9dit :<\/h2>\n<ol>\n<li>Paiement d&rsquo;int\u00e9r\u00eats uniquement pour la somme utilis\u00e9e.<\/li>\n<li>Par sa condition de compte courant, il vous permet de canaliser les op\u00e9rations courantes de votre entreprise.<\/li>\n<li>Consultation du solde utilis\u00e9 sur Internet par e-andbank d&rsquo;entreprises.<\/li>\n<\/ol>\n","protected":false},"excerpt":{"rendered":"<p>La ligne de cr\u00e9dit est un cr\u00e9dit sur compte courant qui vous permettra de financer le capital circulant d&rsquo;une fa\u00e7on plus flexible.<\/p>\n","protected":false},"author":1,"featured_media":1776,"parent":2450,"menu_order":77,"comment_status":"closed","ping_status":"closed","template":"template-detail.php","meta":{"_acf_changed":false,"footnotes":""},"yst_prominent_words":[],"class_list":["post-2453","page","type-page","status-publish","has-post-thumbnail","hentry"],"acf":[],"_links":{"self":[{"href":"https:\/\/www.andbank.com\/andorra\/fr\/wp-json\/wp\/v2\/pages\/2453"}],"collection":[{"href":"https:\/\/www.andbank.com\/andorra\/fr\/wp-json\/wp\/v2\/pages"}],"about":[{"href":"https:\/\/www.andbank.com\/andorra\/fr\/wp-json\/wp\/v2\/types\/page"}],"author":[{"embeddable":true,"href":"https:\/\/www.andbank.com\/andorra\/fr\/wp-json\/wp\/v2\/users\/1"}],"replies":[{"embeddable":true,"href":"https:\/\/www.andbank.com\/andorra\/fr\/wp-json\/wp\/v2\/comments?post=2453"}],"version-history":[{"count":0,"href":"https:\/\/www.andbank.com\/andorra\/fr\/wp-json\/wp\/v2\/pages\/2453\/revisions"}],"up":[{"embeddable":true,"href":"https:\/\/www.andbank.com\/andorra\/fr\/wp-json\/wp\/v2\/pages\/2450"}],"wp:featuredmedia":[{"embeddable":true,"href":"https:\/\/www.andbank.com\/andorra\/fr\/wp-json\/wp\/v2\/media\/1776"}],"wp:attachment":[{"href":"https:\/\/www.andbank.com\/andorra\/fr\/wp-json\/wp\/v2\/media?parent=2453"}],"wp:term":[{"taxonomy":"yst_prominent_words","embeddable":true,"href":"https:\/\/www.andbank.com\/andorra\/fr\/wp-json\/wp\/v2\/yst_prominent_words?post=2453"}],"curies":[{"name":"wp","href":"https:\/\/api.w.org\/{rel}","templated":true}]}}