{"id":2455,"date":"2017-04-19T17:59:43","date_gmt":"2017-04-19T15:59:43","guid":{"rendered":"https:\/\/www.andbank.com\/andorra\/entreprises\/placement\/tresorerie\/"},"modified":"2019-10-23T16:08:15","modified_gmt":"2019-10-23T14:08:15","slug":"tresorerie","status":"publish","type":"page","link":"https:\/\/www.andbank.com\/andorra\/fr\/entreprises\/placement\/tresorerie\/","title":{"rendered":"Tr\u00e9sorerie"},"content":{"rendered":"<p>Depuis Andbank nous voulons aider l&rsquo;entrepreneur \u00e0 b\u00e9n\u00e9ficier d&rsquo;une planification financi\u00e8re efficace et le conseiller sur les meilleures op\u00e9rations et gestions financi\u00e8res<\/p>\n<p>Pour ce motif, nous vous offrons une vaste gamme de services sur mesure pour optimiser les b\u00e9n\u00e9fices des entreprises.<\/p>\n<ol>\n<li><strong>Gestion des exc\u00e9dents de tr\u00e9sorerie.<\/strong> Effectuez des placements temporaires avec les points de tr\u00e9sorerie.<\/li>\n<li><strong>Bons, traites et obligations.<\/strong> Si vous avez des paiements futurs, nous vous conseillons pour contr\u00f4ler les \u00e9ch\u00e9ances de vos placements.<\/li>\n<li><strong>Couvertures du risque de change.<\/strong> Pour des achats ou des ventes hors de la zone euro.<\/li>\n<li><strong>Couvertures du taux d&rsquo;int\u00e9r\u00eat.<\/strong> Vaste gamme de couvertures.<\/li>\n<\/ol>\n","protected":false},"excerpt":{"rendered":"<p>Planifiez votre placement financier avec les meilleurs conseillers<\/p>\n","protected":false},"author":1,"featured_media":1752,"parent":2454,"menu_order":45,"comment_status":"closed","ping_status":"closed","template":"template-detail.php","meta":{"_acf_changed":false,"footnotes":""},"yst_prominent_words":[5248,5245,756,757,631,5254,760,4722,5257,753,1034,5255,5252,5243,761],"class_list":["post-2455","page","type-page","status-publish","has-post-thumbnail","hentry"],"acf":[],"_links":{"self":[{"href":"https:\/\/www.andbank.com\/andorra\/fr\/wp-json\/wp\/v2\/pages\/2455"}],"collection":[{"href":"https:\/\/www.andbank.com\/andorra\/fr\/wp-json\/wp\/v2\/pages"}],"about":[{"href":"https:\/\/www.andbank.com\/andorra\/fr\/wp-json\/wp\/v2\/types\/page"}],"author":[{"embeddable":true,"href":"https:\/\/www.andbank.com\/andorra\/fr\/wp-json\/wp\/v2\/users\/1"}],"replies":[{"embeddable":true,"href":"https:\/\/www.andbank.com\/andorra\/fr\/wp-json\/wp\/v2\/comments?post=2455"}],"version-history":[{"count":0,"href":"https:\/\/www.andbank.com\/andorra\/fr\/wp-json\/wp\/v2\/pages\/2455\/revisions"}],"up":[{"embeddable":true,"href":"https:\/\/www.andbank.com\/andorra\/fr\/wp-json\/wp\/v2\/pages\/2454"}],"wp:featuredmedia":[{"embeddable":true,"href":"https:\/\/www.andbank.com\/andorra\/fr\/wp-json\/wp\/v2\/media\/1752"}],"wp:attachment":[{"href":"https:\/\/www.andbank.com\/andorra\/fr\/wp-json\/wp\/v2\/media?parent=2455"}],"wp:term":[{"taxonomy":"yst_prominent_words","embeddable":true,"href":"https:\/\/www.andbank.com\/andorra\/fr\/wp-json\/wp\/v2\/yst_prominent_words?post=2455"}],"curies":[{"name":"wp","href":"https:\/\/api.w.org\/{rel}","templated":true}]}}