{"id":2456,"date":"2017-04-19T17:59:48","date_gmt":"2017-04-19T15:59:48","guid":{"rendered":"https:\/\/www.andbank.com\/andorra\/entreprises\/placement\/gestion-de-lentreprise\/"},"modified":"2019-11-06T17:37:32","modified_gmt":"2019-11-06T15:37:32","slug":"gestion-de-lentreprise","status":"publish","type":"page","link":"https:\/\/www.andbank.com\/andorra\/fr\/entreprises\/placement\/gestion-de-lentreprise\/","title":{"rendered":"Gestion de l&rsquo;entreprise"},"content":{"rendered":"<p>Une gestion optimale de l&rsquo;entreprise et de votre b\u00e9n\u00e9fice est importante pour votre d\u00e9veloppement et votre croissance.<\/p>\n<p>Pour ce motif, nous sommes \u00e0 vos c\u00f4t\u00e9s pour vous conseiller et vous offrir notre service sur mesure et personnalis\u00e9, pour chaque entreprise, pour chaque occasion.<\/p>\n<ol>\n<li><strong>Fonds de placement \u2013<\/strong> nous vous offrons un large \u00e9ventail de <a href=\"https:\/\/www.andbank.com\/andorra\/fr\/banque-privee\/nos-services\/instruments-de-placement\/nos-fonds\/\">fonds de placement<\/a> pour choisir celui qui convient le mieux \u00e0 votre entreprise.<\/li>\n<li><strong>Plans d\u2019\u00e9pargne \u2013<\/strong> nous vous offrons un service de pr\u00e9voyance pour que vous puissiez concevoir un plan d\u2019avantages sociaux et une couverture \u00e9conomique pour les employ\u00e9s de votre entreprise.<\/li>\n<li><strong>Conseil global<\/strong> &#8211; notre \u00e9quipe de conseillers financiers vous conseillera afin que vous puissiez choisir le projet qui s&rsquo;identifie le mieux \u00e0 votre entreprise<\/li>\n<\/ol>\n","protected":false},"excerpt":{"rendered":"<p>Les meilleurs produits sur mesure et con\u00e7us pour optimiser les b\u00e9n\u00e9fices des entreprises<\/p>\n","protected":false},"author":1,"featured_media":1758,"parent":2454,"menu_order":61,"comment_status":"closed","ping_status":"closed","template":"template-detail.php","meta":{"_acf_changed":false,"footnotes":""},"yst_prominent_words":[1930,5354,631,5098,5358,5352,5349,5348,5359,5353,5350,4722,5351,753,5356,754,5355,761,5357,5360],"class_list":["post-2456","page","type-page","status-publish","has-post-thumbnail","hentry"],"acf":[],"_links":{"self":[{"href":"https:\/\/www.andbank.com\/andorra\/fr\/wp-json\/wp\/v2\/pages\/2456"}],"collection":[{"href":"https:\/\/www.andbank.com\/andorra\/fr\/wp-json\/wp\/v2\/pages"}],"about":[{"href":"https:\/\/www.andbank.com\/andorra\/fr\/wp-json\/wp\/v2\/types\/page"}],"author":[{"embeddable":true,"href":"https:\/\/www.andbank.com\/andorra\/fr\/wp-json\/wp\/v2\/users\/1"}],"replies":[{"embeddable":true,"href":"https:\/\/www.andbank.com\/andorra\/fr\/wp-json\/wp\/v2\/comments?post=2456"}],"version-history":[{"count":0,"href":"https:\/\/www.andbank.com\/andorra\/fr\/wp-json\/wp\/v2\/pages\/2456\/revisions"}],"up":[{"embeddable":true,"href":"https:\/\/www.andbank.com\/andorra\/fr\/wp-json\/wp\/v2\/pages\/2454"}],"wp:featuredmedia":[{"embeddable":true,"href":"https:\/\/www.andbank.com\/andorra\/fr\/wp-json\/wp\/v2\/media\/1758"}],"wp:attachment":[{"href":"https:\/\/www.andbank.com\/andorra\/fr\/wp-json\/wp\/v2\/media?parent=2456"}],"wp:term":[{"taxonomy":"yst_prominent_words","embeddable":true,"href":"https:\/\/www.andbank.com\/andorra\/fr\/wp-json\/wp\/v2\/yst_prominent_words?post=2456"}],"curies":[{"name":"wp","href":"https:\/\/api.w.org\/{rel}","templated":true}]}}