{"id":2463,"date":"2017-04-20T11:01:37","date_gmt":"2017-04-20T09:01:37","guid":{"rendered":"https:\/\/www.andbank.com\/andorra\/qui-sommes-nous\/banque-a-distance\/guichets\/"},"modified":"2019-11-19T13:51:20","modified_gmt":"2019-11-19T11:51:20","slug":"guichets","status":"publish","type":"page","link":"https:\/\/www.andbank.com\/andorra\/fr\/qui-sommes-nous\/banque-a-distance\/guichets\/","title":{"rendered":"Guichets"},"content":{"rendered":"<p>Andbank met \u00e0 votre disposition son vaste <a href=\"https:\/\/www.andbank.com\/andorra\/fr\/nous-contacter\/\">r\u00e9seau de distributeurs automatiques<\/a>. Chaque fois que vous utilisez un distributeur automatique d&rsquo;Andbank, nous prot\u00e9geons votre carte (une proc\u00e9dure exclusive est mise en \u0153uvre pour vous prot\u00e9ger contre toute utilisation frauduleuse).<\/p>\n<p>Outre les fonctionnalit\u00e9s les plus traditionnelles des distributeurs, comme remettre de l&rsquo;argent ou consulter vos relev\u00e9s de comptes, les distributeurs d\u2019Andbank vous permettent \u00e9galement de\u00a0:<\/p>\n<ol>\n<li>Recharger votre t\u00e9l\u00e9phone portable avec le contrat Mobiland Clic !<\/li>\n<li>Modification de votre num\u00e9ro personnel (PIN).<\/li>\n<li>Obtention du <a href=\"https:\/\/www.andbank.com\/andorra\/fr\/particuliers\/comptes-et-cartes\/cartes\/services-et-avantages\/code-puk\/\">code de s\u00e9curit\u00e9 PUK<\/a> pour effectuer des achats s\u00e9curis\u00e9s sur Internet.<\/li>\n<\/ol>\n<h6>*Chaque fois que vous introduisez votre carte dans un distributeur automatique d&rsquo;Andbank, un proc\u00e9d\u00e9 exclusif la prot\u00e8ge contre tout duplicata frauduleux. Pour ce motif, nous vous sugg\u00e9rons de passer habituellement par l\u2019un des distributeurs automatiques d&rsquo;Andbank, surtout pour des op\u00e9rations hors de la principaut\u00e9 d&rsquo;Andorre.<\/h6>\n","protected":false},"excerpt":{"rendered":"<p>23 distributeurs en Andorre et plus de 800 000 dans le monde entier. La facilit\u00e9 d&rsquo;utiliser nos services 24 heures sur 24.<\/p>\n","protected":false},"author":1,"featured_media":1812,"parent":2458,"menu_order":65,"comment_status":"closed","ping_status":"closed","template":"template-detail.php","meta":{"_acf_changed":false,"footnotes":""},"yst_prominent_words":[],"class_list":["post-2463","page","type-page","status-publish","has-post-thumbnail","hentry"],"acf":[],"_links":{"self":[{"href":"https:\/\/www.andbank.com\/andorra\/fr\/wp-json\/wp\/v2\/pages\/2463"}],"collection":[{"href":"https:\/\/www.andbank.com\/andorra\/fr\/wp-json\/wp\/v2\/pages"}],"about":[{"href":"https:\/\/www.andbank.com\/andorra\/fr\/wp-json\/wp\/v2\/types\/page"}],"author":[{"embeddable":true,"href":"https:\/\/www.andbank.com\/andorra\/fr\/wp-json\/wp\/v2\/users\/1"}],"replies":[{"embeddable":true,"href":"https:\/\/www.andbank.com\/andorra\/fr\/wp-json\/wp\/v2\/comments?post=2463"}],"version-history":[{"count":0,"href":"https:\/\/www.andbank.com\/andorra\/fr\/wp-json\/wp\/v2\/pages\/2463\/revisions"}],"up":[{"embeddable":true,"href":"https:\/\/www.andbank.com\/andorra\/fr\/wp-json\/wp\/v2\/pages\/2458"}],"wp:featuredmedia":[{"embeddable":true,"href":"https:\/\/www.andbank.com\/andorra\/fr\/wp-json\/wp\/v2\/media\/1812"}],"wp:attachment":[{"href":"https:\/\/www.andbank.com\/andorra\/fr\/wp-json\/wp\/v2\/media?parent=2463"}],"wp:term":[{"taxonomy":"yst_prominent_words","embeddable":true,"href":"https:\/\/www.andbank.com\/andorra\/fr\/wp-json\/wp\/v2\/yst_prominent_words?post=2463"}],"curies":[{"name":"wp","href":"https:\/\/api.w.org\/{rel}","templated":true}]}}