{"id":26858,"date":"2025-08-21T18:51:34","date_gmt":"2025-08-21T16:51:34","guid":{"rendered":"https:\/\/www.andbank.com\/andorra\/?page_id=26858"},"modified":"2025-08-25T19:35:37","modified_gmt":"2025-08-25T17:35:37","slug":"visa-click-to-pay","status":"publish","type":"page","link":"https:\/\/www.andbank.com\/andorra\/fr\/particuliers\/comptes-et-cartes\/cartes\/services-et-avantages\/visa-click-to-pay\/","title":{"rendered":"Visa Click <span style=\"color:red; font-weight:bold;\">to Pay<\/span>"},"content":{"rendered":"<h1 style=\"text-align: center;color: red\">Activez Visa Click to Pay et r\u00e9glez vos achats en ligne de mani\u00e8re simple, rapide et s\u00e9curis\u00e9e<\/h1>\n<p>&nbsp;<\/p>\n<div style=\"padding:1px;text-align:center;\">\n<img decoding=\"async\" src=\"https:\/\/www.andbank.com\/wp-content\/uploads\/2025\/08\/clicktopay.png\" style=\"max-width:60%; height:auto;\"\/>\n<\/div>\n<div style=\"font-size:24px;text-align:justify;\">D\u00e9couvrez une nouvelle mani\u00e8re de payer sur Internet avec Visa Click to Pay. Vous n\u2019aurez plus \u00e0 saisir vos num\u00e9ros de carte \u00e0 chaque fois gr\u00e2ce \u00e0 une exp\u00e9rience de paiement simplifi\u00e9e et acc\u00e9l\u00e9r\u00e9e.<\/div>\n<h2>Les avantages:<\/h2>\n<p><\/p>\n<ul>\n<li><img decoding=\"async\" src=\"https:\/\/www.andbank.com\/andorra\/wp-content\/uploads\/sites\/10\/2025\/08\/maleta.png\" style=\"max-width:100%; height:auto; margin:4px;\" \/><strong>Accessible \u00e0 tous:<\/strong> Click to Pay est une fonctionnalit\u00e9 int\u00e9gr\u00e9e \u00e0 votre carte.<\/li>\n<li><img decoding=\"async\" src=\"https:\/\/www.andbank.com\/andorra\/wp-content\/uploads\/sites\/10\/2025\/08\/cara.png\"  style=\"max-width=auto; height:30px; margin:4px;\" \/><strong>Sans effort:<\/strong> vous n\u2019aurez plus \u00e0 saisir les informations de votre carte pour effectuer un achat.<\/li>\n<li><img decoding=\"async\" src=\"https:\/\/www.andbank.com\/andorra\/wp-content\/uploads\/sites\/10\/2025\/08\/candau.png\" style=\"max-width:100%; height:auto; margin:4px;\" \/>&nbsp;<strong>S\u00e9curit\u00e9 avanc\u00e9e:<\/strong> Visa utilise des technologies de s\u00e9curit\u00e9 qui prot\u00e8gent vos donn\u00e9es.<\/li>\n<\/ul>\n<div style=\"padding:2px;text-align:center;font-size:26px;\"><a href=\"https:\/\/www.visa.es\/paga-con-visa\/click-to-pay.html\" target=\"_blank\" rel=\"noopener\">Activer Visa click to Pay<\/a><\/div>\n","protected":false},"excerpt":{"rendered":"<p>Activez Visa Click to Pay et r\u00e9glez vos achats en ligne de mani\u00e8re simple, rapide et s\u00e9curis\u00e9e &nbsp; D\u00e9couvrez une nouvelle mani\u00e8re de payer sur Internet avec Visa Click to Pay. Vous n\u2019aurez plus \u00e0 saisir vos num\u00e9ros de carte \u00e0 chaque fois gr\u00e2ce \u00e0 une exp\u00e9rience de paiement simplifi\u00e9e et acc\u00e9l\u00e9r\u00e9e. Les avantages: Accessible [&hellip;]<\/p>\n","protected":false},"author":13,"featured_media":26827,"parent":2433,"menu_order":4,"comment_status":"closed","ping_status":"closed","template":"","meta":{"_acf_changed":false,"footnotes":""},"yst_prominent_words":[8529,320,1941,1602,1875],"class_list":["post-26858","page","type-page","status-publish","has-post-thumbnail","hentry"],"acf":[],"_links":{"self":[{"href":"https:\/\/www.andbank.com\/andorra\/fr\/wp-json\/wp\/v2\/pages\/26858"}],"collection":[{"href":"https:\/\/www.andbank.com\/andorra\/fr\/wp-json\/wp\/v2\/pages"}],"about":[{"href":"https:\/\/www.andbank.com\/andorra\/fr\/wp-json\/wp\/v2\/types\/page"}],"author":[{"embeddable":true,"href":"https:\/\/www.andbank.com\/andorra\/fr\/wp-json\/wp\/v2\/users\/13"}],"replies":[{"embeddable":true,"href":"https:\/\/www.andbank.com\/andorra\/fr\/wp-json\/wp\/v2\/comments?post=26858"}],"version-history":[{"count":3,"href":"https:\/\/www.andbank.com\/andorra\/fr\/wp-json\/wp\/v2\/pages\/26858\/revisions"}],"predecessor-version":[{"id":26902,"href":"https:\/\/www.andbank.com\/andorra\/fr\/wp-json\/wp\/v2\/pages\/26858\/revisions\/26902"}],"up":[{"embeddable":true,"href":"https:\/\/www.andbank.com\/andorra\/fr\/wp-json\/wp\/v2\/pages\/2433"}],"wp:featuredmedia":[{"embeddable":true,"href":"https:\/\/www.andbank.com\/andorra\/fr\/wp-json\/wp\/v2\/media\/26827"}],"wp:attachment":[{"href":"https:\/\/www.andbank.com\/andorra\/fr\/wp-json\/wp\/v2\/media?parent=26858"}],"wp:term":[{"taxonomy":"yst_prominent_words","embeddable":true,"href":"https:\/\/www.andbank.com\/andorra\/fr\/wp-json\/wp\/v2\/yst_prominent_words?post=26858"}],"curies":[{"name":"wp","href":"https:\/\/api.w.org\/{rel}","templated":true}]}}