{"id":3681,"date":"2017-08-01T09:55:52","date_gmt":"2017-08-01T07:55:52","guid":{"rendered":"https:\/\/www.andbank.com\/andorra\/particuliers\/comptes-et-cartes\/cartes\/cartes-de-credit\/carte-1-2-3\/"},"modified":"2024-07-22T18:22:39","modified_gmt":"2024-07-22T16:22:39","slug":"carte-1-2-3","status":"publish","type":"page","link":"https:\/\/www.andbank.com\/andorra\/fr\/particuliers\/comptes-et-cartes\/cartes\/cartes-de-credit\/carte-1-2-3\/","title":{"rendered":"Carte 1, 2, 3\u00a0%"},"content":{"rendered":"<p>Notre carte vous rembourse jusqu&rsquo;\u00e0 3 % de vos achats nationaux.<\/p>\n<p>Afin que vous profitiez d\u2019avantages suppl\u00e9mentaires lors de vos d\u00e9penses habituelles dans la Principaut\u00e9, Andbank a con\u00e7u cette carte en pensant \u00e0 votre portefeuille.<\/p>\n<h2>Avantages de la carte 1, 2, 3\u00a0%<\/h2>\n<ul>\n<li>1 % sur l&rsquo;alimentation et la pharmacie<\/li>\n<li>2\u00a0% sur la restauration<\/li>\n<li>3\u00a0% sur les stations-service (Artal, Cepsa et Elf).\n<ul>\n<li>Remboursement mensuel maximal de 10 \u20ac.\u00a0Le remboursement de ces r\u00e9ductions est soumis \u00e0 l\u2019imp\u00f4t sur le revenu.\u00a0Permanence minimale de 18 mois.<\/li>\n<\/ul>\n<\/li>\n<li><strong>S\u00e9curit\u00e9.<\/strong> S\u00e9curit\u00e9 maximale contre les utilisations frauduleuses gr\u00e2ce \u00e0 la technologie EMV (puce) et au contr\u00f4le m\u00e9thodique pour d\u00e9tecter les op\u00e9rations frauduleuses.<\/li>\n<\/ul>\n<ul>\n<li><strong>Assurance gratuite<\/strong>\u00a0: Accident de voyage dans les transports publics<b> <\/b>avec la carte Visa Classic. Veuillez consulter <a href=\"https:\/\/www.andbank.com\/andorra\/wp-content\/uploads\/sites\/10\/2021\/11\/POLISSA-ASSISTENCIA-EN-VIATGE-CLASSIC-2021-FR.pdf\" target=\"_blank\" rel=\"noopener\">ici <\/a>les couvertures incluses.<\/li>\n<\/ul>\n<p>T\u00e9l. d&rsquo;urgence +34 93 463 12 34<\/p>\n<ul>\n<li><strong>Assurance antifraude optionnelle<\/strong><b>. <\/b>Vous pouvez b\u00e9n\u00e9ficier d&rsquo;une assurance antifraude de <span style=\"color: #333333\">18,75<\/span> \u20ac par an pour vous couvrir en cas de perte ou de vol de votre carte.<\/li>\n<\/ul>\n<h2>Caract\u00e9ristiques<\/h2>\n<ul>\n<li>L&rsquo;information la plus d\u00e9taill\u00e9e, mensuellement, annuellement et facultativement bimensuellement par type d&rsquo;op\u00e9ration, secteur d&rsquo;activit\u00e9 et pays.<\/li>\n<\/ul>\n<ul>\n<li>Syst\u00e8me de paiement <b><i>Sans contact<\/i><\/b> qui vous permet de payer de mani\u00e8re rapide, confortable et en toute s\u00e9curit\u00e9 en approchant simplement votre carte du terminal de paiement TPE.<\/li>\n<li><b>Achats en ligne s\u00e9curis\u00e9s <\/b> <i>Visa Secure<\/i>. Prot\u00e9gez votre carte Visa avec un code personnel pour vos achats sur internet. Le seul service qui garantit l&rsquo;authentification et l&rsquo;identification des utilisateurs des cartes et des commerces \u00e9lectroniques affili\u00e9s.<\/li>\n<li><b>Service d\u2019alerte par SMS<\/b>. Nous vous informerons par SMS des achats que vous effectuez avec votre carte chaque fois que vous effectuez une transaction sup\u00e9rieure \u00e0 50 \u20ac. Vous recevrez un sms sur votre t\u00e9l\u00e9phone portable qui vous informera du montant effectu\u00e9 et de l&rsquo;entreprise ou commerce o\u00f9 vous l&rsquo;avez effectu\u00e9.\u00a0Consultez votre gestionnaire pour obtenir le service.<\/li>\n<\/ul>\n<h6>Co\u00fbt de la prestation: 1,00 \u20ac par mois<\/h6>\n<p>&nbsp;<\/p>\n<h4>T\u00e9l. d\u2019urgence en cas de perte ou de vol :<\/h4>\n<p><a href=\"tel:+376739039\">+376 739 039<\/a><br \/>\n<a href=\"tel:+34913626200\">+34 913 62 62 00<\/a><br \/>\n<a href=\"tel:+18008472911\">+1 800 847 29 11 (EEUU)<\/a><\/p>\n<h6>Le remboursement de ces r\u00e9ductions est soumis \u00e0 l\u2019imp\u00f4t sur le revenu.<br \/>\nL&rsquo;octroi de la limite de cr\u00e9dit exc\u00e9dant le montant standard fait l&rsquo;objet d&rsquo;une \u00e9tude pr\u00e9alable. Pour les paiements diff\u00e9r\u00e9s, veuillez consulter le Livre de tarifs publi\u00e9 sur notre site Web.<br \/>\nCette campagne s&rsquo;adresse aux personnes majeures vivant dans la Principaut\u00e9 d&rsquo;Andorre et n&rsquo;est pas destin\u00e9e \u00e0 un groupe sp\u00e9cifique.<\/h6>\n<h6>Pour plus d&rsquo;informations, veuillez nous contacter dans l&rsquo;une des agences d&rsquo;Andbank ou nous appeler au +376\u00a0739\u00a0011 et nous r\u00e9pondrons \u00e0 vos demandes.<\/h6>\n<p>&nbsp;<\/p>\n<h6><strong>*Couvertures de l\u2019assurance antifraude.<\/strong><\/h6>\n<p>&#8211; L\u2019assurance antifraude couvre la perte, le vol ou le cambriolage. Sont compris les achats r\u00e9gl\u00e9s avec la carte, les pr\u00e9l\u00e8vements en esp\u00e8ces dans des distributeurs automatiques, ainsi que les transactions effectu\u00e9es par Internet et par t\u00e9l\u00e9phone.<\/p>\n<p>&#8211; La couverture de sinistres occasionn\u00e9s par ces cas garantit le versement d\u2019indemnisations allant jusqu\u2019aux montants suivants\u00a0:<\/p>\n<ul>\n<li>Carte Electron: 1500 euros par sinistre<\/li>\n<li>Carte Classic: 3000 euros par sinistre<\/li>\n<li>Carte Or: 6000 euros par sinistre<\/li>\n<li>Carte Platinum: 12\u00a0000 euros par sinistre<\/li>\n<\/ul>\n<p>&#8211; Jusqu\u2019\u00e0 72 heures avant le d\u00e9p\u00f4t de la plainte, qui doit avoir \u00e9t\u00e9 d\u00e9pos\u00e9e au cours des 45 derniers jours.<br \/>\n&#8211; L\u2019assurance est limit\u00e9e \u00e0 35 op\u00e9rations.<\/p>\n","protected":false},"excerpt":{"rendered":"<p>Afin que vous profitiez d\u2019avantages suppl\u00e9mentaires lors de vos d\u00e9penses habituelles dans la Principaut\u00e9, Andbank a con\u00e7u cette carte en pensant \u00e0 votre portefeuille.<\/p>\n","protected":false},"author":18,"featured_media":22108,"parent":2432,"menu_order":2,"comment_status":"closed","ping_status":"closed","template":"","meta":{"_acf_changed":false,"footnotes":""},"yst_prominent_words":[3469,3462,1872,3472,3465,3458,3474,3467,3460,2732,3470,3463,1873,3473,3466,3459,3471,3464,3468,3461],"class_list":["post-3681","page","type-page","status-publish","has-post-thumbnail","hentry"],"acf":[],"_links":{"self":[{"href":"https:\/\/www.andbank.com\/andorra\/fr\/wp-json\/wp\/v2\/pages\/3681"}],"collection":[{"href":"https:\/\/www.andbank.com\/andorra\/fr\/wp-json\/wp\/v2\/pages"}],"about":[{"href":"https:\/\/www.andbank.com\/andorra\/fr\/wp-json\/wp\/v2\/types\/page"}],"author":[{"embeddable":true,"href":"https:\/\/www.andbank.com\/andorra\/fr\/wp-json\/wp\/v2\/users\/18"}],"replies":[{"embeddable":true,"href":"https:\/\/www.andbank.com\/andorra\/fr\/wp-json\/wp\/v2\/comments?post=3681"}],"version-history":[{"count":2,"href":"https:\/\/www.andbank.com\/andorra\/fr\/wp-json\/wp\/v2\/pages\/3681\/revisions"}],"predecessor-version":[{"id":25925,"href":"https:\/\/www.andbank.com\/andorra\/fr\/wp-json\/wp\/v2\/pages\/3681\/revisions\/25925"}],"up":[{"embeddable":true,"href":"https:\/\/www.andbank.com\/andorra\/fr\/wp-json\/wp\/v2\/pages\/2432"}],"wp:featuredmedia":[{"embeddable":true,"href":"https:\/\/www.andbank.com\/andorra\/fr\/wp-json\/wp\/v2\/media\/22108"}],"wp:attachment":[{"href":"https:\/\/www.andbank.com\/andorra\/fr\/wp-json\/wp\/v2\/media?parent=3681"}],"wp:term":[{"taxonomy":"yst_prominent_words","embeddable":true,"href":"https:\/\/www.andbank.com\/andorra\/fr\/wp-json\/wp\/v2\/yst_prominent_words?post=3681"}],"curies":[{"name":"wp","href":"https:\/\/api.w.org\/{rel}","templated":true}]}}