{"id":3684,"date":"2017-08-30T14:47:13","date_gmt":"2017-08-30T12:47:13","guid":{"rendered":"https:\/\/www.andbank.com\/andorra\/particuliers\/comptes-et-cartes\/cartes\/services-et-avantages\/contactless\/"},"modified":"2026-02-19T18:18:08","modified_gmt":"2026-02-19T16:18:08","slug":"contactless","status":"publish","type":"page","link":"https:\/\/www.andbank.com\/andorra\/fr\/particuliers\/comptes-et-cartes\/cartes\/services-et-avantages\/contactless\/","title":{"rendered":"Contactless"},"content":{"rendered":"<h2>Paiements en un seul geste<\/h2>\n<p>Le contactless (sans contact) est le syst\u00e8me de paiement par carte jusqu&rsquo; \u00e0 pr\u00e9sent le plus rapide : le paiement s\u2019effectue en approchant simplement la carte du terminal TPE.<\/p>\n<p>Ce nouveau syst\u00e8me de paiement sans contact permet aux consommateurs de gagner du temps, car il est beaucoup plus facile et rapide d&rsquo;approcher une carte du terminal qu\u2019effectuer un paiement conventionnel.<\/p>\n<p>&nbsp;<\/p>\n<h2>Quels sont ses avantages\u00a0?<\/h2>\n<ul>\n<li>Rapidit\u00e9 : il suffit d\u2019approcher la carte du terminal pour qu\u2019elle soit d\u00e9tect\u00e9e.<\/li>\n<li>Commodit\u00e9 : vous n&rsquo;avez pas besoin d&rsquo;introduire le code PIN pour les paiements inf\u00e9rieurs \u00e0 50 \u20ac ni de signer le ticket d&rsquo;achat.<\/li>\n<li>Flexibilit\u00e9 : la carte fonctionne \u00e9galement comme une carte normale dans les terminaux non adapt\u00e9s \u00e0 la technologie sans contact.<\/li>\n<li>S\u00e9curit\u00e9 : approchez simplement la carte du lecteur, vous ne devez la donner \u00e0 personne et elle ne doit \u00e0 aucun moment entrer en contact avec des \u00e9l\u00e9ments pouvant l\u2019user.<\/li>\n<\/ul>\n<h2><\/h2>\n<h2>Comment et o\u00f9 cela fonctionne-t-il\u00a0?<\/h2>\n<p>Le fonctionnement est rapide et pratique :<\/p>\n<ol>\n<li>Le commer\u00e7ant ou l&rsquo;entit\u00e9 tape le montant de l&rsquo;achat dans le TPE contactless.<\/li>\n<li>L&rsquo;utilisateur approche la carte du terminal.<\/li>\n<li>Le paiement est effectu\u00e9 automatiquement, si le montant est inf\u00e9rieur \u00e0 20 \u20ac, et le re\u00e7u de la transaction est imprim\u00e9.<\/li>\n<li>Si le montant est sup\u00e9rieur \u00e0 20 \u20ac, le client doit saisir son code secret pour valider l&rsquo;op\u00e9ration.<\/li>\n<\/ol>\n<p>Les cartes sans contact fonctionnent dans tout \u00e9tablissement disposant du terminal ou d&rsquo;un terminal de paiement \u00e9lectronique adapt\u00e9 \u00e0 la technologie NCF (sans contact) qui se distingue par le m\u00eame symbole de la carte.<\/p>\n","protected":false},"excerpt":{"rendered":"<p>Ce nouveau syst\u00e8me de paiement sans contact permet aux consommateurs de gagner du temps, car il est beaucoup plus facile et rapide d&rsquo;approcher une carte du terminal qu\u2019effectuer un paiement conventionnel.<\/p>\n","protected":false},"author":18,"featured_media":3330,"parent":2433,"menu_order":0,"comment_status":"closed","ping_status":"closed","template":"template-detail.php","meta":{"_acf_changed":false,"footnotes":""},"yst_prominent_words":[4880,4891,4871,4865,4899,757,4875,1995,4884,4877,4892,4897,4902,4904,4869,4889,4866,4887,4855,4895],"class_list":["post-3684","page","type-page","status-publish","has-post-thumbnail","hentry"],"acf":[],"_links":{"self":[{"href":"https:\/\/www.andbank.com\/andorra\/fr\/wp-json\/wp\/v2\/pages\/3684"}],"collection":[{"href":"https:\/\/www.andbank.com\/andorra\/fr\/wp-json\/wp\/v2\/pages"}],"about":[{"href":"https:\/\/www.andbank.com\/andorra\/fr\/wp-json\/wp\/v2\/types\/page"}],"author":[{"embeddable":true,"href":"https:\/\/www.andbank.com\/andorra\/fr\/wp-json\/wp\/v2\/users\/18"}],"replies":[{"embeddable":true,"href":"https:\/\/www.andbank.com\/andorra\/fr\/wp-json\/wp\/v2\/comments?post=3684"}],"version-history":[{"count":1,"href":"https:\/\/www.andbank.com\/andorra\/fr\/wp-json\/wp\/v2\/pages\/3684\/revisions"}],"predecessor-version":[{"id":27078,"href":"https:\/\/www.andbank.com\/andorra\/fr\/wp-json\/wp\/v2\/pages\/3684\/revisions\/27078"}],"up":[{"embeddable":true,"href":"https:\/\/www.andbank.com\/andorra\/fr\/wp-json\/wp\/v2\/pages\/2433"}],"wp:featuredmedia":[{"embeddable":true,"href":"https:\/\/www.andbank.com\/andorra\/fr\/wp-json\/wp\/v2\/media\/3330"}],"wp:attachment":[{"href":"https:\/\/www.andbank.com\/andorra\/fr\/wp-json\/wp\/v2\/media?parent=3684"}],"wp:term":[{"taxonomy":"yst_prominent_words","embeddable":true,"href":"https:\/\/www.andbank.com\/andorra\/fr\/wp-json\/wp\/v2\/yst_prominent_words?post=3684"}],"curies":[{"name":"wp","href":"https:\/\/api.w.org\/{rel}","templated":true}]}}