{"id":7829,"date":"2018-07-17T18:40:35","date_gmt":"2018-07-17T16:40:35","guid":{"rendered":"https:\/\/www.andbank.com\/andorra\/particuliers\/andbank-le-informa\/"},"modified":"2019-09-25T12:42:57","modified_gmt":"2019-09-25T10:42:57","slug":"andbank-crs","status":"publish","type":"page","link":"https:\/\/www.andbank.com\/andorra\/fr\/andbank-crs\/","title":{"rendered":"Andbank vous informe"},"content":{"rendered":"<div class=\"row\">\n<div class=\"col-sm-2\"><img loading=\"lazy\" decoding=\"async\" class=\"aligncenter size-full wp-image-7807\" src=\"https:\/\/www.andbank.com\/andorra\/wp-content\/uploads\/sites\/10\/2018\/07\/icones-02-small.jpg\" alt=\"\" width=\"100\" height=\"100\" \/><\/div>\n<div class=\"col-sm-10\">\n<p><strong>Qu\u2019est-ce que le CRS ?<\/strong><\/p>\n<p>La Principaut\u00e9 d\u2019Andorre a adopt\u00e9 la Loi 19\/2016, du 30 novembre, sur l\u2019\u00e9change automatique d\u2019information en mati\u00e8re fiscale. Cette loi reprend les principes \u00e9tablis par l\u2019OCDE pour le Common Reporting Standard (CRS\u2013Norme Commune de D\u00e9claration) relatifs \u00e0 l\u2019\u00e9change automatique, entre autorit\u00e9s comp\u00e9tentes, de renseignements d\u00e9termin\u00e9s \u00e0 des fins fiscales. Vous trouverez le texte de la loi sur le site web du Bulletin officiel de la Principaut\u00e9 d\u2019Andorre a (<a href=\"https:\/\/www.bopa.ad\/\" target=\"_blank\" rel=\"noopener\">www.bopa.ad<\/a>).<\/p>\n<\/div>\n<\/div>\n<div>\n<div><\/div>\n<div><\/div>\n<div><\/div>\n<\/div>\n<div class=\"row\">\n<div class=\"col-sm-2\"><img loading=\"lazy\" decoding=\"async\" class=\"aligncenter size-full wp-image-7811\" src=\"https:\/\/www.andbank.com\/andorra\/wp-content\/uploads\/sites\/10\/2018\/07\/icones-03-small.jpg\" alt=\"\" width=\"100\" height=\"100\" \/><\/div>\n<div class=\"col-sm-10\">\n<p><strong>En quoi consiste le CRS ?<\/strong><\/p>\n<p>Les \u00e9tablissements financiers sont tenus de notifier \u00e0 leurs autorit\u00e9s comp\u00e9tentes respectives certains renseignements personnels et fiscaux relatifs aux comptes de clients non r\u00e9sidents en Principaut\u00e9 d\u2019Andorre.<\/p>\n<\/div>\n<\/div>\n<div>\n<div><\/div>\n<div><\/div>\n<div><\/div>\n<\/div>\n<div class=\"row\">\n<div class=\"col-sm-2\"><img loading=\"lazy\" decoding=\"async\" class=\"aligncenter size-full wp-image-7815\" src=\"https:\/\/www.andbank.com\/andorra\/wp-content\/uploads\/sites\/10\/2018\/07\/icones-04-small.jpg\" alt=\"\" width=\"100\" height=\"100\" \/><\/div>\n<div class=\"col-sm-10\">\n<p><strong>Quelle documentation est-ce que je dois pr\u00e9senter ?<\/strong><\/p>\n<p>Les \u00e9tablissements financiers doivent disposer d\u2019une identification compl\u00e8te et actualis\u00e9e du titulaire du compte : noms et pr\u00e9nom ou d\u00e9nomination sociale, domicile complet et pays, lieu et date de naissance ou de constitution, r\u00e9sidence fiscale et num\u00e9ro d\u2019identification lui correspondant.<\/p>\n<\/div>\n<\/div>\n<div>\n<div><\/div>\n<div><\/div>\n<div><\/div>\n<\/div>\n<div class=\"row\">\n<div class=\"col-sm-2\"><img loading=\"lazy\" decoding=\"async\" class=\"aligncenter size-full wp-image-7819\" src=\"https:\/\/www.andbank.com\/andorra\/wp-content\/uploads\/sites\/10\/2018\/07\/icones-05-small.jpg\" alt=\"\" width=\"100\" height=\"100\" \/><\/div>\n<div class=\"col-sm-10\">\n<p>Actualisez vos donn\u00e9es en contactant votre gestionnaire personnel ou en vous adressant \u00e0 l\u2019une de nos succursales.<\/p>\n<\/div>\n<\/div>\n<div align=\"center\"><a href=\"https:\/\/homebankingand.andbank.com\/Remediacion\/CapturaWC.jsp?idioma=3\" class=\"main-button\" target=\"_blank\">Mise \u00e0 jour des renseignements clients<\/a><\/div>\n","protected":false},"excerpt":{"rendered":"<p>Qu\u2019est-ce que le CRS ? La Principaut\u00e9 d\u2019Andorre a adopt\u00e9 la Loi 19\/2016, du 30 novembre, sur l\u2019\u00e9change automatique d\u2019information en mati\u00e8re fiscale. Cette loi reprend les principes \u00e9tablis par l\u2019OCDE pour le Common Reporting Standard (CRS\u2013Norme Commune de D\u00e9claration) relatifs \u00e0 l\u2019\u00e9change automatique, entre autorit\u00e9s comp\u00e9tentes, de renseignements d\u00e9termin\u00e9s \u00e0 des fins fiscales. Vous [&hellip;]<\/p>\n","protected":false},"author":13,"featured_media":7798,"parent":0,"menu_order":0,"comment_status":"closed","ping_status":"closed","template":"","meta":{"_acf_changed":false,"footnotes":""},"yst_prominent_words":[2484,2486,1369,1326,2483,757,631,2489,2492,2482,1817,361,2485,2480,724,2481,1363,2488,2487,1034],"class_list":["post-7829","page","type-page","status-publish","has-post-thumbnail","hentry"],"acf":[],"_links":{"self":[{"href":"https:\/\/www.andbank.com\/andorra\/fr\/wp-json\/wp\/v2\/pages\/7829"}],"collection":[{"href":"https:\/\/www.andbank.com\/andorra\/fr\/wp-json\/wp\/v2\/pages"}],"about":[{"href":"https:\/\/www.andbank.com\/andorra\/fr\/wp-json\/wp\/v2\/types\/page"}],"author":[{"embeddable":true,"href":"https:\/\/www.andbank.com\/andorra\/fr\/wp-json\/wp\/v2\/users\/13"}],"replies":[{"embeddable":true,"href":"https:\/\/www.andbank.com\/andorra\/fr\/wp-json\/wp\/v2\/comments?post=7829"}],"version-history":[{"count":0,"href":"https:\/\/www.andbank.com\/andorra\/fr\/wp-json\/wp\/v2\/pages\/7829\/revisions"}],"wp:featuredmedia":[{"embeddable":true,"href":"https:\/\/www.andbank.com\/andorra\/fr\/wp-json\/wp\/v2\/media\/7798"}],"wp:attachment":[{"href":"https:\/\/www.andbank.com\/andorra\/fr\/wp-json\/wp\/v2\/media?parent=7829"}],"wp:term":[{"taxonomy":"yst_prominent_words","embeddable":true,"href":"https:\/\/www.andbank.com\/andorra\/fr\/wp-json\/wp\/v2\/yst_prominent_words?post=7829"}],"curies":[{"name":"wp","href":"https:\/\/api.w.org\/{rel}","templated":true}]}}