{"id":13060,"date":"2020-03-01T13:57:15","date_gmt":"2020-03-01T11:57:15","guid":{"rendered":"https:\/\/www.andbank.com\/andorra\/?page_id=13060"},"modified":"2024-03-08T17:50:47","modified_gmt":"2024-03-08T15:50:47","slug":"andbank-trainee-program-2024","status":"publish","type":"page","link":"https:\/\/www.andbank.com\/andorra\/andbank-trainee-program-2024\/","title":{"rendered":"Andbank Trainee Program 2024"},"content":{"rendered":"<h2>Pr\u00e1cticas de verano:<\/h2>\n<p>&nbsp;<\/p>\n<p><strong>Requisitos:<\/strong><\/p>\n<ul>\n<li>Tener la condici\u00f3n de alumnos de segundo a\u00f1o en estudios superiores (actualmente matriculados).<\/li>\n<li>Preferentemente grados especializados en: Administraci\u00f3n y Direcci\u00f3n de Empresas, Econom\u00eda, Matem\u00e1ticas, F\u00edsica o Ingenier\u00edas, Derecho o Psicolog\u00eda.<\/li>\n<li>Nacionalidad andorrana\u00a0o\u00a0disponer de permiso de residencia (requisito imprescindible para el programa de pr\u00e1cticas de verano en Andorra), en caso de filiales se deber\u00e1 tener en cuenta\u00a0la legislaci\u00f3n local.<\/li>\n<li>Se valorar\u00e1 dominio del ingl\u00e9s.<\/li>\n<li>Capacidad de trabajar en equipo, iniciativa, responsabilidad y polivalencia.<\/li>\n<li>Participaci\u00f3n limitada a 2 a\u00f1os consecutivos.<\/li>\n<\/ul>\n<p><strong>Proceso Aplicaci\u00f3n y Caracter\u00edsticas:<\/strong><\/p>\n<ul>\n<li>Enviar CV, carta de motivaci\u00f3n y expediente acad\u00e9mico a: <a href=\"mailto:traineeprogram@andbank.com\">traineeprogram@andbank.com<\/a><\/li>\n<li>Fecha l\u00edmite de inscripci\u00f3n: <strong>29 de marzo de 2024<\/strong><\/li>\n<li>Per\u00edodo: <strong>2 meses (julio y agosto)<\/strong><\/li>\n<\/ul>\n<p><strong>Selecci\u00f3n:<\/strong><\/p>\n<p>El departamento de RH contactar\u00e1 con las personas\u00a0que hayan sido\u00a0pre-seleccionadas para iniciar el proceso de selecci\u00f3n definitivo.<\/p>\n","protected":false},"excerpt":{"rendered":"<p>Pr\u00e1cticas de verano: &nbsp; Requisitos: Tener la condici\u00f3n de alumnos de segundo a\u00f1o en estudios superiores (actualmente matriculados). Preferentemente grados especializados en: Administraci\u00f3n y Direcci\u00f3n de Empresas, Econom\u00eda, Matem\u00e1ticas, F\u00edsica o Ingenier\u00edas, Derecho o Psicolog\u00eda. Nacionalidad andorrana\u00a0o\u00a0disponer de permiso de residencia (requisito imprescindible para el programa de pr\u00e1cticas de verano en Andorra), en caso de [&hellip;]<\/p>\n","protected":false},"author":28,"featured_media":25678,"parent":0,"menu_order":0,"comment_status":"closed","ping_status":"closed","template":"","meta":{"_acf_changed":false,"footnotes":""},"yst_prominent_words":[1154,1139,5599,6130,2386],"class_list":["post-13060","page","type-page","status-publish","has-post-thumbnail","hentry"],"acf":[],"_links":{"self":[{"href":"https:\/\/www.andbank.com\/andorra\/wp-json\/wp\/v2\/pages\/13060"}],"collection":[{"href":"https:\/\/www.andbank.com\/andorra\/wp-json\/wp\/v2\/pages"}],"about":[{"href":"https:\/\/www.andbank.com\/andorra\/wp-json\/wp\/v2\/types\/page"}],"author":[{"embeddable":true,"href":"https:\/\/www.andbank.com\/andorra\/wp-json\/wp\/v2\/users\/28"}],"replies":[{"embeddable":true,"href":"https:\/\/www.andbank.com\/andorra\/wp-json\/wp\/v2\/comments?post=13060"}],"version-history":[{"count":5,"href":"https:\/\/www.andbank.com\/andorra\/wp-json\/wp\/v2\/pages\/13060\/revisions"}],"predecessor-version":[{"id":25677,"href":"https:\/\/www.andbank.com\/andorra\/wp-json\/wp\/v2\/pages\/13060\/revisions\/25677"}],"wp:featuredmedia":[{"embeddable":true,"href":"https:\/\/www.andbank.com\/andorra\/wp-json\/wp\/v2\/media\/25678"}],"wp:attachment":[{"href":"https:\/\/www.andbank.com\/andorra\/wp-json\/wp\/v2\/media?parent=13060"}],"wp:term":[{"taxonomy":"yst_prominent_words","embeddable":true,"href":"https:\/\/www.andbank.com\/andorra\/wp-json\/wp\/v2\/yst_prominent_words?post=13060"}],"curies":[{"name":"wp","href":"https:\/\/api.w.org\/{rel}","templated":true}]}}