{"id":13330,"date":"2020-03-18T13:08:23","date_gmt":"2020-03-18T11:08:23","guid":{"rendered":"https:\/\/www.andbank.com\/andorra\/?page_id=13330"},"modified":"2021-02-02T16:38:02","modified_gmt":"2021-02-02T14:38:02","slug":"informacion-covid-19","status":"publish","type":"page","link":"https:\/\/www.andbank.com\/andorra\/informacion-covid-19\/","title":{"rendered":"Informaci\u00f3n sobre el Covid-19"},"content":{"rendered":"<h2>Informaci\u00f3n sobre el Covid-19<\/h2>\n<p>&nbsp;<\/p>\n<p><strong>Seguimos las recomendaciones del Govern d\u2019Andorra como prevenci\u00f3n para evitar la propagaci\u00f3n del COVID-19. En este apartado publicaremos informaci\u00f3n b\u00e1sica sobre las medidas adoptadas por Andbank y por la asociaci\u00f3n de bancos del Principado, as\u00ed como informaci\u00f3n del desarrollo del virus y recomendaciones diversas.<\/strong><\/p>\n<ul>\n<li><a href=\"https:\/\/www.salut.ad\/temes-de-salut\/coronavirus\" target=\"_blank\" rel=\"noopener\">Informaci\u00f3n b\u00e1sica y medidas preventivas<\/a><\/li>\n<li><a href=\"https:\/\/www.andbank.com\/andorra\/wp-content\/uploads\/sites\/10\/2020\/03\/Recomanacions-per-a-casa-ESP.pdf\" target=\"_blank\" rel=\"noopener\">Iniciativas y actividades para hacer en casa<\/a><\/li>\n<li><a href=\"https:\/\/www.andbank.com\/reflection\/notas-marzo-2020\/\" target=\"_blank\" rel=\"noopener\">Alex Fust\u00e9 &#8211; Flash Note COVID-19<\/a><\/li>\n<li>Preguntas frecuentes sobre el COVID-19: <a href=\"https:\/\/www.govern.ad\/preguntes-coronavirus\" target=\"_blank\" rel=\"noopener\">https:\/\/www.govern.ad\/preguntes-coronavirus<\/a><\/li>\n<li><a href=\"https:\/\/www.andbank.com\/andorra\/wp-content\/uploads\/sites\/10\/2020\/03\/Consejos-ciberseguridad.pdf\" target=\"_blank\" rel=\"noopener\">Consejos de ciberseguridad<\/a><\/li>\n<li><a href=\"https:\/\/www.govern.ad\/mesures-economiques-laborals-i-socials\/empreses-i-autonoms-sol-licita-el-teu-credit-tou\">Empresas y aut\u00f3nomos: Solicite su cr\u00e9dito blando<\/a><\/li>\n<li><a href=\"https:\/\/www.andbank.com\/andorra\/wp-content\/uploads\/sites\/10\/2020\/04\/DEU-MINUTS_Joaquim-Brustenga.pdf\" target=\"_blank\" rel=\"noopener\">Deu minuts de Joaquim Brustenga<\/a><\/li>\n<li><a href=\"https:\/\/www.andbank.com\/andorra\/wp-content\/uploads\/sites\/10\/2020\/04\/Escacs-de-mort_Marcel-Fite.pdf\" target=\"_blank\" rel=\"noopener\">Escacs de mort de Marcel Fit\u00e9<\/a><\/li>\n<\/ul>\n<p>&nbsp;<\/p>\n<p><strong>Tel\u00e9fonos de contacto <\/strong><\/p>\n<div class=\"fund_type\">\n<div class=\"clearfix\"><\/div>\n<h3><\/h3>\n<div class=\"clearfix\"><\/div>\n<div class=\"clearfix\"><\/div>\n<div class=\"row\"><\/div>\n<div class=\"clearfix\"><\/div>\n<table class=\"funds_table\" style=\"height: 273px\" width=\"618\">\n<thead>\n<tr>\n<th style=\"vertical-align: middle;text-align: center\" rowspan=\"2\">SERVEI<\/th>\n<th style=\"vertical-align: middle;text-align: center\" rowspan=\"2\">TEL\u00c8FON<\/th>\n<th style=\"vertical-align: middle;text-align: center\" rowspan=\"2\">CORREU ELECTR\u00d2NIC<\/th>\n<\/tr>\n<\/thead>\n<tbody>\n<tr>\n<td class=\"text-center\">CITA PREVIA PRUEBA COVID<\/td>\n<td class=\"text-center\">+376 821 955<\/td>\n<td class=\"text-center\">&#8211;<\/td>\n<\/tr>\n<tr>\n<td class=\"text-center\">CONSULTAS M\u00c9DICAS<\/td>\n<td class=\"text-center\">116<\/td>\n<td class=\"text-center\">&#8211;<\/td>\n<\/tr>\n<tr>\n<td class=\"text-center\">TR\u00c1MITES GOBIERNO<\/td>\n<td class=\"text-center\">150<\/td>\n<td class=\"text-center\"><a href=\"mailto:info@governandorra.ad\" target=\"_blank\" rel=\"noopener\">info@governandorra.ad<\/a><\/td>\n<\/tr>\n<tr>\n<td class=\"text-center\">V\u00cdCTIMAS VIOLENCIA DE G\u00c9NERO<\/td>\n<td class=\"text-center\">181<\/td>\n<td class=\"text-center\">+376 606 181 (WhatsApp)<\/td>\n<\/tr>\n<tr>\n<td class=\"text-center\">SMS DONACIONES (2 EUROS)<\/td>\n<td class=\"text-center\">828<\/td>\n<td class=\"text-center\">&#8211;<\/td>\n<\/tr>\n<tr>\n<td class=\"text-center\">PSICOLOG\u00cdA<\/td>\n<td class=\"text-center\">+376 809 031<\/td>\n<td class=\"text-center\">copsia@copsia.ad<\/td>\n<\/tr>\n<\/tbody>\n<\/table>\n<\/div>\n<p><strong>Cuenta para donaciones:<\/strong><\/p>\n<p>El Gobierno ha acordado con la asociaci\u00f3n de bancos andorranos, Andorran Banking, poner a disposici\u00f3n de la ciudadan\u00eda un n\u00famero de cuenta en cada entidad del pa\u00eds para recibir donaciones destinadas a paliar la situaci\u00f3n creada por la Covid-19 en el Principado.<\/p>\n<p><strong>En Andbank se ha habilitado el siguiente:<\/strong><\/p>\n<ul>\n<li><em>AD22 0001 0000 4147 0480 0100<\/em><\/li>\n<\/ul>\n<p>Referencia: \u201c<em>GOBIERNO DE ANDORRA_SARS-Cov-2<\/em>\u201d<\/p>\n","protected":false},"excerpt":{"rendered":"<p>Informaci\u00f3n sobre el Covid-19 &nbsp; Seguimos las recomendaciones del Govern d\u2019Andorra como prevenci\u00f3n para evitar la propagaci\u00f3n del COVID-19. En este apartado publicaremos informaci\u00f3n b\u00e1sica sobre las medidas adoptadas por Andbank y por la asociaci\u00f3n de bancos del Principado, as\u00ed como informaci\u00f3n del desarrollo del virus y recomendaciones diversas. Informaci\u00f3n b\u00e1sica y medidas preventivas Iniciativas [&hellip;]<\/p>\n","protected":false},"author":28,"featured_media":13319,"parent":0,"menu_order":0,"comment_status":"closed","ping_status":"closed","template":"","meta":{"_acf_changed":false,"footnotes":""},"yst_prominent_words":[6539,3431,107,6522,6521,6523,6436,6435,748,6525,3989,699,6337,6441,2450,6440],"class_list":["post-13330","page","type-page","status-publish","has-post-thumbnail","hentry"],"acf":[],"_links":{"self":[{"href":"https:\/\/www.andbank.com\/andorra\/wp-json\/wp\/v2\/pages\/13330"}],"collection":[{"href":"https:\/\/www.andbank.com\/andorra\/wp-json\/wp\/v2\/pages"}],"about":[{"href":"https:\/\/www.andbank.com\/andorra\/wp-json\/wp\/v2\/types\/page"}],"author":[{"embeddable":true,"href":"https:\/\/www.andbank.com\/andorra\/wp-json\/wp\/v2\/users\/28"}],"replies":[{"embeddable":true,"href":"https:\/\/www.andbank.com\/andorra\/wp-json\/wp\/v2\/comments?post=13330"}],"version-history":[{"count":0,"href":"https:\/\/www.andbank.com\/andorra\/wp-json\/wp\/v2\/pages\/13330\/revisions"}],"wp:featuredmedia":[{"embeddable":true,"href":"https:\/\/www.andbank.com\/andorra\/wp-json\/wp\/v2\/media\/13319"}],"wp:attachment":[{"href":"https:\/\/www.andbank.com\/andorra\/wp-json\/wp\/v2\/media?parent=13330"}],"wp:term":[{"taxonomy":"yst_prominent_words","embeddable":true,"href":"https:\/\/www.andbank.com\/andorra\/wp-json\/wp\/v2\/yst_prominent_words?post=13330"}],"curies":[{"name":"wp","href":"https:\/\/api.w.org\/{rel}","templated":true}]}}