{"id":24151,"date":"2022-05-15T11:11:11","date_gmt":"2022-05-15T09:11:11","guid":{"rendered":"https:\/\/www.andbank.com\/andorra\/?page_id=24151"},"modified":"2022-05-15T11:28:21","modified_gmt":"2022-05-15T09:28:21","slug":"trabajar-en-andbank-politica-datos","status":"publish","type":"page","link":"https:\/\/www.andbank.com\/andorra\/trabajar-en-andbank-politica-datos\/","title":{"rendered":"TRABAJAR EN ANDBANK &#8211; Pol\u00edtica de datos"},"content":{"rendered":"<h2>Pol\u00edtica de datos<\/h2>\n<p>Los datos que introduzca en esta p\u00e1gina web formar\u00e1n parte de los ficheros automatizados existentes en ANDORRA BANC AGR\u00cdCOL REIG, SA (en adelante ANDBANK), donde se conservar\u00e1n con car\u00e1cter confidencial durante un periodo inicial de 5 a\u00f1os, o un periodo superior en el supuesto de que exista la correspondiente habilitaci\u00f3n legal, y ser\u00e1n tratados \u00fanicamente por ANDBANK o a sus entidades filiales o sucursales como posibles candidatos para puestos de trabajado vacantes en las entidades del grupo, y como consecuencia de que el Grupo ANDBANK es un grupo internacional , usted es conocedor y consiente dichas posibles transferencias internacionales de datos.<\/p>\n<p>Usted, de acuerdo con la normativa vigente de Protecci\u00f3n de Datos Personales en el Principado de Andorra, tendr\u00e1 derecho de acceso, rectificaci\u00f3n, oposici\u00f3n, limitaci\u00f3n, portabilidad y supresi\u00f3n de sus datos, seg\u00fan lo que dispone la propia ley. Para ejercer estos derechos, usted deber\u00e1 dirigirse mediante correo electr\u00f3nico, dirigido a <a href=\"mailto:dpo@andbank.com\">dpo@andbank.com<\/a>, adjuntando documentaci\u00f3n identificativa, o mediante correo postal dirigido a C\/Manuel Cerqueda i Escaler, 6, AD700 Escaldes-Engordany, Andorra. Si quieren conocer informaci\u00f3n detallada sobre el tratamiento de sus datos, pueden obtenerla en la documentaci\u00f3n de Protecci\u00f3n de Datos Personales publicada en la p\u00e1gina web de ANDBANK.<\/p>\n","protected":false},"excerpt":{"rendered":"<p>Pol\u00edtica de datos Los datos que introduzca en esta p\u00e1gina web formar\u00e1n parte de los ficheros automatizados existentes en ANDORRA BANC AGR\u00cdCOL REIG, SA (en adelante ANDBANK), donde se conservar\u00e1n con car\u00e1cter confidencial durante un periodo inicial de 5 a\u00f1os, o un periodo superior en el supuesto de que exista la correspondiente habilitaci\u00f3n legal, y [&hellip;]<\/p>\n","protected":false},"author":13,"featured_media":22240,"parent":0,"menu_order":0,"comment_status":"closed","ping_status":"closed","template":"","meta":{"_acf_changed":false,"footnotes":""},"yst_prominent_words":[],"class_list":["post-24151","page","type-page","status-publish","has-post-thumbnail","hentry"],"acf":[],"_links":{"self":[{"href":"https:\/\/www.andbank.com\/andorra\/wp-json\/wp\/v2\/pages\/24151"}],"collection":[{"href":"https:\/\/www.andbank.com\/andorra\/wp-json\/wp\/v2\/pages"}],"about":[{"href":"https:\/\/www.andbank.com\/andorra\/wp-json\/wp\/v2\/types\/page"}],"author":[{"embeddable":true,"href":"https:\/\/www.andbank.com\/andorra\/wp-json\/wp\/v2\/users\/13"}],"replies":[{"embeddable":true,"href":"https:\/\/www.andbank.com\/andorra\/wp-json\/wp\/v2\/comments?post=24151"}],"version-history":[{"count":6,"href":"https:\/\/www.andbank.com\/andorra\/wp-json\/wp\/v2\/pages\/24151\/revisions"}],"predecessor-version":[{"id":24161,"href":"https:\/\/www.andbank.com\/andorra\/wp-json\/wp\/v2\/pages\/24151\/revisions\/24161"}],"wp:featuredmedia":[{"embeddable":true,"href":"https:\/\/www.andbank.com\/andorra\/wp-json\/wp\/v2\/media\/22240"}],"wp:attachment":[{"href":"https:\/\/www.andbank.com\/andorra\/wp-json\/wp\/v2\/media?parent=24151"}],"wp:term":[{"taxonomy":"yst_prominent_words","embeddable":true,"href":"https:\/\/www.andbank.com\/andorra\/wp-json\/wp\/v2\/yst_prominent_words?post=24151"}],"curies":[{"name":"wp","href":"https:\/\/api.w.org\/{rel}","templated":true}]}}