{"id":247,"date":"2017-04-18T16:37:03","date_gmt":"2017-04-18T14:37:03","guid":{"rendered":"https:\/\/www.andbank.com\/andorra\/?page_id=247\/"},"modified":"2020-01-02T12:31:13","modified_gmt":"2020-01-02T10:31:13","slug":"quienes-somos","status":"publish","type":"page","link":"https:\/\/www.andbank.com\/andorra\/quienes-somos\/","title":{"rendered":"Qui\u00e9nes somos"},"content":{"rendered":"<p>Nuestros expertos en inversiones se encuentran en todo el mundo, por lo que, podemos proporcionar una visi\u00f3n global de los mercados y ofrecer una amplia gama de estrategias de inversi\u00f3n.<\/p>\n<p>Desde nuestros inicios hemos estado comprometidos con los objetivos de inversi\u00f3n de nuestros clientes, gestionando su patrimonio con profesionalidad y rigor.<\/p>\n<p>La responsabilidad que nos otorgan nuestros inversores al gestionar su patrimonio es el principio b\u00e1sico que gu\u00eda nuestras decisiones de inversi\u00f3n en todo momento; orientamos las carteras para preservar el capital de nuestros clientes y calibramos las oportunidades de inversi\u00f3n para extraer el m\u00e1ximo potencial de su inversi\u00f3n con el m\u00ednimo riesgo posible.<\/p>\n","protected":false},"excerpt":{"rendered":"<p>AndbankAsset Management es una sociedad gestora de fondos de inversi\u00f3n comprometida con el servicio de personas, empresas e instituciones.<\/p>\n","protected":false},"author":1,"featured_media":249,"parent":0,"menu_order":211,"comment_status":"closed","ping_status":"closed","template":"template-detail.php","meta":{"_acf_changed":false,"footnotes":""},"yst_prominent_words":[2454,2902,5882],"class_list":["post-247","page","type-page","status-publish","has-post-thumbnail","hentry"],"acf":[],"_links":{"self":[{"href":"https:\/\/www.andbank.com\/andorra\/wp-json\/wp\/v2\/pages\/247"}],"collection":[{"href":"https:\/\/www.andbank.com\/andorra\/wp-json\/wp\/v2\/pages"}],"about":[{"href":"https:\/\/www.andbank.com\/andorra\/wp-json\/wp\/v2\/types\/page"}],"author":[{"embeddable":true,"href":"https:\/\/www.andbank.com\/andorra\/wp-json\/wp\/v2\/users\/1"}],"replies":[{"embeddable":true,"href":"https:\/\/www.andbank.com\/andorra\/wp-json\/wp\/v2\/comments?post=247"}],"version-history":[{"count":0,"href":"https:\/\/www.andbank.com\/andorra\/wp-json\/wp\/v2\/pages\/247\/revisions"}],"wp:featuredmedia":[{"embeddable":true,"href":"https:\/\/www.andbank.com\/andorra\/wp-json\/wp\/v2\/media\/249"}],"wp:attachment":[{"href":"https:\/\/www.andbank.com\/andorra\/wp-json\/wp\/v2\/media?parent=247"}],"wp:term":[{"taxonomy":"yst_prominent_words","embeddable":true,"href":"https:\/\/www.andbank.com\/andorra\/wp-json\/wp\/v2\/yst_prominent_words?post=247"}],"curies":[{"name":"wp","href":"https:\/\/api.w.org\/{rel}","templated":true}]}}