{"id":258,"date":"2017-04-18T17:01:20","date_gmt":"2017-04-18T15:01:20","guid":{"rendered":"https:\/\/www.andbank.com\/andorra\/?page_id=258\/"},"modified":"2017-05-10T10:49:11","modified_gmt":"2017-05-10T08:49:11","slug":"nuestros-productos-servicios","status":"publish","type":"page","link":"https:\/\/www.andbank.com\/andorra\/asset-management\/nuestros-productos-servicios\/","title":{"rendered":"Nuestros Productos \/ Servicios"},"content":{"rendered":"<p>Adem\u00e1s, ofrece las soluciones m\u00e1s adecuadas para cada inversor, ya que disponemos de las mejores herramientas de supervisi\u00f3n y gesti\u00f3n \u00e1gil y personalizada.<\/p>\n<p>Nuestra propia opini\u00f3n del mercado y la definici\u00f3n de criterios objetivos nos permiten gestionar su patrimonio financiero con rigor para <strong>obtener los mejores resultados de acuerdo con sus objetivos<\/strong>.<\/p>\n","protected":false},"excerpt":{"rendered":"<p>AndbankAsset Management pone a su disposici\u00f3n un equipo de expertos inversores con amplia experiencia. Desde nuestros centros gestores de todo el mundo trabajamos para ofrecerle una gesti\u00f3n de patrimonio global fundamentada en el conocimiento local de cada mercado.<\/p>\n","protected":false},"author":1,"featured_media":260,"parent":154,"menu_order":220,"comment_status":"closed","ping_status":"closed","template":"template-detail.php","meta":{"_acf_changed":false,"footnotes":""},"yst_prominent_words":[2909,5001],"class_list":["post-258","page","type-page","status-publish","has-post-thumbnail","hentry"],"acf":[],"_links":{"self":[{"href":"https:\/\/www.andbank.com\/andorra\/wp-json\/wp\/v2\/pages\/258"}],"collection":[{"href":"https:\/\/www.andbank.com\/andorra\/wp-json\/wp\/v2\/pages"}],"about":[{"href":"https:\/\/www.andbank.com\/andorra\/wp-json\/wp\/v2\/types\/page"}],"author":[{"embeddable":true,"href":"https:\/\/www.andbank.com\/andorra\/wp-json\/wp\/v2\/users\/1"}],"replies":[{"embeddable":true,"href":"https:\/\/www.andbank.com\/andorra\/wp-json\/wp\/v2\/comments?post=258"}],"version-history":[{"count":0,"href":"https:\/\/www.andbank.com\/andorra\/wp-json\/wp\/v2\/pages\/258\/revisions"}],"up":[{"embeddable":true,"href":"https:\/\/www.andbank.com\/andorra\/wp-json\/wp\/v2\/pages\/154"}],"wp:featuredmedia":[{"embeddable":true,"href":"https:\/\/www.andbank.com\/andorra\/wp-json\/wp\/v2\/media\/260"}],"wp:attachment":[{"href":"https:\/\/www.andbank.com\/andorra\/wp-json\/wp\/v2\/media?parent=258"}],"wp:term":[{"taxonomy":"yst_prominent_words","embeddable":true,"href":"https:\/\/www.andbank.com\/andorra\/wp-json\/wp\/v2\/yst_prominent_words?post=258"}],"curies":[{"name":"wp","href":"https:\/\/api.w.org\/{rel}","templated":true}]}}