{"id":26388,"date":"2025-03-30T11:23:27","date_gmt":"2025-03-30T09:23:27","guid":{"rendered":"https:\/\/www.andbank.com\/andorra\/?page_id=26388"},"modified":"2025-08-12T15:32:06","modified_gmt":"2025-08-12T13:32:06","slug":"apple_pay","status":"publish","type":"page","link":"https:\/\/www.andbank.com\/andorra\/particulares\/cuentas-y-tarjetas\/tarjetas\/servicios-y-ventajas\/apple_pay\/","title":{"rendered":"Apple Pay"},"content":{"rendered":"<h1 style=\"text-align: center;color: red\">Tu cartera digital f\u00e1cil y segura<\/h1>\n<p>&nbsp;<\/p>\n<table style=\"border-collapse: collapse\">\n<tbody>\n<tr>\n<th style=\"text-align: center\">Pagos Contactless<\/th>\n<th style=\"text-align: center\">Compras seguras<\/th>\n<th style=\"text-align: center\">Transacciones en tiempo real<\/th>\n<th style=\"text-align: center\">Protecci\u00f3n de Apple<\/th>\n<\/tr>\n<tr>\n<td style=\"text-align: center;vertical-align: top;padding: 8px\">Andbank utiliza la tecnolog\u00eda NFC de tus dispositivos para permitirte realizar pagos contactless con Apple Pay.<\/td>\n<td style=\"text-align: center;vertical-align: top;padding: 8px\">Cuando pagas con tu tarjeta de d\u00e9bito o de cr\u00e9dito, Apple Pay nunca comparte la informaci\u00f3n real de tu tarjeta con el comercio.<\/td>\n<td style=\"text-align: center;vertical-align: top;padding: 8px\">Apple Pay te facilita pagar directamente con tu cuenta Andbank al momento.<\/td>\n<td style=\"text-align: center;vertical-align: top;padding: 8px\">Apple Pay ha sido concebido con fuertes medidas de seguridad que, de forma continua y autom\u00e1tica, protegen tu cuenta y datos personales.<\/td>\n<\/tr>\n<\/tbody>\n<\/table>\n<p>&nbsp;<\/p>\n<div style=\"text-align: center\"><a href=\"https:\/\/www.apple.com\/es\/app-store\/\" target=\"_blank\" rel=\"noopener\"><br \/>\n<img decoding=\"async\" style=\"height: 60px\" src=\"https:\/\/www.andbank.com\/andorra\/wp-content\/uploads\/sites\/10\/2025\/06\/AppStore.png\" alt=\"App Store\" \/><br \/>\n<\/a><\/div>\n<p>&nbsp;<\/p>\n<h2 style=\"text-align: center;color: red\">C\u00f3mo a\u00f1adir tu tarjeta Andbank a Apple Wallet\u2122 ?<\/h2>\n<p>&nbsp;<\/p>\n<div style=\"flex-wrap: wrap\">\n<div style=\"flex: 1 1 100%;max-width: 50%;padding: 10px;align-items: center;justify-content: center\">\n<ul>\n<li>Abre la aplicaci\u00f3n <strong>Wallet<\/strong> en tu dispositivo<\/li>\n<li>Selecciona en &#8220;<strong>A\u00f1adir tarjeta<\/strong>&#8220;<\/li>\n<li>Sigue las instrucciones de tu pantalla: te pedir\u00e1 que escanees e introduzcas los datos de tu tarjeta.<\/li>\n<\/ul>\n<\/div>\n<div style=\"flex: 1 1 100%;max-width: 50%;padding: 10px;align-items: center;justify-content: center;text-align: center\"><img decoding=\"async\" style=\"max-width: 100%;height: 450px\" src=\"https:\/\/www.andbank.com\/andorra\/wp-content\/uploads\/sites\/10\/2025\/07\/apple_pay_andbank.png\" \/><\/div>\n<\/div>\n<p>&nbsp;<\/p>\n<div style=\"flex-wrap: wrap\">\n<h2 style=\"text-align: center;color: red\">\u00bfD\u00f3nde puedes usar Apple Pay? Donde aparezcan estos s\u00edmbolos:<\/h2>\n<p>&nbsp;<\/p>\n<div style=\"flex-wrap: wrap\">\n<div style=\"flex: 1 1 100%;max-width: 50%;padding: 10px;align-items: center;justify-content: center;text-align: center\"><img decoding=\"async\" style=\"max-width: 100%;height: 128px\" src=\"https:\/\/www.andbank.com\/andorra\/wp-content\/uploads\/sites\/10\/2025\/07\/apple-pay-logo.png\" \/><\/div>\n<div style=\"flex: 1 1 100%;max-width: 50%;padding: 10px;align-items: center;justify-content: center\">\n<ul>\n<li><strong>Apple Pay en tiendas<\/strong> con tu dispositivo Apple activando la tecnolog\u00eda NFC. Apple Pay funciona en todos los establecimientos en los que veas el s\u00edmbolo de Apple Pay o de tarjeta contactless.<\/li>\n<li><strong>Apple Pay en aplicaciones<\/strong> Paga en aplicaciones y en la web con tu dispositivo Apple. A la hora de pagar, simplemente selecciona Apple Pay como m\u00e9todo de pago y confirma con Touch ID.<\/li>\n<li><strong>Apple Pay en Safari<\/strong> Pagar con tu Mac en Safari es f\u00e1cil. Selecciona Apple Pay a la hora de pagar y completa la compra con tu dispositivo Apple. Apple, Apple Pay, Apple Wallet, iPhone y Mac son marcas comerciales de Apple Inc.<\/li>\n<\/ul>\n<\/div>\n<\/div>\n<p>&nbsp;<\/p>\n<h2 style=\"text-align: center;color: red\">Preguntas frecuentes<\/h2>\n<p>&nbsp;<\/p>\n<h4 style=\"color: #d52b1e\">\u00bfQu\u00e9 tarjetas Andbank puedo agregar en Apple Wallet?<\/h4>\n<ul>\n<li>Puedes a\u00f1adir cualquiera de tus tarjetas de d\u00e9bito y cr\u00e9dito Andbank en Apple Pay.<\/li>\n<\/ul>\n<h4 style=\"color: #d52b1e\">\u00bfEs necesario validar mi usuario con un m\u00e9todo de verificaci\u00f3n para utilizar Apple Pay?<\/h4>\n<ul>\n<li>S\u00ed, al asociar una tarjeta a Apple Pay te llegar\u00e1 un c\u00f3digo de verificaci\u00f3n OTP que deber\u00e1s introducir en Apple Wallet. Recuerda que este c\u00f3digo es \u00fanico y no debes compartirlo con nadie.<\/li>\n<\/ul>\n<h4 style=\"color: #d52b1e\">\u00bfEn qu\u00e9 dispositivos puedo utilizar Apple Pay?<\/h4>\n<ul>\n<li>Con iPhone, puedes pagar en tiendas con los modelos XS (versi\u00f3n iOS 17) y posteriores. Con Apple Watch, la serie 4 (versi\u00f3n WatchOS 10) y posteriores en combinaci\u00f3n con iPhone XS y versiones posteriores. Adem\u00e1s, puedes a\u00f1adir tus tarjetas en dispositivos iPad y Mac para hacer pagos en l\u00ednea con la versi\u00f3n macOS 14.0 y posteriores.<\/li>\n<\/ul>\n<h4 style=\"color: #d52b1e\">\u00bfQu\u00e9 sucede en caso de p\u00e9rdida o robo de mi tel\u00e9fono?<\/h4>\n<ul>\n<li>Si has activado Buscar en tu dispositivo, puedes suspender Apple Pay colocando tu dispositivo en Modo Perdido en lugar de cancelar inmediatamente tus tarjetas. Si encuentras el dispositivo, puedes volver a activar Apple Pay. Tambi\u00e9n puedes ir a la p\u00e1gina de tu ID de Apple para eliminar la opci\u00f3n de realizar<br \/>\npagos. Borrar tu dispositivo de forma remota usando Buscar tambi\u00e9n elimina la capacidad de pagar con las tarjetas que estabas usando con Apple Pay.<\/li>\n<\/ul>\n<h4 style=\"color: #d52b1e\">\u00bfApple Pay conlleva costes por su uso?<\/h4>\n<ul>\n<li>El servicio Apple Pay es gratuito. Sin embargo, seg\u00fan tu tarifa m\u00f3vil, se podr\u00edan aplicar cargos por el uso de datos.<\/li>\n<\/ul>\n<h4 style=\"color: #d52b1e\">\u00bfHay l\u00edmites en el importe que puedo pagar con Apple Pay?<\/h4>\n<ul>\n<li>No hay l\u00edmites establecidos por Apple Pay, pero las transacciones est\u00e1n sujetas a los l\u00edmites de tu tarjeta vinculada.<\/li>\n<\/ul>\n<h4 style=\"color: #d52b1e\">\u00bfPuedo usar Apple Pay en el extranjero?<\/h4>\n<ul>\n<li>S\u00ed, Apple Pay se puede usar en cualquier comercio donde se acepten pagos contactless.<\/li>\n<\/ul>\n<h4 style=\"color: #d52b1e\">\u00bfNecesito tener conexi\u00f3n a Internet para realizar pagos?<\/h4>\n<ul>\n<li>No, no necesitas conexi\u00f3n a Internet para pagar en comercios f\u00edsicos.<\/li>\n<\/ul>\n<h4 style=\"color: #d52b1e\">Si recibo una nueva tarjeta porque cancel\u00e9 la anterior \u00bftengo que darla de alta otra vez en Apple Pay?<\/h4>\n<ul>\n<li>S\u00ed, si recibes una tarjeta porque cancelaste la anterior, tu tarjeta no cambiar\u00e1 autom\u00e1ticamente por la nueva en Apple Wallet. Tendr\u00e1s que eliminar la tarjeta anterior de Apple Wallet, y para utilizar la nueva, deber\u00e1s enrolarla de nuevo.<\/li>\n<\/ul>\n<h4 style=\"color: #d52b1e\">\u00bfQu\u00e9 tengo que hacer si me compro un nuevo m\u00f3vil?<\/h4>\n<ul>\n<li>Si te compras un nuevo iPhone o Apple Watch tienes que volver a vincular las tarjetas, a\u00f1adiendo el CVV y confirm\u00e1ndolo con el c\u00f3digo que te enviaremos.<\/li>\n<\/ul>\n<h4 style=\"color: #d52b1e\">\u00bfC\u00f3mo puedo pagar en tiendas f\u00edsicas con iPhone?<\/h4>\n<ul>\n<li>Para iPhone 6 o superiores, debes hacer doble click en el bot\u00f3n lateral, y con Touch ID autorizar el pago. Para iPhone X o superiores, doble click en el bot\u00f3n lateral y autorizar el pago con Face ID. Igualmente puedes autorizarlo con el c\u00f3digo de desbloqueo.<\/li>\n<\/ul>\n<\/div>\n","protected":false},"excerpt":{"rendered":"<p>Tu cartera digital f\u00e1cil y segura &nbsp; Pagos Contactless Compras seguras Transacciones en tiempo real Protecci\u00f3n de Apple Andbank utiliza la tecnolog\u00eda NFC de tus dispositivos para permitirte realizar pagos contactless con Apple Pay. Cuando pagas con tu tarjeta de d\u00e9bito o de cr\u00e9dito, Apple Pay nunca comparte la informaci\u00f3n real de tu tarjeta con [&hellip;]<\/p>\n","protected":false},"author":13,"featured_media":3363,"parent":492,"menu_order":4,"comment_status":"closed","ping_status":"closed","template":"","meta":{"_acf_changed":false,"footnotes":""},"yst_prominent_words":[1918],"class_list":["post-26388","page","type-page","status-publish","has-post-thumbnail","hentry"],"acf":[],"_links":{"self":[{"href":"https:\/\/www.andbank.com\/andorra\/wp-json\/wp\/v2\/pages\/26388"}],"collection":[{"href":"https:\/\/www.andbank.com\/andorra\/wp-json\/wp\/v2\/pages"}],"about":[{"href":"https:\/\/www.andbank.com\/andorra\/wp-json\/wp\/v2\/types\/page"}],"author":[{"embeddable":true,"href":"https:\/\/www.andbank.com\/andorra\/wp-json\/wp\/v2\/users\/13"}],"replies":[{"embeddable":true,"href":"https:\/\/www.andbank.com\/andorra\/wp-json\/wp\/v2\/comments?post=26388"}],"version-history":[{"count":64,"href":"https:\/\/www.andbank.com\/andorra\/wp-json\/wp\/v2\/pages\/26388\/revisions"}],"predecessor-version":[{"id":26805,"href":"https:\/\/www.andbank.com\/andorra\/wp-json\/wp\/v2\/pages\/26388\/revisions\/26805"}],"up":[{"embeddable":true,"href":"https:\/\/www.andbank.com\/andorra\/wp-json\/wp\/v2\/pages\/492"}],"wp:featuredmedia":[{"embeddable":true,"href":"https:\/\/www.andbank.com\/andorra\/wp-json\/wp\/v2\/media\/3363"}],"wp:attachment":[{"href":"https:\/\/www.andbank.com\/andorra\/wp-json\/wp\/v2\/media?parent=26388"}],"wp:term":[{"taxonomy":"yst_prominent_words","embeddable":true,"href":"https:\/\/www.andbank.com\/andorra\/wp-json\/wp\/v2\/yst_prominent_words?post=26388"}],"curies":[{"name":"wp","href":"https:\/\/api.w.org\/{rel}","templated":true}]}}