{"id":26816,"date":"2025-08-21T18:51:34","date_gmt":"2025-08-21T16:51:34","guid":{"rendered":"https:\/\/www.andbank.com\/andorra\/?page_id=26816"},"modified":"2025-08-25T19:25:17","modified_gmt":"2025-08-25T17:25:17","slug":"visa-click-to-pay","status":"publish","type":"page","link":"https:\/\/www.andbank.com\/andorra\/particulares\/cuentas-y-tarjetas\/tarjetas\/servicios-y-ventajas\/visa-click-to-pay\/","title":{"rendered":"Visa Click <span style=\"color:red; font-weight:bold;\">to Pay<\/span>"},"content":{"rendered":"<h1 style=\"text-align: center;color: red\">Activa Visa Click to Pay y paga en l\u00ednea de forma f\u00e1cil, r\u00e1pida y segura<\/h1>\n<p>&nbsp;<\/p>\n<div style=\"padding:1px;text-align:center;\">\n<img decoding=\"async\" src=\"https:\/\/www.andbank.com\/wp-content\/uploads\/2025\/08\/clicktopay.png\" style=\"max-width:60%; height:auto;\"\/>\n<\/div>\n<div style=\"font-size:24px;text-align:justify;\">Descubre una nueva manera de comprar por internet con Visa Click to Pay. Olv\u00eddate de introducir los datos de la tarjeta cada vez y disfruta de una experiencia de pago m\u00e1s \u00e1gil.<\/div>\n<h2>Sus ventajas:<\/h2>\n<p><\/p>\n<ul>\n<li><img decoding=\"async\" src=\"https:\/\/www.andbank.com\/andorra\/wp-content\/uploads\/sites\/10\/2025\/08\/maleta.png\" style=\"max-width:100%; height:auto; margin:4px;\" \/><strong>Para todo el mundo:<\/strong> Click to Pay ya es una funcionalidad incorporada a tu tarjeta.<\/li>\n<li><img decoding=\"async\" src=\"https:\/\/www.andbank.com\/andorra\/wp-content\/uploads\/sites\/10\/2025\/08\/cara.png\"  style=\"max-width=auto; height:30px; margin:4px;\" \/><strong>Sin esfuerzo:<\/strong> Ya no har\u00e1 falta que escribas los datos de tu tarjeta a cada compra<\/li>\n<li><img decoding=\"async\" src=\"https:\/\/www.andbank.com\/andorra\/wp-content\/uploads\/sites\/10\/2025\/08\/candau.png\" style=\"max-width:100%; height:auto; margin:4px;\" \/>&nbsp;<strong>Seguridad avanzada:<\/strong> tu informaci\u00f3n est\u00e1 protegida por la tecnolog\u00eda de seguridad de Visa.<\/li>\n<\/ul>\n<div style=\"padding:2px;text-align:center;font-size:26px;\"><a href=\"https:\/\/www.visa.es\/paga-con-visa\/click-to-pay.html\" target=\"_blank\" rel=\"noopener\">Activar Visa click to Pay<\/a><\/div>\n","protected":false},"excerpt":{"rendered":"<p>Activa Visa Click to Pay y paga en l\u00ednea de forma f\u00e1cil, r\u00e1pida y segura &nbsp; Descubre una nueva manera de comprar por internet con Visa Click to Pay. Olv\u00eddate de introducir los datos de la tarjeta cada vez y disfruta de una experiencia de pago m\u00e1s \u00e1gil. Sus ventajas: Para todo el mundo: Click [&hellip;]<\/p>\n","protected":false},"author":13,"featured_media":26824,"parent":492,"menu_order":4,"comment_status":"closed","ping_status":"closed","template":"","meta":{"_acf_changed":false,"footnotes":""},"yst_prominent_words":[2932,106,1953,1918,320,1941,1602],"class_list":["post-26816","page","type-page","status-publish","has-post-thumbnail","hentry"],"acf":[],"_links":{"self":[{"href":"https:\/\/www.andbank.com\/andorra\/wp-json\/wp\/v2\/pages\/26816"}],"collection":[{"href":"https:\/\/www.andbank.com\/andorra\/wp-json\/wp\/v2\/pages"}],"about":[{"href":"https:\/\/www.andbank.com\/andorra\/wp-json\/wp\/v2\/types\/page"}],"author":[{"embeddable":true,"href":"https:\/\/www.andbank.com\/andorra\/wp-json\/wp\/v2\/users\/13"}],"replies":[{"embeddable":true,"href":"https:\/\/www.andbank.com\/andorra\/wp-json\/wp\/v2\/comments?post=26816"}],"version-history":[{"count":20,"href":"https:\/\/www.andbank.com\/andorra\/wp-json\/wp\/v2\/pages\/26816\/revisions"}],"predecessor-version":[{"id":26896,"href":"https:\/\/www.andbank.com\/andorra\/wp-json\/wp\/v2\/pages\/26816\/revisions\/26896"}],"up":[{"embeddable":true,"href":"https:\/\/www.andbank.com\/andorra\/wp-json\/wp\/v2\/pages\/492"}],"wp:featuredmedia":[{"embeddable":true,"href":"https:\/\/www.andbank.com\/andorra\/wp-json\/wp\/v2\/media\/26824"}],"wp:attachment":[{"href":"https:\/\/www.andbank.com\/andorra\/wp-json\/wp\/v2\/media?parent=26816"}],"wp:term":[{"taxonomy":"yst_prominent_words","embeddable":true,"href":"https:\/\/www.andbank.com\/andorra\/wp-json\/wp\/v2\/yst_prominent_words?post=26816"}],"curies":[{"name":"wp","href":"https:\/\/api.w.org\/{rel}","templated":true}]}}