{"id":525,"date":"2017-04-19T17:54:32","date_gmt":"2017-04-19T15:54:32","guid":{"rendered":"https:\/\/www.andbank.com\/andorra\/?page_id=525\/"},"modified":"2019-10-23T14:52:13","modified_gmt":"2019-10-23T12:52:13","slug":"compras-seguras-tpv-virtual","status":"publish","type":"page","link":"https:\/\/www.andbank.com\/andorra\/empresas\/cobros-y-pagos\/compras-seguras-tpv-virtual\/","title":{"rendered":"Compras seguras TPV virtual"},"content":{"rendered":"<p>Para adaptarnos a las recomendaciones de los organismos de pago internacionales Visa, le ofrecemos el modelo de compras seguras por Internet Verifiedby Visa.<\/p>\n<ol>\n<li>Ahora ya puede adaptar a su TPV virtual el nuevo sistema de pago seguro por Internet. Un modelo de comercio electr\u00f3nico gratuito que permite realizar transacciones de pago seguras.<\/li>\n<li>La seguridad e integridad del proceso de pago, mediante el servidor del TPV virtual de Andbank, est\u00e1n aseguradas por la autenticaci\u00f3n de todas las partes que intervienen.<\/li>\n<li>Darse de alta en el sistema Verifiedby Visa es muy sencillo: s\u00f3lo tiene que pasar por su oficina habitual, donde su gestor le dar\u00e1 las instrucciones necesarias, as\u00ed como el formulario de alta en el servicio, que tambi\u00e9n puede rellenar desde esta p\u00e1gina.<\/li>\n<\/ol>\n<p>\u00bfQuiere conocer mejor cu\u00e1l es el servicio m\u00e1s seguro para sus compras por internet?\u00a0<a href=\"https:\/\/www.visaeurope.es\/confianza-visa\/compras-verified-by-visa\" target=\"_blank\" rel=\"noopener\">Visitar Verified by Visa<\/a><\/p>\n","protected":false},"excerpt":{"rendered":"<p>Seguridad m\u00e1xima en los pagos<\/p>\n","protected":false},"author":1,"featured_media":747,"parent":523,"menu_order":73,"comment_status":"closed","ping_status":"closed","template":"template-detail.php","meta":{"_acf_changed":false,"footnotes":""},"yst_prominent_words":[1919,4737,361,5186,1946,4796,1947,1948,113,4860,5181,5189,5182,5190,1602],"class_list":["post-525","page","type-page","status-publish","has-post-thumbnail","hentry"],"acf":[],"_links":{"self":[{"href":"https:\/\/www.andbank.com\/andorra\/wp-json\/wp\/v2\/pages\/525"}],"collection":[{"href":"https:\/\/www.andbank.com\/andorra\/wp-json\/wp\/v2\/pages"}],"about":[{"href":"https:\/\/www.andbank.com\/andorra\/wp-json\/wp\/v2\/types\/page"}],"author":[{"embeddable":true,"href":"https:\/\/www.andbank.com\/andorra\/wp-json\/wp\/v2\/users\/1"}],"replies":[{"embeddable":true,"href":"https:\/\/www.andbank.com\/andorra\/wp-json\/wp\/v2\/comments?post=525"}],"version-history":[{"count":0,"href":"https:\/\/www.andbank.com\/andorra\/wp-json\/wp\/v2\/pages\/525\/revisions"}],"up":[{"embeddable":true,"href":"https:\/\/www.andbank.com\/andorra\/wp-json\/wp\/v2\/pages\/523"}],"wp:featuredmedia":[{"embeddable":true,"href":"https:\/\/www.andbank.com\/andorra\/wp-json\/wp\/v2\/media\/747"}],"wp:attachment":[{"href":"https:\/\/www.andbank.com\/andorra\/wp-json\/wp\/v2\/media?parent=525"}],"wp:term":[{"taxonomy":"yst_prominent_words","embeddable":true,"href":"https:\/\/www.andbank.com\/andorra\/wp-json\/wp\/v2\/yst_prominent_words?post=525"}],"curies":[{"name":"wp","href":"https:\/\/api.w.org\/{rel}","templated":true}]}}