{"id":7791,"date":"2018-07-17T18:40:35","date_gmt":"2018-07-17T16:40:35","guid":{"rendered":"https:\/\/www.andbank.com\/andorra\/?page_id=7791"},"modified":"2019-09-25T12:35:56","modified_gmt":"2019-09-25T10:35:56","slug":"andbank-crs","status":"publish","type":"page","link":"https:\/\/www.andbank.com\/andorra\/andbank-crs\/","title":{"rendered":"Andbank le informa"},"content":{"rendered":"<div class=\"row\">\n<div class=\"col-sm-2\"><img loading=\"lazy\" decoding=\"async\" class=\"aligncenter size-full wp-image-7807\" src=\"https:\/\/www.andbank.com\/andorra\/wp-content\/uploads\/sites\/10\/2018\/07\/icones-02-small.jpg\" alt=\"\" width=\"100\" height=\"100\" \/><\/div>\n<div class=\"col-sm-10\">\n<p><strong>\u00bfQu\u00e9 es CRS?<\/strong><\/p>\n<p>El Principado de Andorra aprob\u00f3 la Llei 19\/2016, del 30 de novembre, d\u2019intercanvi autom\u00e0tic d\u2019informaci\u00f3 en mat\u00e8ria fiscal, que recoge los principios establecidos por la OCDE para el Common Reporting Standard (CRS), en relaci\u00f3n con el intercambio autom\u00e1tico entre autoridades competentes de determinada informaci\u00f3n de car\u00e1cter fiscal. Puede consultar la ley en la p\u00e1gina web del Butllet\u00ed Oficial del Principat d\u2019Andorra (<a href=\"https:\/\/www.bopa.ad\/\" target=\"_blank\" rel=\"noopener\">www.bopa.ad<\/a>).<\/p>\n<\/div>\n<\/div>\n<div>\n<div><\/div>\n<div><\/div>\n<div><\/div>\n<\/div>\n<div class=\"row\">\n<div class=\"col-sm-2\"><img loading=\"lazy\" decoding=\"async\" class=\"aligncenter size-full wp-image-7811\" src=\"https:\/\/www.andbank.com\/andorra\/wp-content\/uploads\/sites\/10\/2018\/07\/icones-03-small.jpg\" alt=\"\" width=\"100\" height=\"100\" \/><\/div>\n<div class=\"col-sm-10\">\n<p><strong>\u00bfEn qu\u00e9 consiste?<\/strong><\/p>\n<p>Las entidades financieras deben comunicar a sus respectivas autoridades competentes determinada informaci\u00f3n personal y fiscal respecto de las cuentas de clientes no residentes en el Principado de Andorra.<\/p>\n<\/div>\n<\/div>\n<div>\n<div><\/div>\n<div><\/div>\n<div><\/div>\n<\/div>\n<div class=\"row\">\n<div class=\"col-sm-2\"><img loading=\"lazy\" decoding=\"async\" class=\"aligncenter size-full wp-image-7815\" src=\"https:\/\/www.andbank.com\/andorra\/wp-content\/uploads\/sites\/10\/2018\/07\/icones-04-small.jpg\" alt=\"\" width=\"100\" height=\"100\" \/><\/div>\n<div class=\"col-sm-10\">\n<p><strong>\u00bfQu\u00e9 documentaci\u00f3n debo aportar?<\/strong><\/p>\n<p>La entidades financieras deben contar con una identificaci\u00f3n completa y actualizada de la titularidad de la cuenta: nombre y apellidos o denominaci\u00f3n, domicilio completo y pa\u00eds, lugar y fecha de nacimiento o de constituci\u00f3n, residencia fiscal y n\u00famero de identificaci\u00f3n que le corresponda.<\/p>\n<\/div>\n<\/div>\n<div>\n<div><\/div>\n<div><\/div>\n<div><\/div>\n<\/div>\n<div class=\"row\">\n<div class=\"col-sm-2\"><img loading=\"lazy\" decoding=\"async\" class=\"aligncenter size-full wp-image-7819\" src=\"https:\/\/www.andbank.com\/andorra\/wp-content\/uploads\/sites\/10\/2018\/07\/icones-05-small.jpg\" alt=\"\" width=\"100\" height=\"100\" \/><\/div>\n<div class=\"col-sm-10\">\nActualice sus datos contactando con su gestor personal o en cualquiera de nuestra oficinas.<\/p>\n<\/div>\n<\/div>\n<div align=\"center\"><a href=\"https:\/\/homebankingand.andbank.com\/Remediacion\/CapturaWC.jsp?idioma=2\" class=\"main-button\" target=\"_blank\">Actualizaci\u00f3n de datos de clientes<\/a><\/div>\n","protected":false},"excerpt":{"rendered":"<p>\u00bfQu\u00e9 es CRS? El Principado de Andorra aprob\u00f3 la Llei 19\/2016, del 30 de novembre, d\u2019intercanvi autom\u00e0tic d\u2019informaci\u00f3 en mat\u00e8ria fiscal, que recoge los principios establecidos por la OCDE para el Common Reporting Standard (CRS), en relaci\u00f3n con el intercambio autom\u00e1tico entre autoridades competentes de determinada informaci\u00f3n de car\u00e1cter fiscal. Puede consultar la ley en [&hellip;]<\/p>\n","protected":false},"author":13,"featured_media":7795,"parent":0,"menu_order":0,"comment_status":"closed","ping_status":"closed","template":"","meta":{"_acf_changed":false,"footnotes":""},"yst_prominent_words":[109,2449,1324,2454,2452,1326,106,2451,1325,2495,2493,2494,1327,2455,699,2453,2450,253],"class_list":["post-7791","page","type-page","status-publish","has-post-thumbnail","hentry"],"acf":[],"_links":{"self":[{"href":"https:\/\/www.andbank.com\/andorra\/wp-json\/wp\/v2\/pages\/7791"}],"collection":[{"href":"https:\/\/www.andbank.com\/andorra\/wp-json\/wp\/v2\/pages"}],"about":[{"href":"https:\/\/www.andbank.com\/andorra\/wp-json\/wp\/v2\/types\/page"}],"author":[{"embeddable":true,"href":"https:\/\/www.andbank.com\/andorra\/wp-json\/wp\/v2\/users\/13"}],"replies":[{"embeddable":true,"href":"https:\/\/www.andbank.com\/andorra\/wp-json\/wp\/v2\/comments?post=7791"}],"version-history":[{"count":0,"href":"https:\/\/www.andbank.com\/andorra\/wp-json\/wp\/v2\/pages\/7791\/revisions"}],"wp:featuredmedia":[{"embeddable":true,"href":"https:\/\/www.andbank.com\/andorra\/wp-json\/wp\/v2\/media\/7795"}],"wp:attachment":[{"href":"https:\/\/www.andbank.com\/andorra\/wp-json\/wp\/v2\/media?parent=7791"}],"wp:term":[{"taxonomy":"yst_prominent_words","embeddable":true,"href":"https:\/\/www.andbank.com\/andorra\/wp-json\/wp\/v2\/yst_prominent_words?post=7791"}],"curies":[{"name":"wp","href":"https:\/\/api.w.org\/{rel}","templated":true}]}}