{"id":8468,"date":"2018-10-12T12:11:57","date_gmt":"2018-10-12T10:11:57","guid":{"rendered":"https:\/\/www.andbank.com\/andorra\/?page_id=8468"},"modified":"2021-02-04T10:55:08","modified_gmt":"2021-02-04T08:55:08","slug":"andbank-wealth","status":"publish","type":"page","link":"https:\/\/www.andbank.com\/andorra\/banca-privada\/nuestros-servicios\/andbank-wealth\/","title":{"rendered":"Andbank Wealth"},"content":{"rendered":"<p>&nbsp;<\/p>\n<div class=\"row\" align=\"center\"><\/div>\n<div class=\"row\">\n<div class=\"col-xs-12 col-ms-8\">\n<h2>Acceso seguro<\/h2>\n<h3 style=\"text-align: left\">Con <strong>Andbank Wealth<\/strong> solo usted podr\u00e1 acceder a la aplicaci\u00f3n Andbank Wealth gracias al reconocimiento dactilar o facial.<\/h3>\n<\/div>\n<div class=\"col-xs-12 col-ms-4\"><img loading=\"lazy\" decoding=\"async\" class=\"aligncenter size-full wp-image-8441\" src=\"https:\/\/www.andbank.com\/andorra\/wp-content\/uploads\/sites\/10\/2018\/10\/scr_dact_es.jpg\" alt=\"\" width=\"275\" height=\"275\" \/><\/div>\n<\/div>\n<div class=\"row\" align=\"center\"><\/div>\n<div class=\"row\">\n<div class=\"col-xs-12 col-ms-4\"><img loading=\"lazy\" decoding=\"async\" class=\"aligncenter size-full wp-image-8445\" src=\"https:\/\/www.andbank.com\/andorra\/wp-content\/uploads\/sites\/10\/2018\/10\/scr_global.jpg\" alt=\"\" width=\"275\" height=\"275\" \/><\/div>\n<div class=\"col-xs-12 col-ms-8\">\n<p>&nbsp;<\/p>\n<h2>Posici\u00f3n global<\/h2>\n<h3>Visualice su posici\u00f3n consolidada y acceda en l\u00ednea a su cartera con el detalle de cada activo que lo compone para consultar la valoraci\u00f3n y el rendimiento.<\/h3>\n<\/div>\n<\/div>\n<div class=\"row\" align=\"center\"><\/div>\n<div class=\"row\">\n<div class=\"col-xs-12 col-ms-8\">\n<p>&nbsp;<\/p>\n<h2>Informaci\u00f3n financiera<\/h2>\n<h3>Podr\u00e1 conocer de primera mano las \u00faltimas noticias y la actualidad m\u00e1s relevante. Adem\u00e1s, permite el seguimiento de los mercados, de los \u00edndices, de acciones y de los ETFs de renta variable.<\/h3>\n<\/div>\n<div class=\"col-xs-12 col-ms-4\"><img loading=\"lazy\" decoding=\"async\" class=\"aligncenter size-full wp-image-8433\" src=\"https:\/\/www.andbank.com\/andorra\/wp-content\/uploads\/sites\/10\/2018\/10\/scr_actualitat.jpg\" alt=\"\" width=\"275\" height=\"275\" \/><\/div>\n<\/div>\n<div class=\"row\" align=\"center\"><\/div>\n<div class=\"row\">\n<div class=\"col-xs-12 col-ms-4\"><img loading=\"lazy\" decoding=\"async\" class=\"aligncenter size-full wp-image-8445\" src=\"https:\/\/www.andbank.com\/andorra\/wp-content\/uploads\/sites\/10\/2018\/10\/transfe_esp.jpg\" alt=\"\" width=\"275\" height=\"275\" \/><\/div>\n<div class=\"col-xs-12 col-ms-8\">\n<p>&nbsp;<\/p>\n<h2>Transferencias<\/h2>\n<h3>Podr\u00e1 realizar transferencias y traspasos, entre sus cuentas de Andbank y a otras entidades y consultar su estado con la m\u00e1xima seguridad.<\/h3>\n<\/div>\n<\/div>\n<div class=\"row\" align=\"center\"><\/div>\n<div class=\"row\">\n<div class=\"col-xs-12 col-ms-8\">\n<p>&nbsp;<\/p>\n<h2>Tarjetas<\/h2>\n<h3>En cada momento podr\u00e1 seguir y controlar todas las operaciones que haga con cualquiera de sus tarjetas, y podr\u00e1 bloquearlas o desbloquearlas en el supuesto de que sea conveniente.<\/h3>\n<\/div>\n<div class=\"col-xs-12 col-ms-4\"><img loading=\"lazy\" decoding=\"async\" class=\"aligncenter size-full wp-image-8441\" src=\"https:\/\/www.andbank.com\/andorra\/wp-content\/uploads\/sites\/10\/2018\/10\/scr_xat.jpg\" alt=\"\" width=\"275\" height=\"275\" \/><\/div>\n<\/div>\n<div class=\"row\" align=\"center\"><\/div>\n<div class=\"row\">\n<div class=\"col-xs-12 col-ms-4\"><img loading=\"lazy\" decoding=\"async\" class=\"aligncenter size-full wp-image-8445\" src=\"https:\/\/www.andbank.com\/andorra\/wp-content\/uploads\/sites\/10\/2018\/10\/scr_arxius.jpg\" alt=\"\" width=\"275\" height=\"275\" \/><\/div>\n<div class=\"col-xs-12 col-ms-8\">\n<p>&nbsp;<\/p>\n<h2>Su banquero online<\/h2>\n<h3>Podr\u00e1 interactuar de forma segura y confidencial con su gestor de Andbank a trav\u00e9s del chat de la aplicaci\u00f3n, con la total libertad que ofrece su dispositivo m\u00f3vil, independientemente de donde se encuentre y del momento.<\/h3>\n<\/div>\n<\/div>\n<p>&nbsp;<\/p>\n<div class=\"row\" align=\"center\"><\/div>\n<div class=\"row\" align=\"center\"><\/div>\n<div class=\"row\">\n<div class=\"col-xs-12 col-ms-8\">\n<p>&nbsp;<\/p>\n<h2>Compraventa de valores y fondos<\/h2>\n<h3>Esta herramienta le har\u00e1 m\u00e1s sencilla la manera de invertir en l\u00ednea. Dispondr\u00e1 de una visi\u00f3n global de la cotizaci\u00f3n de los mercados. Tambi\u00e9n podr\u00e1 acceder a los mejores fondos del mercado con un simple clic.<\/h3>\n<h3>Descargue Andbank Wealth. Para empezar a operar, deber\u00e1 contactar con su gestor quien le enviar\u00e1 un SMS con el c\u00f3digo de activaci\u00f3n.<\/h3>\n<\/div>\n<div class=\"col-xs-12 col-ms-4\"><img loading=\"lazy\" decoding=\"async\" class=\"aligncenter size-full wp-image-8441\" src=\"https:\/\/www.andbank.com\/andorra\/wp-content\/uploads\/sites\/10\/2018\/10\/scr_mercats.jpg\" alt=\"\" width=\"275\" height=\"275\" \/><\/div>\n<\/div>\n<p>&nbsp;<\/p>\n<div style=\"text-align: center\"><a class=\"main-button\" href=\"https:\/\/www.andbank.com\/andorra\/wp-content\/uploads\/sites\/10\/2018\/10\/llibretAPP_A5_esp-1.pdf\" target=\"_blank\" rel=\"noopener\">M\u00c1S INFORMACI\u00d3N<\/a><\/div>\n<p>&nbsp;<\/p>\n<hr \/>\n<p>&nbsp;<\/p>\n<div class=\"row\">\n<div class=\"col-xs-12 col-ms-6\" align=\"right\"><a href=\"https:\/\/itunes.apple.com\/es\/app\/andbank-wealth\/id1362073804?mt=8\" target=\"_blank\" rel=\"noopener\"><img decoding=\"async\" src=\"https:\/\/www.andbank.com\/andorra\/wp-content\/uploads\/sites\/10\/2018\/10\/appstore-1.png\" alt=\"Disponible a App Store\" \/><\/a><\/div>\n<div class=\"col-xs-12 col-ms-6\" align=\"left\"><a href=\"https:\/\/play.google.com\/store\/apps\/details?id=com.andbank.wealth&amp;pcampaignid=MKT-Other-global-all-co-prtnr-py-PartBadge-Mar2515-1\" target=\"_blank\" rel=\"noopener\"><img decoding=\"async\" src=\"https:\/\/www.andbank.com\/andorra\/wp-content\/uploads\/sites\/10\/2018\/10\/google_play.png\" alt=\"Disponible a Google Play\" \/><\/a><\/div>\n<\/div>\n","protected":false},"excerpt":{"rendered":"<p>&nbsp; Acceso seguro Con Andbank Wealth solo usted podr\u00e1 acceder a la aplicaci\u00f3n Andbank Wealth gracias al reconocimiento dactilar o facial. &nbsp; Posici\u00f3n global Visualice su posici\u00f3n consolidada y acceda en l\u00ednea a su cartera con el detalle de cada activo que lo compone para consultar la valoraci\u00f3n y el rendimiento. &nbsp; Informaci\u00f3n financiera Podr\u00e1 [&hellip;]<\/p>\n","protected":false},"author":13,"featured_media":15592,"parent":87,"menu_order":0,"comment_status":"closed","ping_status":"closed","template":"template-layout-first.php","meta":{"_acf_changed":false,"footnotes":""},"yst_prominent_words":[1328,107,3173,3177,2932,6742,2903,3179,2910,699,361,3148,3153,366,3150,6745,6743,3176],"class_list":["post-8468","page","type-page","status-publish","has-post-thumbnail","hentry"],"acf":[],"_links":{"self":[{"href":"https:\/\/www.andbank.com\/andorra\/wp-json\/wp\/v2\/pages\/8468"}],"collection":[{"href":"https:\/\/www.andbank.com\/andorra\/wp-json\/wp\/v2\/pages"}],"about":[{"href":"https:\/\/www.andbank.com\/andorra\/wp-json\/wp\/v2\/types\/page"}],"author":[{"embeddable":true,"href":"https:\/\/www.andbank.com\/andorra\/wp-json\/wp\/v2\/users\/13"}],"replies":[{"embeddable":true,"href":"https:\/\/www.andbank.com\/andorra\/wp-json\/wp\/v2\/comments?post=8468"}],"version-history":[{"count":0,"href":"https:\/\/www.andbank.com\/andorra\/wp-json\/wp\/v2\/pages\/8468\/revisions"}],"up":[{"embeddable":true,"href":"https:\/\/www.andbank.com\/andorra\/wp-json\/wp\/v2\/pages\/87"}],"wp:featuredmedia":[{"embeddable":true,"href":"https:\/\/www.andbank.com\/andorra\/wp-json\/wp\/v2\/media\/15592"}],"wp:attachment":[{"href":"https:\/\/www.andbank.com\/andorra\/wp-json\/wp\/v2\/media?parent=8468"}],"wp:term":[{"taxonomy":"yst_prominent_words","embeddable":true,"href":"https:\/\/www.andbank.com\/andorra\/wp-json\/wp\/v2\/yst_prominent_words?post=8468"}],"curies":[{"name":"wp","href":"https:\/\/api.w.org\/{rel}","templated":true}]}}