{"id":86,"date":"2017-04-04T13:20:11","date_gmt":"2017-04-04T11:20:11","guid":{"rendered":"https:\/\/www.andbank.com\/andorra\/banca-privada\/gestion-de-patrimonios\/"},"modified":"2019-09-25T14:57:28","modified_gmt":"2019-09-25T12:57:28","slug":"gestion-de-patrimonios","status":"publish","type":"page","link":"https:\/\/www.andbank.com\/andorra\/banca-privada\/gestion-de-patrimonios\/","title":{"rendered":"Gesti\u00f3n de patrimonios"},"content":{"rendered":"<p><em>Somos conscientes de que el \u00e9xito de nuestra gesti\u00f3n radica fundamentalmente en el conocimiento del perfil inversor de nuestros clientes y en la propuesta de soluciones de inversi\u00f3n innovadoras y competitivas.<\/em><\/p>\n<h2>Filosof\u00eda de inversi\u00f3n<\/h2>\n<p>Desde su fundaci\u00f3n en 1930, Andbank se ha dedicado a gestionar patrimonios basando su filosof\u00eda de inversi\u00f3n en la preservaci\u00f3n del capital y en la obtenci\u00f3n de rentabilidades sostenibles y consistentes a medio y largo plazo.<\/p>\n<p><strong>Estos m\u00e1s de 85 a\u00f1os de experiencia nos han permitido perfeccionar de forma progresiva nuestro estilo de gesti\u00f3n, basado en una metodolog\u00eda propia que contempla 5 fases de actuaci\u00f3n:<\/strong><\/p>\n<ul>\n<li>Minucioso estudio del perfil del inversor y de las necesidades del cliente<\/li>\n<li>Definici\u00f3n de objetivos de gesti\u00f3n<\/li>\n<li>Elaboraci\u00f3n y definici\u00f3n de la estrategia de inversi\u00f3n<\/li>\n<li>Ejecuci\u00f3n e implementaci\u00f3n de las inversiones<\/li>\n<li>Seguimiento y control de resultados<\/li>\n<\/ul>\n<p>Nuestra ambici\u00f3n es llegar a la excelencia en el servicio. Somos conscientes de que el \u00e9xito de nuestra gesti\u00f3n radica fundamentalmente en el conocimiento del perfil inversor de nuestros clientes y en la propuesta de soluciones de inversi\u00f3n innovadoras y competitivas, que encajen en la estrategia definida para cada uno de nuestros clientes.<\/p>\n<h2>Planificaci\u00f3n patrimonial<\/h2>\n<p>En Andbank estamos convencidos de que la clave de nuestro \u00e9xito como banqueros se fundamenta en una correcta planificaci\u00f3n patrimonial. Ayudamos a nuestros clientes a dise\u00f1ar la estrategia de gesti\u00f3n que mejor se adapte a sus necesidades.<\/p>\n<p><strong>El dise\u00f1o de estas estrategias viene determinado por:<\/strong><\/p>\n<ol>\n<li><strong>Optimizaci\u00f3n del perfil de cartera y diversidad patrimonial considerando las caracter\u00edsticas espec\u00edficas de cada cliente.<\/strong> Esta cuesti\u00f3n es fundamental para profesionales que se dedican al arte, el deporte o clientes con grandes crecimientos patrimoniales. En Andbank cada cliente es \u00fanico, de modo que para nosotros es especialmente relevante definir de forma singular la planificaci\u00f3n patrimonial de cada cliente de acuerdo a sus caracter\u00edsticas particulares.<\/li>\n<li><strong>Elecci\u00f3n de aquellos productos financieros que garanticen una m\u00e1xima rentabilidad teniendo en cuenta la fiscalidad aplicable.\u00a0<\/strong> La rentabilidad de una inversi\u00f3n viene tambi\u00e9n determinada por la tributaci\u00f3n a la que est\u00e9 sometido el rendimiento obtenido. Pero no s\u00f3lo debe considerarse el impacto fiscal (tipo impositivo), sino tambi\u00e9n el momento temporal en el que queda sujeta a tributaci\u00f3n.<\/li>\n<li><strong>Planificaci\u00f3n sucesoria que se adapte a los verdaderos deseos del cliente:<\/strong> asistencia en la preparaci\u00f3n de testamentos que garanticen reservas troncales o preparaci\u00f3n de poderes preventivos.<\/li>\n<\/ol>\n<p>En Andbank sabemos que en la definici\u00f3n de un plan sucesorio hay muchas variables a tener en cuenta, como la fuerte carga afectiva que conlleva o su relaci\u00f3n directa con el derecho civil y la normativa fiscal. Estas dos cuestiones tienen un impacto directo en el camino que el cliente va definiendo para esa sucesi\u00f3n. Por eso, creemos que la definici\u00f3n de un plan de sucesi\u00f3n es fundamental que sea liderado por profesionales expertos en la materia.<\/p>\n","protected":false},"excerpt":{"rendered":"<p>Somos conscientes de que el \u00e9xito de nuestra gesti\u00f3n radica fundamentalmente en el conocimiento del perfil inversor de nuestros clientes y en la propuesta de soluciones de inversi\u00f3n innovadoras y competitivas. <\/p>\n","protected":false},"author":1,"featured_media":3424,"parent":84,"menu_order":240,"comment_status":"closed","ping_status":"closed","template":"template-detail.php","meta":{"_acf_changed":false,"footnotes":""},"yst_prominent_words":[4618,4611,4619,4608,4616,4613,4624,4623,4614,4612,4622,4610,4615,4607,4617,4620,3106,3107,4621,4609],"class_list":["post-86","page","type-page","status-publish","has-post-thumbnail","hentry"],"acf":[],"_links":{"self":[{"href":"https:\/\/www.andbank.com\/andorra\/wp-json\/wp\/v2\/pages\/86"}],"collection":[{"href":"https:\/\/www.andbank.com\/andorra\/wp-json\/wp\/v2\/pages"}],"about":[{"href":"https:\/\/www.andbank.com\/andorra\/wp-json\/wp\/v2\/types\/page"}],"author":[{"embeddable":true,"href":"https:\/\/www.andbank.com\/andorra\/wp-json\/wp\/v2\/users\/1"}],"replies":[{"embeddable":true,"href":"https:\/\/www.andbank.com\/andorra\/wp-json\/wp\/v2\/comments?post=86"}],"version-history":[{"count":0,"href":"https:\/\/www.andbank.com\/andorra\/wp-json\/wp\/v2\/pages\/86\/revisions"}],"up":[{"embeddable":true,"href":"https:\/\/www.andbank.com\/andorra\/wp-json\/wp\/v2\/pages\/84"}],"wp:featuredmedia":[{"embeddable":true,"href":"https:\/\/www.andbank.com\/andorra\/wp-json\/wp\/v2\/media\/3424"}],"wp:attachment":[{"href":"https:\/\/www.andbank.com\/andorra\/wp-json\/wp\/v2\/media?parent=86"}],"wp:term":[{"taxonomy":"yst_prominent_words","embeddable":true,"href":"https:\/\/www.andbank.com\/andorra\/wp-json\/wp\/v2\/yst_prominent_words?post=86"}],"curies":[{"name":"wp","href":"https:\/\/api.w.org\/{rel}","templated":true}]}}