{"id":13624,"date":"2022-01-27T23:35:12","date_gmt":"2022-01-27T18:35:12","guid":{"rendered":"https:\/\/www.andbank.com\/brasil\/?page_id=13624"},"modified":"2023-09-06T00:13:12","modified_gmt":"2023-09-05T19:13:12","slug":"politica-remuneracao-pela-distribuicao-produtos-investimentos","status":"publish","type":"page","link":"https:\/\/www.andbank.com\/brasil\/politica-remuneracao-pela-distribuicao-produtos-investimentos\/","title":{"rendered":"Pol\u00edtica de Remunera\u00e7\u00e3o pela Distribui\u00e7\u00e3o de Produtos de Investimentos"},"content":{"rendered":"<p>O Banco Andbank (Brasil) S.A. (&#8220;Andbank&#8221;), devidamente habilitado a atuar como integrante do sistema de distribui\u00e7\u00e3o, na negocia\u00e7\u00e3o de ativos financeiros e valores mobili\u00e1rios nos mercados regulamentados e na distribui\u00e7\u00e3o de fundos pr\u00f3prios e de terceiros, vem, por meio desta p\u00e1gina, divulgar informa\u00e7\u00f5es sobre a forma de remunera\u00e7\u00e3o recebida, direta ou indiretamente, na distribui\u00e7\u00e3o de produtos de investimento (\u201cDistribui\u00e7\u00e3o\u201d), em atendimento ao disposto nas Regras e Procedimentos para Transpar\u00eancia na Remunera\u00e7\u00e3o dos Distribuidores da ANBIMA, assim como nos termos do c\u00f3digo ANBIMA de Distribui\u00e7\u00e3o e Melhores Pr\u00e1ticas.<\/p>\n<p>&nbsp;<\/p>\n<h2>1. ASPECTOS GERAIS<\/h2>\n<p>&nbsp;<\/p>\n<p>Na atividade de Distribui\u00e7\u00e3o, o Andbank \u00e9 autorizado perante a Comiss\u00e3o de Valores Mobili\u00e1rios (\u201cCVM\u201d) a realizar a distribui\u00e7\u00e3o de valores mobili\u00e1rios e, por consequ\u00eancia, tamb\u00e9m participa dos mercados administrados pela B3 S.A. (Brasil, Bolsa, Balc\u00e3o), devendo observar o disposto na Resolu\u00e7\u00e3o CVM n\u00ba. 30 e Resolu\u00e7\u00e3o CVM n\u00ba 35, al\u00e9m de todas as demais regulamenta\u00e7\u00f5es e autorregula\u00e7\u00f5es que tratem sobre o tema de Distribui\u00e7\u00e3o.<\/p>\n<p>&nbsp;<\/p>\n<p>A Distribui\u00e7\u00e3o consiste na atividade de oferta de produtos de investimento de forma individual ou coletiva, resultando ou n\u00e3o em aplica\u00e7\u00e3o de recursos, assim como a aceita\u00e7\u00e3o de pedido de aplica\u00e7\u00e3o por meio de canais de atendimento, canais digitais, ou qualquer outro canal estabelecido para este fim, assim como atividades acess\u00f3rias prestadas aos clientes, tais como manuten\u00e7\u00e3o do portf\u00f3lio de investimentos e fornecimento de informa\u00e7\u00f5es peri\u00f3dicas acerca dos investimentos.<\/p>\n<p>&nbsp;<\/p>\n<p>O Andbank distribui t\u00edtulos e valores mobili\u00e1rios emitidos e\/ou administrados tanto pelo pr\u00f3prio Andbank, quanto por terceiros, com objetivo de aumentar o portf\u00f3lio de produtos oferecidos ao cliente, e que, eventualmente, podem pertencer \u00e0 mesma classifica\u00e7\u00e3o daqueles de emiss\u00e3o e\/ou administra\u00e7\u00e3o pr\u00f3prias, sendo que a escolha do produto ser\u00e1 feita a exclusivo crit\u00e9rio do cliente, de acordo com o seu perfil, exceto em casos de carteira administrada.<\/p>\n<p>&nbsp;<\/p>\n<p>O Andbank disponibiliza atendimento atrav\u00e9s de sua \u00c1rea Comercial, que conta com especialistas de investimentos, e canais digitais, permitindo que os clientes tenham acesso \u00e0s informa\u00e7\u00f5es necess\u00e1rias para tomada de decis\u00e3o na hora de investir.<\/p>\n<p>&nbsp;<\/p>\n<p>Os profissionais que atuam na distribui\u00e7\u00e3o possuem as certifica\u00e7\u00f5es legais necess\u00e1rias (CPA-10, CPA-20, CEA ou CFP\u00ae) conforme estabelecido pelo C\u00f3digo ANBIMA de Regula\u00e7\u00e3o e Melhores Pr\u00e1ticas para o Programa de Certifica\u00e7\u00e3o Continuada.<\/p>\n<p>&nbsp;<\/p>\n<p>A sele\u00e7\u00e3o de produtos leva em conta aspectos t\u00e9cnicos, tais como o risco do produto, contribui\u00e7\u00e3o do produto para a diversifica\u00e7\u00e3o de risco da carteira dos clientes e cen\u00e1rios macro e microecon\u00f4micos. Os crit\u00e9rios de sele\u00e7\u00e3o dos produtos de investimentos s\u00e3o definidos pelas \u00e1reas de Gest\u00e3o de Patrim\u00f4nio e Mesa de Opera\u00e7\u00f5es, e apresentados aos clientes levando em considera\u00e7\u00e3o seu perfil.<\/p>\n<p>&nbsp;<\/p>\n<h2>2. Portf\u00f3lio de Produtos de Investimento<\/h2>\n<p>&nbsp;<\/p>\n<p>Os produtos distribu\u00eddos pelo Andbank e suas respectivas formas de remunera\u00e7\u00e3o est\u00e3o descritas a seguir:<\/p>\n<p>&nbsp;<\/p>\n<h3>2.1. Fundos de Investimentos<\/h3>\n<p>O Andbank \u00e9 remunerado pela taxa de administra\u00e7\u00e3o e pela taxa de performance, se houver.<\/p>\n<p>&nbsp;<\/p>\n<h3>2.2. CDB, LCA, LCI e COE<\/h3>\n<p>Tanto para os produtos de capta\u00e7\u00e3o de emiss\u00e3o pr\u00f3pria como os de terceiros, o Andbank \u00e9 remunerado por meio de spread.<\/p>\n<p>&nbsp;<\/p>\n<h3>2.3. T\u00edtulos P\u00fablicos<\/h3>\n<p>N\u00e3o h\u00e1 remunera\u00e7\u00e3o pela distribui\u00e7\u00e3o de T\u00edtulos P\u00fablicos do Tesouro Direto.<\/p>\n<p>&nbsp;<\/p>\n<h3>2.4. Renda Vari\u00e1vel (A\u00e7\u00f5es, ETFs e FIIs)<\/h3>\n<p>A remunera\u00e7\u00e3o \u00e9 feita por taxa de corretagem e taxa de cust\u00f3dia.<\/p>\n<p>&nbsp;<\/p>\n<h3>2.5. T\u00edtulos Privados de Renda Fixa (Deb\u00eantures, CRA, CRI e FIDC)<\/h3>\n<p>Remunera\u00e7\u00e3o por spread e taxa de cust\u00f3dia. Atualmente, n\u00e3o h\u00e1 cobran\u00e7a da taxa de cust\u00f3dia para os produtos listados.<\/p>\n<p>&nbsp;<\/p>\n<h3>2.6. Oferta P\u00fablica de Ativos<\/h3>\n<p>Remunera\u00e7\u00e3o por meio de comiss\u00e3o de distribui\u00e7\u00e3o (fee de canal).<\/p>\n<p>&nbsp;<\/p>\n<h3>2.7. Derivativos<\/h3>\n<p>Remunera\u00e7\u00e3o por meio de spread. Derivativos s\u00e3o ofertados de forma customizada, negociados em contrato de balc\u00e3o, com o objetivo espec\u00edfico de prote\u00e7\u00e3o<\/p>\n<p>Resumimos em uma tabela exemplo as formas de remunera\u00e7\u00e3o por solu\u00e7\u00f5es de investimentos, que s\u00e3o espec\u00edficas de cada produto. <a href=\"https:\/\/www.andbank.com\/brasil\/wp-content\/uploads\/sites\/11\/2023\/06\/Tabela-Exemplo.png\" target=\"_blank\" rel=\"noopener\">Clique aqui para acess\u00e1-la<\/a>.<\/p>\n<p>&nbsp;<\/p>\n<h2>3. POTENCIAIS CONFLITOS DE INTERESSE<\/h2>\n<p>&nbsp;<\/p>\n<p>O Andbank adota medidas que visam evitar a realiza\u00e7\u00e3o de opera\u00e7\u00f5es em situa\u00e7\u00e3o de conflito de interesses e assegurar tratamento equitativo a seus clientes. Nesse sentido, o Andbank n\u00e3o recomenda produtos de investimento a clientes em virtude do recebimento de remunera\u00e7\u00e3o, taxa de corretagem, rebates ou comiss\u00f5es, tampouco em rela\u00e7\u00e3o ao emissor ou contraparte na opera\u00e7\u00e3o. O Andbank disp\u00f5e de uma governan\u00e7a composta por comit\u00eas e f\u00f3runs que viabilizam o processo de distribui\u00e7\u00e3o dos produtos de investimentos por meio do<br \/>\nsegmento. Todos os ativos, sendo produtos propriet\u00e1rios ou de mercado secund\u00e1rio, s\u00e3o submetidos aos mesmos procedimentos, de forma a garantir a governan\u00e7a.<\/p>\n<p>&nbsp;<\/p>\n<hr \/>\n<p>&nbsp;<\/p>\n<p>Maiores informa\u00e7\u00f5es acerca do assunto ou sobre o tema investimentos podem ser consultados diretamente no Portal de Educa\u00e7\u00e3o da ANBIMA <a href=\"http:\/\/www.comoinvestir.com.br\">www.comoinvestir.com.br<\/a><\/p>\n","protected":false},"excerpt":{"rendered":"<p>O Banco Andbank (Brasil) S.A. (&#8220;Andbank&#8221;), devidamente habilitado a atuar como integrante do sistema de distribui\u00e7\u00e3o, na negocia\u00e7\u00e3o de ativos financeiros e valores mobili\u00e1rios nos mercados regulamentados e na distribui\u00e7\u00e3o de fundos pr\u00f3prios e de terceiros, vem, por meio desta p\u00e1gina, divulgar informa\u00e7\u00f5es sobre a forma de remunera\u00e7\u00e3o recebida, direta ou indiretamente, na distribui\u00e7\u00e3o de [&hellip;]<\/p>\n","protected":false},"author":14,"featured_media":708,"parent":0,"menu_order":0,"comment_status":"closed","ping_status":"closed","template":"","meta":{"_acf_changed":false,"footnotes":""},"yst_prominent_words":[],"class_list":["post-13624","page","type-page","status-publish","has-post-thumbnail","hentry"],"acf":[],"_links":{"self":[{"href":"https:\/\/www.andbank.com\/brasil\/wp-json\/wp\/v2\/pages\/13624"}],"collection":[{"href":"https:\/\/www.andbank.com\/brasil\/wp-json\/wp\/v2\/pages"}],"about":[{"href":"https:\/\/www.andbank.com\/brasil\/wp-json\/wp\/v2\/types\/page"}],"author":[{"embeddable":true,"href":"https:\/\/www.andbank.com\/brasil\/wp-json\/wp\/v2\/users\/14"}],"replies":[{"embeddable":true,"href":"https:\/\/www.andbank.com\/brasil\/wp-json\/wp\/v2\/comments?post=13624"}],"version-history":[{"count":7,"href":"https:\/\/www.andbank.com\/brasil\/wp-json\/wp\/v2\/pages\/13624\/revisions"}],"predecessor-version":[{"id":14464,"href":"https:\/\/www.andbank.com\/brasil\/wp-json\/wp\/v2\/pages\/13624\/revisions\/14464"}],"wp:featuredmedia":[{"embeddable":true,"href":"https:\/\/www.andbank.com\/brasil\/wp-json\/wp\/v2\/media\/708"}],"wp:attachment":[{"href":"https:\/\/www.andbank.com\/brasil\/wp-json\/wp\/v2\/media?parent=13624"}],"wp:term":[{"taxonomy":"yst_prominent_words","embeddable":true,"href":"https:\/\/www.andbank.com\/brasil\/wp-json\/wp\/v2\/yst_prominent_words?post=13624"}],"curies":[{"name":"wp","href":"https:\/\/api.w.org\/{rel}","templated":true}]}}