{"id":14174,"date":"2023-05-07T19:30:14","date_gmt":"2023-05-07T14:30:14","guid":{"rendered":"https:\/\/www.andbank.com\/brasil\/?page_id=14174"},"modified":"2023-05-07T22:21:10","modified_gmt":"2023-05-07T17:21:10","slug":"estudar-os-produtos","status":"publish","type":"page","link":"https:\/\/www.andbank.com\/brasil\/estudar-os-produtos\/","title":{"rendered":"ESTUDAR OS PRODUTOS"},"content":{"rendered":"<h1>SER PRIVATE \u00c9 CONHECER O SEU MODO DE BUSCAR OPORTUNIDADES<\/h1>\n<h2>Nosso objetivo vai muito al\u00e9m da distribui\u00e7\u00e3o de produtos financeiros. Somos private banking de verdade, com uma vis\u00e3o on e off-shore independente do mercado.<\/h2>\n<p>&nbsp;<\/p>\n<table>\n<tbody>\n<tr>\n<td><img loading=\"lazy\" decoding=\"async\" class=\"alignnone wp-image-14176\" src=\"https:\/\/www.andbank.com\/brasil\/wp-content\/uploads\/sites\/11\/2023\/05\/1-1.png\" alt=\"\" width=\"377\" height=\"400\" \/><\/td>\n<td><\/td>\n<td style=\"width: 65%\">\n<h2 class=\"elementor-heading-title elementor-size-default\">NO MELHOR FORMATO PARA VOC\u00ca<\/h2>\n<p>Conte com uma sele\u00e7\u00e3o criteriosa de oportunidades elaborada por profissionais que oferecem uma vis\u00e3o estrat\u00e9gica dos mercados nacional e internacional, no formato que voc\u00ea se sentir mais a vontade para atuar:<\/p>\n<p>&nbsp;<\/p>\n<h3><strong>GEST\u00c3O DISCRICION\u00c1RIA<\/strong><\/h3>\n<p>Para investidores que desejam delegar o gerenciamento de seus ativos financeiros ao Andbank.<\/p>\n<p>&nbsp;<\/p>\n<h3><strong>ASSESSORIA FINANCEIRA<\/strong><\/h3>\n<p>Um modelo de gest\u00e3o compartilhada: o Andbank oferece recomenda\u00e7\u00f5es e a decis\u00e3o fica a crit\u00e9rio do investidor.<\/p>\n<p>&nbsp;<\/td>\n<\/tr>\n<\/tbody>\n<\/table>\n<p>&nbsp;<\/p>\n<table>\n<tbody>\n<tr>\n<td>\n<h2 class=\"elementor-heading-title elementor-size-default\">AO SEU LADO EM CADA PASSO<\/h2>\n<p>Trabalhamos focados em duas frentes principais:<\/p>\n<p>&nbsp;<\/p>\n<h3><strong>ASSESSORES<\/strong><\/h3>\n<p>Os respons\u00e1veis por analisar oportunidades e adequar seus investimentos \u00e0s suas metas.<\/p>\n<p>&nbsp;<\/p>\n<h3><strong>GESTORES<\/strong><\/h3>\n<p>S\u00e3o os estrategistas de investimentos, liderados pelo Chief Investment Officer do Andbank no Brasil.<\/p>\n<p>&nbsp;<\/p>\n<p>&nbsp;<\/td>\n<td><\/td>\n<td style=\"width: 35%\"><img loading=\"lazy\" decoding=\"async\" class=\"alignnone wp-image-14177\" src=\"https:\/\/www.andbank.com\/brasil\/wp-content\/uploads\/sites\/11\/2023\/05\/2-1.png\" alt=\"\" width=\"377\" height=\"400\" \/><\/td>\n<\/tr>\n<\/tbody>\n<\/table>\n<p>&nbsp;<\/p>\n<h2 class=\"elementor-heading-title elementor-size-default\" style=\"text-align: center\"><strong>DESFRUTE DE UM MODELO DE NEG\u00d3CIOS BASEADO EM ARQUITETURA ABERTA<\/strong><\/h2>\n<h3 style=\"text-align: center\">Trabalhamos como gestores de prefer\u00eancias e necessidades, realizando a gest\u00e3o do patrim\u00f4nio financeiro por meio de um processo robusto de investimento. Desta forma, voc\u00ea tem acesso \u00e0s melhores solu\u00e7\u00f5es pensadas para o seu perfil.<\/h3>\n<p>&nbsp;<\/p>\n<h3><span style=\"color: #e00000\"><strong>FUNDOS DE INVESTIMENTOS<\/strong><\/span><\/h3>\n<ul>\n<li>Exclusivos;<\/li>\n<li>Abertos e fechados;<\/li>\n<li>A\u00e7\u00f5es;<\/li>\n<li>Multimercados (Macro, L&amp;S, Arbitragem e Equity Hedge)<\/li>\n<li>Renda Fixa; (Cr\u00e9dito, DI Liquidez, Deb\u00eantures Incentivadas, \u00cdndices)<\/li>\n<li>Internacionais;<\/li>\n<li>Cambiais;<\/li>\n<li>Previd\u00eancias.<\/li>\n<\/ul>\n<p>&nbsp;<\/p>\n<h3><span style=\"color: #e00000\"><strong>RENDA FIXA\u00a0(PRIM\u00c1RIO E SECUND\u00c1RIO)<\/strong><\/span><\/h3>\n<ul>\n<li>T\u00edtulos p\u00fablicos;<\/li>\n<li>Emiss\u00f5es Banc\u00e1rias (CDB, LCI, LCA, LF, LC);<\/li>\n<li>Cr\u00e9dito Privado (Deb\u00eantures, Deb\u00eantures Incentivadas);<\/li>\n<li>Produtos Estruturados (CRI, CRA, COE);<\/li>\n<li>Oferta prim\u00e1ria;<\/li>\n<li>Secund\u00e1rio cr\u00e9dito privado.<\/li>\n<\/ul>\n<p>&nbsp;<\/p>\n<h3><span style=\"color: #e00000\"><strong>CR\u00c9DITO PARA\u00a0INVESTIDORES<\/strong><\/span><\/h3>\n<ul>\n<li>Empr\u00e9stimos Colaterizados;<\/li>\n<li>Fian\u00e7as banc\u00e1rias.<\/li>\n<\/ul>\n<p>&nbsp;<\/p>\n<h3><span style=\"color: #e00000\"><strong>RENDA VARI\u00c1VEL<\/strong><\/span><\/h3>\n<ul>\n<li>\u00c0 vista (A\u00e7\u00f5es, FII, FI-FIDC, FI-FIP, ETF, BDR);<\/li>\n<li>Derivativos (Op\u00e7\u00f5es Listadas, Flex\u00edveis, Montagem de estruturas e estrat\u00e9gias);<\/li>\n<\/ul>\n<p>&nbsp;<\/p>\n<h3><span style=\"color: #e00000\"><strong>PARCERIAS<\/strong><\/span><\/h3>\n<ul>\n<li>C\u00e2mbio;<\/li>\n<li>Aconselhamento tribut\u00e1rio;<\/li>\n<li>Aconselhamento sucess\u00f3rio;<\/li>\n<li>Fus\u00f5es e aquisi\u00e7\u00f5es (M&amp;A);<\/li>\n<li>Outros.<\/li>\n<\/ul>\n<p>&nbsp;<\/p>\n<h1 style=\"text-align: center\"><a href=\"https:\/\/www.andbank.com\/brasil\/mensurar-riscos\/\"><strong><span style=\"color: #e00000\">SAIBA POR QUE CONFIAR EM UM PRIVATE BANK CERTIFICADO<\/span><\/strong><\/a><\/h1>\n<p><img loading=\"lazy\" decoding=\"async\" class=\"alignnone size-full wp-image-14178\" src=\"https:\/\/www.andbank.com\/brasil\/wp-content\/uploads\/sites\/11\/2023\/05\/3-1.png\" alt=\"\" width=\"1920\" height=\"878\" srcset=\"https:\/\/www.andbank.com\/brasil\/wp-content\/uploads\/sites\/11\/2023\/05\/3-1.png 1920w, https:\/\/www.andbank.com\/brasil\/wp-content\/uploads\/sites\/11\/2023\/05\/3-1-768x351.png 768w, https:\/\/www.andbank.com\/brasil\/wp-content\/uploads\/sites\/11\/2023\/05\/3-1-1536x702.png 1536w\" sizes=\"(max-width: 1920px) 100vw, 1920px\" \/><\/p>\n<p><a href=\"https:\/\/www.andbank.com\/brasil\/seja-cliente\/\"><img loading=\"lazy\" decoding=\"async\" class=\"alignnone size-full wp-image-14169\" src=\"https:\/\/www.andbank.com\/brasil\/wp-content\/uploads\/sites\/11\/2023\/05\/7.jpg\" alt=\"\" width=\"1891\" height=\"210\" srcset=\"https:\/\/www.andbank.com\/brasil\/wp-content\/uploads\/sites\/11\/2023\/05\/7.jpg 1891w, https:\/\/www.andbank.com\/brasil\/wp-content\/uploads\/sites\/11\/2023\/05\/7-768x85.jpg 768w, https:\/\/www.andbank.com\/brasil\/wp-content\/uploads\/sites\/11\/2023\/05\/7-1536x171.jpg 1536w\" sizes=\"(max-width: 1891px) 100vw, 1891px\" \/><\/a><\/p>\n","protected":false},"excerpt":{"rendered":"<p>SER PRIVATE \u00c9 CONHECER O SEU MODO DE BUSCAR OPORTUNIDADES Nosso objetivo vai muito al\u00e9m da distribui\u00e7\u00e3o de produtos financeiros. Somos private banking de verdade, com uma vis\u00e3o on e off-shore independente do mercado. &nbsp; NO MELHOR FORMATO PARA VOC\u00ca Conte com uma sele\u00e7\u00e3o criteriosa de oportunidades elaborada por profissionais que oferecem uma vis\u00e3o estrat\u00e9gica [&hellip;]<\/p>\n","protected":false},"author":14,"featured_media":14175,"parent":0,"menu_order":0,"comment_status":"closed","ping_status":"closed","template":"","meta":{"_acf_changed":false,"footnotes":""},"yst_prominent_words":[],"class_list":["post-14174","page","type-page","status-publish","has-post-thumbnail","hentry"],"acf":[],"_links":{"self":[{"href":"https:\/\/www.andbank.com\/brasil\/wp-json\/wp\/v2\/pages\/14174"}],"collection":[{"href":"https:\/\/www.andbank.com\/brasil\/wp-json\/wp\/v2\/pages"}],"about":[{"href":"https:\/\/www.andbank.com\/brasil\/wp-json\/wp\/v2\/types\/page"}],"author":[{"embeddable":true,"href":"https:\/\/www.andbank.com\/brasil\/wp-json\/wp\/v2\/users\/14"}],"replies":[{"embeddable":true,"href":"https:\/\/www.andbank.com\/brasil\/wp-json\/wp\/v2\/comments?post=14174"}],"version-history":[{"count":5,"href":"https:\/\/www.andbank.com\/brasil\/wp-json\/wp\/v2\/pages\/14174\/revisions"}],"predecessor-version":[{"id":14252,"href":"https:\/\/www.andbank.com\/brasil\/wp-json\/wp\/v2\/pages\/14174\/revisions\/14252"}],"wp:featuredmedia":[{"embeddable":true,"href":"https:\/\/www.andbank.com\/brasil\/wp-json\/wp\/v2\/media\/14175"}],"wp:attachment":[{"href":"https:\/\/www.andbank.com\/brasil\/wp-json\/wp\/v2\/media?parent=14174"}],"wp:term":[{"taxonomy":"yst_prominent_words","embeddable":true,"href":"https:\/\/www.andbank.com\/brasil\/wp-json\/wp\/v2\/yst_prominent_words?post=14174"}],"curies":[{"name":"wp","href":"https:\/\/api.w.org\/{rel}","templated":true}]}}