{"id":14198,"date":"2023-05-07T20:16:26","date_gmt":"2023-05-07T15:16:26","guid":{"rendered":"https:\/\/www.andbank.com\/brasil\/?page_id=14198"},"modified":"2023-05-07T22:22:24","modified_gmt":"2023-05-07T17:22:24","slug":"conhecer-o-cliente","status":"publish","type":"page","link":"https:\/\/www.andbank.com\/brasil\/conhecer-o-cliente\/","title":{"rendered":"CONHECER O CLIENTE"},"content":{"rendered":"<h1 class=\"elementor-heading-title elementor-size-default\" style=\"text-align: center\">VALORES QUE SOMAM \u00c0 SUA VIS\u00c3O DE MUNDO<\/h1>\n<p>&nbsp;<\/p>\n<p style=\"text-align: left\">Mesmo presentes em 11 pa\u00edses e conectados com diferentes culturas ao redor do mundo, n\u00e3o perdemos nossa ess\u00eancia private de ser. \u00c9 com este conceito que trabalhamos, diariamente, para oferecer estrat\u00e9gias e servi\u00e7os de gest\u00e3o de patrim\u00f4nio exclusivas para clientes globais dentro dos segmentos wealth e affluent.<\/p>\n<p>&nbsp;<\/p>\n<p><img loading=\"lazy\" decoding=\"async\" class=\"size-full wp-image-14202 aligncenter\" src=\"https:\/\/www.andbank.com\/brasil\/wp-content\/uploads\/sites\/11\/2023\/05\/1.jpg\" alt=\"\" width=\"1075\" height=\"663\" srcset=\"https:\/\/www.andbank.com\/brasil\/wp-content\/uploads\/sites\/11\/2023\/05\/1.jpg 1075w, https:\/\/www.andbank.com\/brasil\/wp-content\/uploads\/sites\/11\/2023\/05\/1-768x474.jpg 768w\" sizes=\"(max-width: 1075px) 100vw, 1075px\" \/><\/p>\n<p>&nbsp;<\/p>\n<h1 class=\"elementor-heading-title elementor-size-default\" style=\"text-align: center\">DOS ALPES PIREN\u00c9US PARA O MUNDO<\/h1>\n<p>&nbsp;<\/p>\n<p style=\"text-align: left\">Toda jornada de sucesso tem um in\u00edcio. Come\u00e7amos nossa trajet\u00f3ria em meio aos Alpes Pirin\u00e9us de Andorra, um principado favorecido pela \u00f3tima economia e pelo setor financeiro. Um principado t\u00e3o exclusivo, que traduz o seu jeito \u00fanico de fazer planos.<\/p>\n<p>&nbsp;<\/p>\n<p>&nbsp;<\/p>\n<p><img loading=\"lazy\" decoding=\"async\" class=\"alignnone size-full wp-image-14203\" src=\"https:\/\/www.andbank.com\/brasil\/wp-content\/uploads\/sites\/11\/2023\/05\/2-1.jpg\" alt=\"\" width=\"1323\" height=\"616\" srcset=\"https:\/\/www.andbank.com\/brasil\/wp-content\/uploads\/sites\/11\/2023\/05\/2-1.jpg 1323w, https:\/\/www.andbank.com\/brasil\/wp-content\/uploads\/sites\/11\/2023\/05\/2-1-768x358.jpg 768w\" sizes=\"(max-width: 1323px) 100vw, 1323px\" \/><\/p>\n<p>&nbsp;<\/p>\n<table>\n<tbody>\n<tr>\n<td>\n<h2 class=\"elementor-heading-title elementor-size-default\"><span style=\"color: #000000\">E ASSIM O CONCEITO GLOBAL E PRIVATE CHEGOU AO BRASIL<\/span><\/h2>\n<p>Desde 2011, iniciamos nossas atividades no pa\u00eds como uma gestora de patrim\u00f4nio financeiro.<\/p>\n<p>&nbsp;<\/p>\n<ul>\n<li><span style=\"color: #ff0000\"><strong>2011<\/strong> <\/span>\u2013 compra de da LLA DTVM<\/li>\n<\/ul>\n<p>&nbsp;<\/p>\n<ul>\n<li><span style=\"color: #ff0000\"><strong>2015<\/strong><\/span> \u2013 aquisi\u00e7\u00e3o do banco Bracce, para obter a licen\u00e7a banc\u00e1ria<\/li>\n<\/ul>\n<p>&nbsp;<\/p>\n<ul>\n<li><strong><span style=\"color: #ff0000\">2018<\/span><\/strong> \u2013 como resultado da parceria com a Triar Gest\u00e3o de Patrim\u00f4nio<\/li>\n<\/ul>\n<p>&nbsp;<\/p>\n<ul>\n<li><strong><span style=\"color: #ff0000\">2019<\/span><\/strong> &#8211; conclu\u00edmos um acordo estrat\u00e9gico com a Capital Investimentos<\/li>\n<\/ul>\n<p>&nbsp;<\/p>\n<ul>\n<li><strong><span style=\"color: #ff0000\">2020<\/span><\/strong> \u2013 o crescimento continua a partir de novas aquisi\u00e7\u00f5es, parcerias e desenvolvimento org\u00e2nico<\/li>\n<\/ul>\n<p>&nbsp;<\/p>\n<ul>\n<li><strong><span style=\"color: #ff0000\">2021<\/span><\/strong> &#8211; primeiro classifica\u00e7\u00e3o do Andbank Brasil pela Fitch Ratings, com a nota AAA com perspectiva est\u00e1vel<\/li>\n<\/ul>\n<p>&nbsp;<\/p>\n<p>&nbsp;<\/p>\n<p>&nbsp;<\/td>\n<td><\/td>\n<td style=\"width: 50%\"><img loading=\"lazy\" decoding=\"async\" class=\"alignnone size-full wp-image-14205\" src=\"https:\/\/www.andbank.com\/brasil\/wp-content\/uploads\/sites\/11\/2023\/05\/3-3.png\" alt=\"\" width=\"815\" height=\"1100\" srcset=\"https:\/\/www.andbank.com\/brasil\/wp-content\/uploads\/sites\/11\/2023\/05\/3-3.png 815w, https:\/\/www.andbank.com\/brasil\/wp-content\/uploads\/sites\/11\/2023\/05\/3-3-768x1037.png 768w\" sizes=\"(max-width: 815px) 100vw, 815px\" \/><\/td>\n<\/tr>\n<\/tbody>\n<\/table>\n<p>&nbsp;<\/p>\n<table>\n<tbody>\n<tr>\n<td><img loading=\"lazy\" decoding=\"async\" class=\"alignnone size-full wp-image-14207\" src=\"https:\/\/www.andbank.com\/brasil\/wp-content\/uploads\/sites\/11\/2023\/05\/4-2.png\" alt=\"\" width=\"642\" height=\"662\" \/><\/td>\n<td><\/td>\n<td style=\"width: 45%\">\n<h2><span style=\"color: #000000\">ESTAMOS SEMPRE AO SEU LADO<\/span><\/h2>\n<p>Hoje, atendemos investidores em todo o Brasil e estamos fisicamente presentes em 5 estados, atrav\u00e9s agentes aut\u00f4nomos de investimentos e escrit\u00f3rios pr\u00f3prios.<\/p>\n<p>&nbsp;<\/p>\n<h2 class=\"elementor-heading-title elementor-size-default\">ESCRIT\u00d3RIOS PR\u00d3PRIOS<\/h2>\n<p>&nbsp;<\/p>\n<p>SEDE\u00a0\u00a0\u00a0\u00a0\u00a0\u00a0\u00a0\u00a0\u00a0\u00a0\u00a0\u00a0\u00a0\u00a0\u00a0\u00a0\/\u00a0\u00a0\u00a0\u00a0\u00a0\u00a0S\u00c3O PAULO<br \/>\nREGIONAL\u00a0\u00a0\u00a0\u00a0\u00a0\u00a0\/\u00a0\u00a0\u00a0\u00a0 RIO DE JANEIRO<\/p>\n<p>&nbsp;<\/p>\n<h2 class=\"elementor-heading-title elementor-size-default\">ASSESSORES DE INVESTIMENTO<\/h2>\n<p>&nbsp;<\/p>\n<p>ESCRIT\u00d3RIO\u00a0\u00a0\u00a0\u00a0\u00a0\u00a0\u00a0\/\u00a0\u00a0\u00a0\u00a0S\u00c3O PAULO<br \/>\nESCRIT\u00d3RIO\u00a0\u00a0\u00a0\u00a0\u00a0\u00a0\/\u00a0\u00a0\u00a0\u00a0 PORTO ALEGRE<br \/>\nESCRIT\u00d3RIO\u00a0\u00a0\u00a0\u00a0\u00a0\u00a0\/\u00a0\u00a0\u00a0\u00a0 RIO DE JANEIRO<br \/>\nESCRIT\u00d3RIO\u00a0\u00a0\u00a0\u00a0\u00a0\u00a0\/\u00a0\u00a0\u00a0\u00a0\u00a0RIBEIR\u00c3O PRETO<br \/>\nESCRIT\u00d3RIO\u00a0\u00a0\u00a0\u00a0\u00a0\u00a0\/\u00a0\u00a0\u00a0\u00a0 CURITIBA<br \/>\nESCRIT\u00d3RIO\u00a0\u00a0\u00a0\u00a0\u00a0\u00a0\/\u00a0\u00a0\u00a0\u00a0 FORTALEZA<\/td>\n<\/tr>\n<\/tbody>\n<\/table>\n<p>&nbsp;<\/p>\n<h1 style=\"text-align: center\"><a href=\"https:\/\/www.andbank.com\/brasil\/atuar-com-disciplina\/\"><span style=\"color: #de0000\"><strong>VEJA COMO ALCAN\u00c7AR OS MELHORES RESULTADOS<\/strong><\/span><\/a><\/h1>\n<p>&nbsp;<\/p>\n<p><a href=\"https:\/\/www.andbank.com\/brasil\/seja-cliente\/\"><img loading=\"lazy\" decoding=\"async\" class=\"alignnone size-full wp-image-14169\" src=\"https:\/\/www.andbank.com\/brasil\/wp-content\/uploads\/sites\/11\/2023\/05\/7.jpg\" alt=\"\" width=\"1891\" height=\"210\" srcset=\"https:\/\/www.andbank.com\/brasil\/wp-content\/uploads\/sites\/11\/2023\/05\/7.jpg 1891w, https:\/\/www.andbank.com\/brasil\/wp-content\/uploads\/sites\/11\/2023\/05\/7-768x85.jpg 768w, https:\/\/www.andbank.com\/brasil\/wp-content\/uploads\/sites\/11\/2023\/05\/7-1536x171.jpg 1536w\" sizes=\"(max-width: 1891px) 100vw, 1891px\" \/><\/a><\/p>\n","protected":false},"excerpt":{"rendered":"<p>VALORES QUE SOMAM \u00c0 SUA VIS\u00c3O DE MUNDO &nbsp; Mesmo presentes em 11 pa\u00edses e conectados com diferentes culturas ao redor do mundo, n\u00e3o perdemos nossa ess\u00eancia private de ser. \u00c9 com este conceito que trabalhamos, diariamente, para oferecer estrat\u00e9gias e servi\u00e7os de gest\u00e3o de patrim\u00f4nio exclusivas para clientes globais dentro dos segmentos wealth e [&hellip;]<\/p>\n","protected":false},"author":14,"featured_media":14199,"parent":0,"menu_order":0,"comment_status":"closed","ping_status":"closed","template":"","meta":{"_acf_changed":false,"footnotes":""},"yst_prominent_words":[],"class_list":["post-14198","page","type-page","status-publish","has-post-thumbnail","hentry"],"acf":[],"_links":{"self":[{"href":"https:\/\/www.andbank.com\/brasil\/wp-json\/wp\/v2\/pages\/14198"}],"collection":[{"href":"https:\/\/www.andbank.com\/brasil\/wp-json\/wp\/v2\/pages"}],"about":[{"href":"https:\/\/www.andbank.com\/brasil\/wp-json\/wp\/v2\/types\/page"}],"author":[{"embeddable":true,"href":"https:\/\/www.andbank.com\/brasil\/wp-json\/wp\/v2\/users\/14"}],"replies":[{"embeddable":true,"href":"https:\/\/www.andbank.com\/brasil\/wp-json\/wp\/v2\/comments?post=14198"}],"version-history":[{"count":9,"href":"https:\/\/www.andbank.com\/brasil\/wp-json\/wp\/v2\/pages\/14198\/revisions"}],"predecessor-version":[{"id":14253,"href":"https:\/\/www.andbank.com\/brasil\/wp-json\/wp\/v2\/pages\/14198\/revisions\/14253"}],"wp:featuredmedia":[{"embeddable":true,"href":"https:\/\/www.andbank.com\/brasil\/wp-json\/wp\/v2\/media\/14199"}],"wp:attachment":[{"href":"https:\/\/www.andbank.com\/brasil\/wp-json\/wp\/v2\/media?parent=14198"}],"wp:term":[{"taxonomy":"yst_prominent_words","embeddable":true,"href":"https:\/\/www.andbank.com\/brasil\/wp-json\/wp\/v2\/yst_prominent_words?post=14198"}],"curies":[{"name":"wp","href":"https:\/\/api.w.org\/{rel}","templated":true}]}}