{"id":14946,"date":"2025-02-12T01:51:30","date_gmt":"2025-02-11T20:51:30","guid":{"rendered":"https:\/\/www.andbank.com\/brasil\/?page_id=14946"},"modified":"2025-02-12T01:51:30","modified_gmt":"2025-02-11T20:51:30","slug":"preco-medio","status":"publish","type":"page","link":"https:\/\/www.andbank.com\/brasil\/preco-medio\/","title":{"rendered":"Pre\u00e7o M\u00e9dio"},"content":{"rendered":"<h1>O que \u00e9 o Pre\u00e7o M\u00e9dio<\/h1>\n<p>&nbsp;<\/p>\n<p>O pre\u00e7o m\u00e9dio se caracteriza pela m\u00e9dia aritm\u00e9tica ponderada das opera\u00e7\u00f5es e eventos relacionados \u00e0 determinada a\u00e7\u00e3o desde a sua aquisi\u00e7\u00e3o ou transfer\u00eancia ao Andbank. Para se obter o Pre\u00e7o M\u00e9dio, deve-se somar todas as quantidades de a\u00e7\u00f5es envolvidos em cada opera\u00e7\u00e3o\/evento multiplicada pelo seu pre\u00e7o na ocasi\u00e3o e ent\u00e3o dividir o total pela quantidade total de a\u00e7\u00f5es:<\/p>\n<p><img loading=\"lazy\" decoding=\"async\" class=\"size-full wp-image-13435 aligncenter\" src=\"https:\/\/web.archive.org\/web\/20241102114952im_\/https:\/\/www.andbank.com\/brasil\/wp-content\/uploads\/sites\/11\/2021\/10\/PM.jpg\" alt=\"\" width=\"330\" height=\"68\" \/><\/p>\n<p>Onde Mp = m\u00e9dia aritm\u00e9tica ponderada \/ P1, P2, P3\u2026 = quantidade de a\u00e7\u00f5es em determinada opera\u00e7\u00e3o\/evento \/ X1, X2, X3\u2026 = pre\u00e7o da a\u00e7\u00e3o em determinada opera\u00e7\u00e3o\/evento<\/p>\n<p>&nbsp;<\/p>\n<h1>Para que serve o Pre\u00e7o M\u00e9dio<\/h1>\n<p>&nbsp;<\/p>\n<p>Ele traduz a m\u00e9dia do pre\u00e7o de aquisi\u00e7\u00e3o de a\u00e7\u00f5es e fundos imobili\u00e1rios considerando eventos ocorridos no decorrer da vida do papel, facilitando o calculo da rentabilidade na hora de tomar uma decis\u00e3o sobre a sua carteira.<\/p>\n<p>&nbsp;<\/p>\n<h1>O que \u00e9 considerado no Pre\u00e7o M\u00e9dio<\/h1>\n<p>&nbsp;<\/p>\n<h3><strong>Posi\u00e7\u00f5es Compradas<\/strong>\u00a0que afetam o c\u00e1lculo do Pre\u00e7o M\u00e9dio<\/h3>\n<p>Opera\u00e7\u00f5es que comp\u00f5em o custo da posi\u00e7\u00e3o (quando o investidor despende certo investimento para a constru\u00e7\u00e3o da carteira):<\/p>\n<ul>\n<li>Compras \u00e0 Vista, IPOs e Subscri\u00e7\u00f5es (nesses casos, para o c\u00e1lculo do Pre\u00e7o M\u00e9dio deve-se considerar o valor pago na opera\u00e7\u00e3o em si e n\u00e3o o valor de fechamento do dia em que a opera\u00e7\u00e3o ocorreu)<\/li>\n<li>Compras a Termo (deve-se incluir no valor da opera\u00e7\u00e3o a taxa a ser paga ao vendedor);<\/li>\n<li>Compras resultantes de Exerc\u00edcio de Op\u00e7\u00e3o (deve-se incluir no valor da opera\u00e7\u00e3o o direito negociado para a compra das a\u00e7\u00f5es);<\/li>\n<li>Transfer\u00eancia de Posi\u00e7\u00e3o \/ Cr\u00e9dito (para o pre\u00e7o m\u00e9dio, considera-se o pre\u00e7o do fechamento do dia anterior ao do recebimento da custodia)<\/li>\n<\/ul>\n<p>&nbsp;<\/p>\n<h3><strong>Posi\u00e7\u00f5es Compradas<\/strong>\u00a0que\u00a0<strong>N\u00c3O<\/strong>\u00a0afetam o c\u00e1lculo do Pre\u00e7o M\u00e9dio<\/h3>\n<p>Na modalidade de posi\u00e7\u00e3o comprada, s\u00e3o exclu\u00eddos do c\u00e1lculo do Pre\u00e7o M\u00e9dio quaisquer opera\u00e7\u00f5es de despesas (como corretagens, emolumentos, entre outros) ou que n\u00e3o gerem gastos ao cliente na constru\u00e7\u00e3o da carteira:<\/p>\n<ul>\n<li>Venda \u00e0 Vista;<\/li>\n<li>Venda \u00e0 Termo;<\/li>\n<li>Venda resultante de Exerc\u00edcio de Op\u00e7\u00e3o;<\/li>\n<li>Transfer\u00eancia de Posi\u00e7\u00e3o \/ D\u00e9bito (retirada de recursos para outra institui\u00e7\u00e3o);<\/li>\n<li>Despesas (taxas cobradas para remunerar o custo de servi\u00e7os prestados);<\/li>\n<li>Proventos em Dinheiro (benef\u00edcios distribu\u00eddos pelas empresas para os seus acionistas)<\/li>\n<\/ul>\n<p>&nbsp;<\/p>\n<h1><img loading=\"lazy\" decoding=\"async\" class=\"alignnone size-full wp-image-13451\" src=\"https:\/\/web.archive.org\/web\/20241102114952im_\/https:\/\/www.andbank.com\/brasil\/wp-content\/uploads\/sites\/11\/2021\/10\/Aumento.jpg\" alt=\"\" width=\"906\" height=\"259\" srcset=\"https:\/\/www.andbank.com\/brasil\/wp-content\/uploads\/sites\/11\/2021\/10\/Aumento.jpg 906w, https:\/\/www.andbank.com\/brasil\/wp-content\/uploads\/sites\/11\/2021\/10\/Aumento-768x220.jpg 768w\" sizes=\"(max-width: 906px) 100vw, 906px\" \/><\/h1>\n<p>&nbsp;<\/p>\n<p><img loading=\"lazy\" decoding=\"async\" class=\"alignnone size-full wp-image-13452\" src=\"https:\/\/web.archive.org\/web\/20241102114952im_\/https:\/\/www.andbank.com\/brasil\/wp-content\/uploads\/sites\/11\/2021\/10\/Reducao.jpg\" alt=\"\" width=\"906\" height=\"259\" srcset=\"https:\/\/www.andbank.com\/brasil\/wp-content\/uploads\/sites\/11\/2021\/10\/Reducao.jpg 906w, https:\/\/www.andbank.com\/brasil\/wp-content\/uploads\/sites\/11\/2021\/10\/Reducao-768x220.jpg 768w\" sizes=\"(max-width: 906px) 100vw, 906px\" \/><\/p>\n<p>&nbsp;<\/p>\n<h3><strong>Posi\u00e7\u00f5es Vendidas<\/strong>\u00a0que afetam o c\u00e1lculo do Pre\u00e7o M\u00e9dio<\/h3>\n<p>Posi\u00e7\u00f5es vendidas acontecem quando o cliente aposta na desvaloriza\u00e7\u00e3o de um ativo, vendendo-o por um valor j\u00e1 com o objetivo de ganhar com a compra da mesma a\u00e7\u00e3o quando estiver em queda (o cliente realiza o ganho definitivo na hora em que compra o ativo novamente). Nesse cen\u00e1rio as opera\u00e7\u00f5es de venda s\u00e3o inclu\u00eddas no c\u00e1lculo do Pre\u00e7o M\u00e9dio:<\/p>\n<ul>\n<li>Venda \u00e0 Vista;<\/li>\n<li>Venda \u00e0 Termo;<\/li>\n<li>Venda resultante de Exerc\u00edcio de Op\u00e7\u00e3o<\/li>\n<\/ul>\n<p>&nbsp;<\/p>\n<h3><strong>Posi\u00e7\u00f5es Vendidas<\/strong>\u00a0que\u00a0<strong>N\u00c3O<\/strong>\u00a0afetam o c\u00e1lculo do Pre\u00e7o M\u00e9dio<\/h3>\n<p>Diferente da posi\u00e7\u00e3o comprada, na posi\u00e7\u00e3o vendida as opera\u00e7\u00f5es de compra n\u00e3o devem afetar o calculo de pre\u00e7o m\u00e9dio, assim como as despesas e proventos:<\/p>\n<ul>\n<li>Compra \u00e0 Vista;<\/li>\n<li>Compra \u00e0 Termo;<\/li>\n<li>Compra resultante de Exerc\u00edcio de Op\u00e7\u00e3o;<\/li>\n<li>Transfer\u00eancia de Posi\u00e7\u00e3o;<\/li>\n<li>Day Trade;<\/li>\n<li>Despesas (corretagem, emolumentos, etc);<\/li>\n<li>Proventos em Dinheiro<\/li>\n<\/ul>\n<p>&nbsp;<\/p>\n<h3><strong>Grupamento<\/strong><\/h3>\n<p>O grupamento de a\u00e7\u00f5es tem por objetivo aumentar o valor da a\u00e7\u00e3o atrav\u00e9s do grupamento das mesmas. Em outras palavras, a empresa faz o grupamento de suas a\u00e7\u00f5es com o intuito de aumentar o pre\u00e7o de suas a\u00e7\u00f5es, para que elas sejam mais negociadas e ganhem mais liquidez e menor volatilidade. Nestes casos, para o c\u00e1lculo do Pre\u00e7o M\u00e9dio, deve-se multiplicar o pre\u00e7o m\u00e9dio da a\u00e7\u00e3o pela quantidade em que a a\u00e7\u00e3o foi dividida por conta do grupamento.<\/p>\n<p>Exemplo:\u00a0Uma empresa divulgou que suas a\u00e7\u00f5es ser\u00e3o agrupadas na propor\u00e7\u00e3o de 5 pra 1. Um cliente que possu\u00eda 100 a\u00e7\u00f5es dessa empresa com um pre\u00e7o m\u00e9dio de R$ 2,30 (total = R$ 230,00), ap\u00f3s o grupamento ter\u00e1:<\/p>\n<ul>\n<li>sua posi\u00e7\u00e3o dividida por 5, equivalente a (100\/5 =) 20 a\u00e7\u00f5es;<\/li>\n<li>e seu pre\u00e7o m\u00e9dio multiplicado por 5, ou (5* R$ 2,30 =) R$ 11,50;<\/li>\n<li>ou seja, na nova posi\u00e7\u00e3o ele ter\u00e1 20 a\u00e7\u00f5es ao pre\u00e7o m\u00e9dio de R$ 11,50;<\/li>\n<li>n\u00e3o alterando o total de sua posi\u00e7\u00e3o de R$ 230,00<\/li>\n<\/ul>\n<p>&nbsp;<\/p>\n<h3><strong>Desdobramento<\/strong><\/h3>\n<p>Um desdobramento consiste em dividir as a\u00e7\u00f5es existentes sem alterar o valor do investimento, tamb\u00e9m conhecido como \u201csplit\u201d. Esta opera\u00e7\u00e3o \u00e9 realizada quando a administra\u00e7\u00e3o da companhia acredita que deve aumentar a quantidade de pap\u00e9is em circula\u00e7\u00e3o no mercado para facilitar sua negocia\u00e7\u00e3o.\u00a0O c\u00e1lculo \u00e9 o inverso do grupamento multiplica a quantidade pelo fator e divide o pre\u00e7o.<\/p>\n<p>Exemplo:\u00a0Uma empresa divulgou que suas a\u00e7\u00f5es ser\u00e3o desdobradas na propor\u00e7\u00e3o de 1 pra 10. Um cliente que possu\u00eda 10 a\u00e7\u00f5es dessa empresa com um pre\u00e7o m\u00e9dio de R$ 23,00 (total = R$ 230,00),\u00a0 ap\u00f3s o desdobramento ter\u00e1:<\/p>\n<ul>\n<li>sua posi\u00e7\u00e3o multiplicada por 10 (1 a\u00e7\u00e3o equivaler\u00e1 10 a\u00e7\u00f5es);<\/li>\n<li>e seu pre\u00e7o m\u00e9dio dividido por 10 (R$ 23,00 dever\u00e1 ser dividido por 10);<\/li>\n<li>ou seja, na nova posi\u00e7\u00e3o ele ter\u00e1 100 a\u00e7\u00f5es ao pre\u00e7o m\u00e9dio de R$ 2,30;<\/li>\n<li>o total permanece igual a R$ 230,00<\/li>\n<\/ul>\n<p>&nbsp;<\/p>\n<h3><strong>Fus\u00e3o<\/strong><\/h3>\n<p>Uma fus\u00e3o consiste em uma opera\u00e7\u00e3o em que se unem duas ou mais sociedades para formar uma sociedade nova, que sucede direitos e obriga\u00e7\u00f5es, normalmente por meio de permuta de a\u00e7\u00f5es. Nestes casos, para o c\u00e1lculo do Pre\u00e7o m\u00e9dio deve-se somar os financeiros e dividi-lo pela nova quantidade de a\u00e7\u00f5es definidas no momento da fus\u00e3o.<\/p>\n<p>Exemplo:\u00a0A uni\u00e3o das duas empresas (<strong>A<\/strong>\u00a0e\u00a0<strong>B<\/strong>) formam uma nova empresa (<strong>C<\/strong>). No momento da fus\u00e3o, ficou definido que o detentor de 1 a\u00e7\u00e3o da empresa\u00a0<strong>A<\/strong>\u00a0receber\u00e1 2 novas a\u00e7\u00f5es da empresa\u00a0<strong>C<\/strong>\u00a0e quem detiver 1 a\u00e7\u00e3o da empresa\u00a0<strong>B<\/strong>\u00a0receber\u00e1 3 novas a\u00e7\u00f5es da empresa\u00a0<strong>C<\/strong>. Sendo assim:<\/p>\n<ul>\n<li>se o cliente possu\u00eda na carteira 200 a\u00e7\u00f5es da empresa\u00a0<strong>A<\/strong>\u00a0ao pre\u00e7o m\u00e9dio de R$ 12,30, que somam (total = 200*R$ 12,30 =) R$ 2.460,00;<\/li>\n<li>e 150 a\u00e7\u00f5es da empresa\u00a0<strong>B<\/strong>\u00a0ao pre\u00e7o m\u00e9dio de R$ 9,50, que somam (total = 150* R$ 9,50 =) R$ 1.425,00;<\/li>\n<li>ele teria um financeiro total na carteira de (R$ 2.460,00 + R$ 1.425,00 = ) R$ 3.884,50;<\/li>\n<li>ap\u00f3s a fus\u00e3o ele passar\u00e1 a ter (200 a\u00e7\u00f5es A*2) + (150 a\u00e7\u00f5es B*3) = 850 novas a\u00e7\u00f5es da empresa\u00a0<strong>C;<\/strong><\/li>\n<li>para o c\u00e1lculo do Pre\u00e7o M\u00e9dio, soma-se o financeiro original (R$ 2.460,00 + R$ 1.425,00 = R$ 3.884,50) e o divide pela quantidade de novas a\u00e7\u00f5es (850 novas a\u00e7\u00f5es da empresa\u00a0<strong>C<\/strong>) =\u00a0 ( 3.884,50\/850 =) R$ 4,57;<\/li>\n<li>dessa forma, o total da posi\u00e7\u00e3o permanecer\u00e1 o mesmo \u00a0(850* R$ 4,57 = )R$ 3.884,50<\/li>\n<\/ul>\n<p>&nbsp;<\/p>\n<h3><strong>Cis\u00e3o<\/strong><\/h3>\n<p>A cis\u00e3o \u00e9 a opera\u00e7\u00e3o pela qual a companhia transfere parcelas do seu patrim\u00f4nio para uma ou mais sociedades constitu\u00eddas para esse fim ou j\u00e1 existentes, extinguindo-se a companhia cindida ou dividindo-se o seu capital. Assim como nos casos de fus\u00f5es, n\u00e3o h\u00e1 uma regra \u00fanica para todas as opera\u00e7\u00f5es de cis\u00e3o, sendo cada caso definido conforme decidido nas respectivas assembleias. Nesse sentido, vamos dar um exemplo simples de cis\u00e3o onde uma empresa se divide em duas, formando uma nova empresa e mantendo a original.<\/p>\n<p>Exemplo:\u00a0Em assembleia, a empresa\u00a0<strong>A<\/strong>\u00a0decide criar uma empresa\u00a0<strong>B<\/strong>\u00a0com parte do seu capital social. Ficou definido que o detentor de 1 a\u00e7\u00e3o da empresa\u00a0<strong>A<\/strong>\u00a0receber\u00e1 1 nova a\u00e7\u00e3o da empresa\u00a0<strong>B<\/strong>\u00a0correspondente a 50% do seu capital social [ou seja, ap\u00f3s a cis\u00e3o, para cada 1 a\u00e7\u00e3o\u00a0<strong>A<\/strong>\u00a0o acionista receber\u00e1 1 a\u00e7\u00e3o\u00a0<strong>B<\/strong>\u00a0onde cada a\u00e7\u00e3o (<strong>A<\/strong>\u00a0e\u00a0<strong>B<\/strong>) ter\u00e1 pre\u00e7o equivalente a 50% do pre\u00e7o original]. Dessa forma:<\/p>\n<ul>\n<li>se um cliente possui 200 a\u00e7\u00f5es da empresa\u00a0<strong>A<\/strong>\u00a0ao pre\u00e7o m\u00e9dio de R$ 12,30 (total = R$ 2.460,00), essas a\u00e7\u00f5es passar\u00e3o a valer 50% do seu valor (200 * R$ 6,15 =) R$ 1.230,00;<\/li>\n<li>ele receber\u00e1 mais 200 a\u00e7\u00f5es da empresa\u00a0<strong>B<\/strong>\u00a0ao pre\u00e7o m\u00e9dio de R$ 6,15 (total = 200 *\u00a0 R$ 6,15 =) 1.230,00 ;<\/li>\n<li>o cliente permanecer\u00e1 assim com o total original de R$ 2.460,00<\/li>\n<\/ul>\n<p>&nbsp;<\/p>\n<h3><strong>Incorpora\u00e7\u00e3o<\/strong><\/h3>\n<p>A incorpora\u00e7\u00e3o \u00e9 a opera\u00e7\u00e3o pela qual uma ou mais sociedades s\u00e3o absorvidas por outra, que lhes sucede em todos os direitos e obriga\u00e7\u00f5es (artigo 227 da Lei 6.404\/1976). Na incorpora\u00e7\u00e3o a sociedade incorporada deixa de existir, mas a empresa incorporadora continuar\u00e1 com a sua personalidade jur\u00eddica. Cada incorpora\u00e7\u00e3o \u00e9 realizada conforme decidido em assembleia e as propor\u00e7\u00f5es s\u00e3o s\u00e3o definidas caso a caso. Assim, abaixo exemplificamos uma situa\u00e7\u00e3o onde uma empresa incorpora outra.<\/p>\n<p>Exemplo:\u00a0Na incorpora\u00e7\u00e3o da empresa\u00a0<strong>B<\/strong>\u00a0pela empresa\u00a0<strong>A<\/strong>, fica decidido em assembleia que o detentor de cada 10 a\u00e7\u00f5es da empresa\u00a0<strong>B<\/strong>\u00a0receber\u00e1 2 novas a\u00e7\u00f5es da empresa\u00a0<strong>A<\/strong>\u00a0. Ou seja, nessa equa\u00e7\u00e3o, cada a\u00e7\u00e3o da empresa\u00a0<strong>B<\/strong>\u00a0equivale a 1\/5 da empresa\u00a0<strong>A<\/strong>\u00a0e\u00a0 cada a\u00e7\u00e3o da empresa\u00a0<strong>A<\/strong>\u00a0equivale a 5 vezes o valor da a\u00e7\u00e3o da empresa\u00a0\u00a0<strong>B<\/strong>. Portanto:<\/p>\n<ul>\n<li>se um cliente possui 150 a\u00e7\u00f5es da empresa\u00a0<strong>B<\/strong>\u00a0ao pre\u00e7o m\u00e9dio de R$ 9,50 (total = R$ 1.425,00);<\/li>\n<li>ap\u00f3s a incorpora\u00e7\u00e3o ele passar\u00e1 a deter (150\/5 =) 30 a\u00e7\u00f5es da empresa\u00a0<strong>A;<\/strong><\/li>\n<li>ao pre\u00e7o m\u00e9dio igual a (5 * R$ 9,50 =) R$ 47,50.<\/li>\n<li>mantendo o total da sua posi\u00e7\u00e3o em (30* R$ 47,50 =) R$ 1.425,00<\/li>\n<\/ul>\n<p>&nbsp;<\/p>\n<h3><strong>Bonifica\u00e7\u00e3o<\/strong><\/h3>\n<p>No mercado acion\u00e1rio a bonifica\u00e7\u00e3o de a\u00e7\u00f5es \u00e9 tida como uma forma de uma empresa retornar valor aos seus acionistas. Isso porque, diferentemente do pagamento de dividendos \u2013 que possui obrigatoriedade prevista em lei \u2013 a bonifica\u00e7\u00e3o \u00e9 um ato volunt\u00e1rio da companhia, sem muitas regras definidas.<\/p>\n<p>Exemplo:\u00a0Dessa forma, se uma empresa anunciou uma bonifica\u00e7\u00e3o onde cada acionista que possua 10 a\u00e7\u00f5es ir\u00e1 receber 1 nova a\u00e7\u00e3o, um acionista com 100 a\u00e7\u00f5es ao pre\u00e7o m\u00e9dio de R$ 12,00 (total = R$ 1.200,00) possuir\u00e1, ap\u00f3s a bonifica\u00e7\u00e3o:<\/p>\n<ul>\n<li>110 a\u00e7\u00f5es (100 a\u00e7\u00f5es + 100\/10);<\/li>\n<li>a um pre\u00e7o m\u00e9dio de R$ 10,91 (R$ 1.200,00\/110)<\/li>\n<li>totalizando na sua carteira o mesmo total anterior de R$ 1.200,00<\/li>\n<\/ul>\n<p>&nbsp;<\/p>\n<h1>Quando \u00e9 atualizado o Pre\u00e7o M\u00e9dio das minhas a\u00e7\u00f5es<\/h1>\n<p>&nbsp;<\/p>\n<p>O pre\u00e7o m\u00e9dio \u00e9 atualizado ap\u00f3s a liquida\u00e7\u00e3o f\u00edsica de eventos corporativos e ap\u00f3s o fechamento de cada preg\u00e3o. Dessa forma, para eventos corporativos e ofertas p\u00fablicas, o pre\u00e7o m\u00e9dio ser\u00e1 atualizado no intraday ap\u00f3s a liquida\u00e7\u00e3o f\u00edsica do evento, ou, para opera\u00e7\u00f5es em preg\u00e3o e transfer\u00eancias de posi\u00e7\u00e3o, ser\u00e1 atualizado na virada do dia.<\/p>\n<p>&nbsp;<\/p>\n<h1>O Pre\u00e7o M\u00e9dio pode ser utilizado para fins de Declara\u00e7\u00e3o de Imposto de Renda<\/h1>\n<p>&nbsp;<\/p>\n<p>N\u00e3o. O pre\u00e7o m\u00e9dio \u00e9 uma informa\u00e7\u00e3o gerencial e n\u00e3o deve ser utilizado para fins de Declara\u00e7\u00e3o de Imposto de Renda. Cabe a cada investidor verificar todas as opera\u00e7\u00f5es realizadas durante o m\u00eas por meio das Notas de Corretagem e realizar o controle mensal de ganho de capital, bem como o pagamento do imposto devido, se aplic\u00e1vel. O mesmo racional \u00e9 aplicado para posi\u00e7\u00f5es em Fundos Imobili\u00e1rios, Fundos de Investimento em Participa\u00e7\u00f5es e ETF\u2019s.<\/p>\n","protected":false},"excerpt":{"rendered":"<p>O que \u00e9 o Pre\u00e7o M\u00e9dio &nbsp; O pre\u00e7o m\u00e9dio se caracteriza pela m\u00e9dia aritm\u00e9tica ponderada das opera\u00e7\u00f5es e eventos relacionados \u00e0 determinada a\u00e7\u00e3o desde a sua aquisi\u00e7\u00e3o ou transfer\u00eancia ao Andbank. Para se obter o Pre\u00e7o M\u00e9dio, deve-se somar todas as quantidades de a\u00e7\u00f5es envolvidos em cada opera\u00e7\u00e3o\/evento multiplicada pelo seu pre\u00e7o na ocasi\u00e3o [&hellip;]<\/p>\n","protected":false},"author":34,"featured_media":0,"parent":0,"menu_order":0,"comment_status":"closed","ping_status":"closed","template":"","meta":{"_acf_changed":false,"footnotes":""},"yst_prominent_words":[],"class_list":["post-14946","page","type-page","status-publish","hentry"],"acf":[],"_links":{"self":[{"href":"https:\/\/www.andbank.com\/brasil\/wp-json\/wp\/v2\/pages\/14946"}],"collection":[{"href":"https:\/\/www.andbank.com\/brasil\/wp-json\/wp\/v2\/pages"}],"about":[{"href":"https:\/\/www.andbank.com\/brasil\/wp-json\/wp\/v2\/types\/page"}],"author":[{"embeddable":true,"href":"https:\/\/www.andbank.com\/brasil\/wp-json\/wp\/v2\/users\/34"}],"replies":[{"embeddable":true,"href":"https:\/\/www.andbank.com\/brasil\/wp-json\/wp\/v2\/comments?post=14946"}],"version-history":[{"count":1,"href":"https:\/\/www.andbank.com\/brasil\/wp-json\/wp\/v2\/pages\/14946\/revisions"}],"predecessor-version":[{"id":14947,"href":"https:\/\/www.andbank.com\/brasil\/wp-json\/wp\/v2\/pages\/14946\/revisions\/14947"}],"wp:attachment":[{"href":"https:\/\/www.andbank.com\/brasil\/wp-json\/wp\/v2\/media?parent=14946"}],"wp:term":[{"taxonomy":"yst_prominent_words","embeddable":true,"href":"https:\/\/www.andbank.com\/brasil\/wp-json\/wp\/v2\/yst_prominent_words?post=14946"}],"curies":[{"name":"wp","href":"https:\/\/api.w.org\/{rel}","templated":true}]}}