{"id":15001,"date":"2025-06-24T23:25:26","date_gmt":"2025-06-24T18:25:26","guid":{"rendered":"https:\/\/www.andbank.com\/brasil\/?page_id=15001"},"modified":"2025-06-24T23:39:56","modified_gmt":"2025-06-24T18:39:56","slug":"asset","status":"publish","type":"page","link":"https:\/\/www.andbank.com\/brasil\/asset\/","title":{"rendered":"Asset"},"content":{"rendered":"<h5>*A institui\u00e7\u00e3o \u00e9 remunerada pela distribui\u00e7\u00e3o do produto. Para maiores detalhes, consulte as informa\u00e7\u00f5es dispon\u00edvel em <a href=\"https:\/\/www.andbank.com\/brasil\/politica-remuneracao-pela-distribuicao-produtos-investimentos\/\">POL\u00cdTICA DE REMUNERA\u00c7\u00c3O PELA DISTRIBUI\u00c7\u00c3O DE PRODUTOS DE INVESTIMENTOS<\/a><\/h5>\n","protected":false},"excerpt":{"rendered":"<p>Esta lista contempla os principais produtos financeiros para investidores. Para saber qual \u00e9 o seu perfil de investimento, fale com nossos especialistas.<\/p>\n","protected":false},"author":34,"featured_media":179,"parent":0,"menu_order":8,"comment_status":"closed","ping_status":"closed","template":"template-distributor.php","meta":{"_acf_changed":false,"footnotes":""},"yst_prominent_words":[],"class_list":["post-15001","page","type-page","status-publish","has-post-thumbnail","hentry"],"acf":[],"_links":{"self":[{"href":"https:\/\/www.andbank.com\/brasil\/wp-json\/wp\/v2\/pages\/15001"}],"collection":[{"href":"https:\/\/www.andbank.com\/brasil\/wp-json\/wp\/v2\/pages"}],"about":[{"href":"https:\/\/www.andbank.com\/brasil\/wp-json\/wp\/v2\/types\/page"}],"author":[{"embeddable":true,"href":"https:\/\/www.andbank.com\/brasil\/wp-json\/wp\/v2\/users\/34"}],"replies":[{"embeddable":true,"href":"https:\/\/www.andbank.com\/brasil\/wp-json\/wp\/v2\/comments?post=15001"}],"version-history":[{"count":2,"href":"https:\/\/www.andbank.com\/brasil\/wp-json\/wp\/v2\/pages\/15001\/revisions"}],"predecessor-version":[{"id":15010,"href":"https:\/\/www.andbank.com\/brasil\/wp-json\/wp\/v2\/pages\/15001\/revisions\/15010"}],"wp:featuredmedia":[{"embeddable":true,"href":"https:\/\/www.andbank.com\/brasil\/wp-json\/wp\/v2\/media\/179"}],"wp:attachment":[{"href":"https:\/\/www.andbank.com\/brasil\/wp-json\/wp\/v2\/media?parent=15001"}],"wp:term":[{"taxonomy":"yst_prominent_words","embeddable":true,"href":"https:\/\/www.andbank.com\/brasil\/wp-json\/wp\/v2\/yst_prominent_words?post=15001"}],"curies":[{"name":"wp","href":"https:\/\/api.w.org\/{rel}","templated":true}]}}